{"id":1248,"date":"2024-01-08T21:20:55","date_gmt":"2024-01-09T00:20:55","guid":{"rendered":"http:\/\/bluerabbitech.com\/?page_id=1248"},"modified":"2024-01-08T21:20:55","modified_gmt":"2024-01-09T00:20:55","slug":"politica-de-privacidade","status":"publish","type":"page","link":"https:\/\/bluerabbitech.com\/ar\/politica-de-privacidade\/","title":{"rendered":"\u0633\u064a\u0627\u0633\u0629 \u0627\u0644\u062e\u0635\u0648\u0635\u064a\u0629"},"content":{"rendered":"<p><strong>\u0645\u0627 \u0647\u064a \u0645\u0644\u0641\u0627\u062a \u062a\u0639\u0631\u064a\u0641 \u0627\u0644\u0627\u0631\u062a\u0628\u0627\u0637\u061f<\/strong> \u0641\u064a BlueRabbitTech\u060c \u0646\u0633\u062a\u062e\u062f\u0645 \u0645\u0644\u0641\u0627\u062a \u062a\u0639\u0631\u064a\u0641 \u0627\u0644\u0627\u0631\u062a\u0628\u0627\u0637 \u2013 \u0648\u0647\u064a \u0645\u0644\u0641\u0627\u062a \u0635\u063a\u064a\u0631\u0629 \u062a\u0639\u0645\u0644 \u0639\u0644\u0649 \u062a\u062d\u0633\u064a\u0646 \u062a\u062c\u0631\u0628\u0629 \u0627\u0644\u062a\u0635\u0641\u062d \u0639\u0644\u0649 \u0645\u0648\u0642\u0639\u0646\u0627. \u064a\u0648\u0636\u062d \u0647\u0630\u0627 \u0627\u0644\u0642\u0633\u0645 \u062f\u0648\u0631 \u0645\u0644\u0641\u0627\u062a \u062a\u0639\u0631\u064a\u0641 \u0627\u0644\u0627\u0631\u062a\u0628\u0627\u0637 \u0648\u0643\u064a\u0641 \u0646\u0633\u062a\u062e\u062f\u0645\u0647\u0627 \u0648\u0644\u0645\u0627\u0630\u0627 \u062a\u0643\u0648\u0646 \u0636\u0631\u0648\u0631\u064a\u0629 \u0641\u064a \u0628\u0639\u0636 \u0627\u0644\u0623\u062d\u064a\u0627\u0646. \u0648\u0633\u0646\u0642\u0648\u0645 \u0623\u064a\u0636\u064b\u0627 \u0628\u062a\u0641\u0635\u064a\u0644 \u0643\u064a\u0641\u064a\u0629 \u0645\u0646\u0639 \u062a\u062e\u0632\u064a\u0646 \u0645\u0644\u0641\u0627\u062a \u062a\u0639\u0631\u064a\u0641 \u0627\u0644\u0627\u0631\u062a\u0628\u0627\u0637 \u0647\u0630\u0647\u060c \u0645\u0645\u0627 \u0642\u062f \u064a\u0624\u062b\u0631 \u0639\u0644\u0649 \u0648\u0638\u0627\u0626\u0641 \u0627\u0644\u0645\u0648\u0642\u0639.<\/p>\n<p><strong>\u0627\u0633\u062a\u062e\u062f\u0627\u0645 \u0645\u0644\u0641\u0627\u062a \u062a\u0639\u0631\u064a\u0641 \u0627\u0644\u0627\u0631\u062a\u0628\u0627\u0637<\/strong> \u0646\u062d\u0646 \u0646\u0633\u062a\u062e\u062f\u0645 \u0645\u0644\u0641\u0627\u062a \u062a\u0639\u0631\u064a\u0641 \u0627\u0644\u0627\u0631\u062a\u0628\u0627\u0637 \u0644\u0623\u0633\u0628\u0627\u0628 \u0645\u062e\u062a\u0644\u0641\u0629\u060c \u0633\u0646\u0634\u0631\u062d\u0647\u0627 \u0623\u062f\u0646\u0627\u0647. \u0639\u0627\u062f\u0629\u064b\u060c \u064a\u0645\u0643\u0646 \u0623\u0646 \u064a\u0624\u062b\u0631 \u062a\u0639\u0637\u064a\u0644 \u0645\u0644\u0641\u0627\u062a \u062a\u0639\u0631\u064a\u0641 \u0627\u0644\u0627\u0631\u062a\u0628\u0627\u0637 \u0639\u0644\u0649 \u0648\u0638\u0627\u0626\u0641 \u0645\u0648\u0642\u0639 \u0627\u0644\u0648\u064a\u0628\u060c \u0644\u0630\u0644\u0643 \u0646\u0648\u0635\u064a \u0628\u0625\u0628\u0642\u0627\u0626\u0647\u0627 \u0645\u0645\u0643\u0651\u0646\u0629.<\/p>\n<p><strong>\u0643\u064a\u0641\u064a\u0629 \u062a\u0639\u0637\u064a\u0644 \u0645\u0644\u0641\u0627\u062a \u062a\u0639\u0631\u064a\u0641 \u0627\u0644\u0627\u0631\u062a\u0628\u0627\u0637<\/strong> \u064a\u0645\u0643\u0646\u0643 \u0645\u0646\u0639 \u0625\u0639\u062f\u0627\u062f \u0645\u0644\u0641\u0627\u062a \u062a\u0639\u0631\u064a\u0641 \u0627\u0644\u0627\u0631\u062a\u0628\u0627\u0637 \u0639\u0646 \u0637\u0631\u064a\u0642 \u0636\u0628\u0637 \u0625\u0639\u062f\u0627\u062f\u0627\u062a \u0627\u0644\u0645\u062a\u0635\u0641\u062d \u0627\u0644\u062e\u0627\u0635 \u0628\u0643. \u0648\u0645\u0639 \u0630\u0644\u0643\u060c \u064a\u0631\u062c\u0649 \u0627\u0644\u0623\u062e\u0630 \u0641\u064a \u0627\u0644\u0627\u0639\u062a\u0628\u0627\u0631 \u0623\u0646 \u062a\u0639\u0637\u064a\u0644 \u0645\u0644\u0641\u0627\u062a \u062a\u0639\u0631\u064a\u0641 \u0627\u0644\u0627\u0631\u062a\u0628\u0627\u0637 \u0642\u062f \u064a\u062d\u062f \u0645\u0646 \u0648\u0638\u0627\u0626\u0641 \u0645\u0648\u0627\u0642\u0639\u0646\u0627 \u0627\u0644\u0625\u0644\u0643\u062a\u0631\u0648\u0646\u064a\u0629 \u0648\u0645\u0648\u0627\u0642\u0639 \u0627\u0644\u0648\u064a\u0628 \u0627\u0644\u0623\u062e\u0631\u0649.<\/p>\n<p><strong>\u0645\u0644\u0641\u0627\u062a \u062a\u0639\u0631\u064a\u0641 \u0627\u0644\u0627\u0631\u062a\u0628\u0627\u0637 \u0627\u0644\u062a\u064a \u0646\u0633\u062a\u062e\u062f\u0645\u0647\u0627<\/strong><\/p>\n<ol>\n<li><strong>\u0645\u0644\u0641\u0627\u062a \u062a\u0639\u0631\u064a\u0641 \u0627\u0644\u0627\u0631\u062a\u0628\u0627\u0637 \u0644\u062a\u0643\u0648\u064a\u0646 \u0627\u0644\u0645\u0648\u0642\u0639<\/strong>: \u0646\u062d\u0646 \u0646\u0633\u062a\u062e\u062f\u0645 \u0645\u0644\u0641\u0627\u062a \u062a\u0639\u0631\u064a\u0641 \u0627\u0644\u0627\u0631\u062a\u0628\u0627\u0637 \u0644\u062a\u062e\u0635\u064a\u0635 \u062a\u062c\u0631\u0628\u062a\u0643 \u0645\u0646 \u062e\u0644\u0627\u0644 \u062a\u0630\u0643\u0631 \u062a\u0641\u0636\u064a\u0644\u0627\u062a\u0643 \u0644\u0644\u0632\u064a\u0627\u0631\u0627\u062a \u0627\u0644\u0645\u0633\u062a\u0642\u0628\u0644\u064a\u0629.<\/li>\n<li><strong>\u0645\u0644\u0641\u0627\u062a \u062a\u0639\u0631\u064a\u0641 \u0627\u0644\u0627\u0631\u062a\u0628\u0627\u0637 \u0627\u0644\u062e\u0627\u0635\u0629 \u0628\u0627\u0644\u0634\u0631\u0643\u0627\u0621<\/strong>: \u0646\u062d\u0646 \u0646\u0633\u062a\u062e\u062f\u0645 \u0645\u0644\u0641\u0627\u062a \u062a\u0639\u0631\u064a\u0641 \u0627\u0644\u0627\u0631\u062a\u0628\u0627\u0637 \u0627\u0644\u0634\u0631\u064a\u0643\u0629 \u0641\u064a \u0645\u0648\u0627\u0642\u0641 \u0645\u0639\u064a\u0646\u0629. \u0633\u064a\u062a\u0645 \u062a\u0648\u0641\u064a\u0631 \u0627\u0644\u062a\u0641\u0627\u0635\u064a\u0644 \u062d\u0648\u0644 \u0645\u0644\u0641\u0627\u062a \u062a\u0639\u0631\u064a\u0641 \u0627\u0644\u0627\u0631\u062a\u0628\u0627\u0637 \u0647\u0630\u0647 \u0623\u062f\u0646\u0627\u0647.<\/li>\n<li><strong>\u062a\u062d\u0644\u064a\u0644\u0627\u062a \u062c\u0648\u062c\u0644<\/strong>: \u0644\u062a\u062d\u0644\u064a\u0644 \u062a\u0641\u0627\u0639\u0644 \u0627\u0644\u0645\u0633\u062a\u062e\u062f\u0645 \u0645\u0639 \u0645\u0648\u0642\u0639\u0646\u0627\u060c \u0646\u0633\u062a\u062e\u062f\u0645 Google Analytics\u060c \u0627\u0644\u0630\u064a \u064a\u062c\u0645\u0639 \u0627\u0644\u0628\u064a\u0627\u0646\u0627\u062a \u0645\u062b\u0644 \u0645\u062f\u0629 \u0627\u0644\u0632\u064a\u0627\u0631\u0629 \u0648\u0627\u0644\u0635\u0641\u062d\u0627\u062a \u0627\u0644\u062a\u064a \u062a\u0645\u062a \u0632\u064a\u0627\u0631\u062a\u0647\u0627.<\/li>\n<li><strong>\u062c\u0648\u062c\u0644 \u0627\u062f\u0633\u0646\u0633<\/strong>: \u0628\u0627\u0644\u0646\u0633\u0628\u0629 \u0644\u0644\u0625\u0639\u0644\u0627\u0646\u0627\u062a\u060c \u0646\u0633\u062a\u062e\u062f\u0645 AdSense\u060c \u0627\u0644\u0630\u064a \u064a\u0633\u062a\u062e\u062f\u0645 \u0645\u0644\u0641 \u062a\u0639\u0631\u064a\u0641 \u0627\u0644\u0627\u0631\u062a\u0628\u0627\u0637 DoubleClick \u0644\u0639\u0631\u0636 \u0627\u0644\u0625\u0639\u0644\u0627\u0646\u0627\u062a \u0630\u0627\u062a \u0627\u0644\u0635\u0644\u0629 \u0648\u0627\u0644\u062a\u062d\u0643\u0645 \u0641\u064a \u0639\u062f\u062f \u0645\u0631\u0627\u062a \u0638\u0647\u0648\u0631 \u0625\u0639\u0644\u0627\u0646 \u0645\u0639\u064a\u0646.<\/li>\n<\/ol>\n<p><strong>\u0645\u0639\u0644\u0648\u0645\u0627\u062a \u0625\u0636\u0627\u0641\u064a\u0629<\/strong> \u0646\u0623\u0645\u0644 \u0623\u0646 \u062a\u0633\u0627\u0639\u062f\u0643 \u0647\u0630\u0647 \u0627\u0644\u0645\u0639\u0644\u0648\u0645\u0627\u062a \u0639\u0644\u0649 \u0641\u0647\u0645 \u0633\u064a\u0627\u0633\u0629 \u0645\u0644\u0641\u0627\u062a \u062a\u0639\u0631\u064a\u0641 \u0627\u0644\u0627\u0631\u062a\u0628\u0627\u0637 \u0627\u0644\u062e\u0627\u0635\u0629 \u0628\u0646\u0627. \u064a\u0648\u0635\u0649 \u0628\u0625\u0628\u0642\u0627\u0621 \u0645\u0644\u0641\u0627\u062a \u062a\u0639\u0631\u064a\u0641 \u0627\u0644\u0627\u0631\u062a\u0628\u0627\u0637 \u0646\u0634\u0637\u0629 \u0644\u0644\u062d\u0635\u0648\u0644 \u0639\u0644\u0649 \u0623\u0641\u0636\u0644 \u062a\u062c\u0631\u0628\u0629 \u0644\u0645\u0648\u0642\u0639 \u0627\u0644\u0648\u064a\u0628. \u0644\u0645\u0632\u064a\u062f \u0645\u0646 \u0627\u0644\u062a\u0648\u0636\u064a\u062d\u060c \u064a\u0631\u062c\u0649 \u0627\u0644\u0627\u062a\u0635\u0627\u0644 \u0628\u0646\u0627 \u0639\u0644\u0649: <a target=\"_new\" rel=\"noopener\">contato@bluerabbitech.com<\/a>.<\/p>","protected":false},"excerpt":{"rendered":"<p>O que s\u00e3o Cookies? No BlueRabbitTech, usamos cookies &#8211; pequenos arquivos que aprimoram sua experi\u00eancia de navega\u00e7\u00e3o em nosso site. Esta se\u00e7\u00e3o esclarece o papel&#8230;<\/p>","protected":false},"author":1,"featured_media":0,"parent":0,"menu_order":0,"comment_status":"closed","ping_status":"closed","template":"","meta":{"footnotes":""},"class_list":["post-1248","page","type-page","status-publish","hentry"],"_links":{"self":[{"href":"https:\/\/bluerabbitech.com\/ar\/wp-json\/wp\/v2\/pages\/1248","targetHints":{"allow":["GET"]}}],"collection":[{"href":"https:\/\/bluerabbitech.com\/ar\/wp-json\/wp\/v2\/pages"}],"about":[{"href":"https:\/\/bluerabbitech.com\/ar\/wp-json\/wp\/v2\/types\/page"}],"author":[{"embeddable":true,"href":"https:\/\/bluerabbitech.com\/ar\/wp-json\/wp\/v2\/users\/1"}],"replies":[{"embeddable":true,"href":"https:\/\/bluerabbitech.com\/ar\/wp-json\/wp\/v2\/comments?post=1248"}],"version-history":[{"count":1,"href":"https:\/\/bluerabbitech.com\/ar\/wp-json\/wp\/v2\/pages\/1248\/revisions"}],"predecessor-version":[{"id":1249,"href":"https:\/\/bluerabbitech.com\/ar\/wp-json\/wp\/v2\/pages\/1248\/revisions\/1249"}],"wp:attachment":[{"href":"https:\/\/bluerabbitech.com\/ar\/wp-json\/wp\/v2\/media?parent=1248"}],"curies":[{"name":"wp","href":"https:\/\/api.w.org\/{rel}","templated":true}]}}