{"id":2675,"date":"2025-03-04T21:11:47","date_gmt":"2025-03-05T00:11:47","guid":{"rendered":"http:\/\/bluerabbitech.com\/?page_id=2675"},"modified":"2025-03-04T21:31:38","modified_gmt":"2025-03-05T00:31:38","slug":"voce-e-fa-de-gran-hermano-descubra-como-acompanhar-cada-momento","status":"publish","type":"page","link":"https:\/\/bluerabbitech.com\/ar\/voce-e-fa-de-gran-hermano-descubra-como-acompanhar-cada-momento\/","title":{"rendered":"\u0647\u0644 \u0623\u0646\u062a \u0645\u0646 \u0645\u062d\u0628\u064a \u063a\u0631\u0627\u0646 \u0647\u064a\u0631\u0645\u0627\u0646\u0648\u061f \u0627\u0643\u062a\u0634\u0641 \u0643\u064a\u0641\u064a\u0629 \u062a\u062a\u0628\u0639 \u0643\u0644 \u0644\u062d\u0638\u0629!"},"content":{"rendered":"<p data-pm-slice=\"1 1 []\">\u0625\u0630\u0627 \u0643\u0646\u062a \u0634\u063a\u0648\u0641\u064b\u0627 \u0628\u0628\u0631\u0627\u0645\u062c \u062a\u0644\u0641\u0632\u064a\u0648\u0646 \u0627\u0644\u0648\u0627\u0642\u0639\u060c \u0641\u0623\u0646\u062a \u062a\u0639\u0644\u0645 \u0623\u0646 <strong>\u0627\u0644\u0623\u062e \u0627\u0644\u0623\u0643\u0628\u0631<\/strong> \u0647\u064a \u0648\u0627\u062d\u062f\u0629 \u0645\u0646 \u0627\u0644\u0645\u0633\u0627\u0628\u0642\u0627\u062a \u0627\u0644\u0623\u0643\u062b\u0631 \u0625\u062b\u0627\u0631\u0629 \u0639\u0644\u0649 \u0634\u0627\u0634\u0629 \u0627\u0644\u062a\u0644\u0641\u0632\u064a\u0648\u0646! \u0645\u0646 \u062e\u0644\u0627\u0644 \u0627\u0644\u0627\u0633\u062a\u0631\u0627\u062a\u064a\u062c\u064a\u0627\u062a \u0648\u0627\u0644\u0625\u0642\u0635\u0627\u0621\u0627\u062a \u063a\u064a\u0631 \u0627\u0644\u0645\u062a\u0648\u0642\u0639\u0629 \u0648\u0627\u0644\u062f\u064a\u0646\u0627\u0645\u064a\u0643\u064a\u0627\u062a \u0627\u0644\u062c\u0630\u0627\u0628\u0629\u060c \u064a\u062d\u0627\u0641\u0638 \u0627\u0644\u0639\u0631\u0636 \u0639\u0644\u0649 \u0628\u0642\u0627\u0621 \u0627\u0644\u0645\u0639\u062c\u0628\u064a\u0646 \u0645\u0644\u062a\u0635\u0642\u064a\u0646 \u0628\u0627\u0644\u0634\u0627\u0634\u0629\u060c \u0645\u062a\u0634\u0648\u0642\u064a\u0646 \u0644\u0645\u0639\u0631\u0641\u0629 \u0645\u0646 \u0633\u064a\u0643\u0648\u0646 \u0627\u0644\u0641\u0627\u0626\u0632 \u0627\u0644\u0623\u0643\u0628\u0631.<\/p>\n<p data-pm-slice=\"1 1 []\"><a href=\"http:\/\/bluerabbitech.com\/es\/aplicativo-para-assistir-ao-gran-hermano\/\" class=\"epcl-shortcode epcl-button fluid gradient red\" target=\"_self\" >\u062a\u0637\u0628\u064a\u0642 \u0644\u0645\u0634\u0627\u0647\u062f\u0629 Gran Hermano LIVE <\/a>\n<p data-pm-slice=\"1 1 []\"><a href=\"http:\/\/bluerabbitech.com\/es\/2647-2\/\" class=\"epcl-shortcode epcl-button fluid gradient red\" target=\"_self\" >\u0627\u062a\u0628\u0639 \u0627\u0644\u0623\u0635\u0648\u0627\u062a \u0641\u064a \u063a\u0631\u0627\u0646 \u0647\u064a\u0631\u0645\u0627\u0646\u0648 2025<\/a>\n<p>\u062a\u062e\u064a\u0644 \u0623\u0646\u0643 \u0642\u0627\u062f\u0631 \u0639\u0644\u0649 \u0645\u0634\u0627\u0647\u062f\u0629 \u0643\u0644 \u0634\u064a\u0621 <strong>\u0645\u0628\u0627\u0634\u0631\u060c \u062f\u0648\u0646 \u062a\u0641\u0648\u064a\u062a \u0623\u064a \u062a\u0641\u0627\u0635\u064a\u0644<\/strong>\u060c \u062a\u0627\u0628\u0639 \u0627\u0644\u062a\u062d\u0627\u0644\u0641\u0627\u062a \u0627\u0644\u062a\u064a \u064a\u062a\u0645 \u062a\u0634\u0643\u064a\u0644\u0647\u0627\u060c \u0648\u0627\u0644\u0635\u0631\u0627\u0639\u0627\u062a \u062f\u0627\u062e\u0644 \u0627\u0644\u0645\u0646\u0632\u0644 \u0648\u0627\u0633\u062a\u0631\u0627\u062a\u064a\u062c\u064a\u0627\u062a \u0627\u0644\u0645\u0634\u0627\u0631\u0643\u064a\u0646. \u0627\u0644\u0622\u0646 \u0641\u0643\u0631 \u0641\u064a <strong>\u0644\u062f\u064a\u0643 \u0625\u0645\u0643\u0627\u0646\u064a\u0629 \u0627\u0644\u0648\u0635\u0648\u0644 \u0625\u0644\u0649 \u0627\u0644\u0628\u062b \u0639\u0644\u0649 \u0645\u062f\u0627\u0631 24 \u0633\u0627\u0639\u0629<\/strong>\u060c \u0623\u0635\u0648\u0627\u062a \u062d\u0635\u0631\u064a\u0629 \u0648\u0623\u0641\u0636\u0644 \u0644\u062d\u0638\u0627\u062a \u0628\u0631\u0646\u0627\u0645\u062c \u0627\u0644\u0648\u0627\u0642\u0639 \u0641\u064a \u0631\u0627\u062d\u0629 \u064a\u062f\u0643!<\/p>\n<p>\u0644\u0627 \u064a\u0648\u062c\u062f \u0634\u064a\u0621 \u0623\u0633\u0648\u0623 \u0645\u0646 \u062a\u0641\u0648\u064a\u062a \u062a\u0644\u0643 \u0627\u0644\u0639\u0648\u062f\u0629 \u0627\u0644\u062a\u0627\u0631\u064a\u062e\u064a\u0629 \u0623\u0648 \u0627\u0644\u0625\u0642\u0635\u0627\u0621 \u0627\u0644\u0623\u0643\u062b\u0631 \u062a\u0631\u0642\u0628\u064b\u0627 \u0641\u064a \u0627\u0644\u0645\u0648\u0633\u0645\u060c \u0623\u0644\u064a\u0633 \u0643\u0630\u0644\u0643\u061f \u0648\u0644\u0643\u0646 \u0627\u0644\u062e\u0628\u0631 \u0627\u0644\u0633\u0627\u0631 \u0647\u0648 \u0623\u0646 <strong>\u064a\u0645\u0643\u0646\u0643 \u0645\u0634\u0627\u0647\u062f\u0629 Gran Hermano \u0648\u062d\u062a\u0649 \u0627\u0644\u0645\u0634\u0627\u0631\u0643\u0629 \u0641\u064a \u0627\u0644\u062a\u0635\u0648\u064a\u062a\u0627\u062a \u0627\u0644\u062a\u064a \u062a\u062d\u062f\u062f \u0645\u0635\u064a\u0631 \u0627\u0644\u0645\u0634\u0627\u0631\u0643\u064a\u0646<\/strong>. \u0646\u0639\u0645\u060c \u0644\u062f\u064a\u0643 \u0627\u0644\u0642\u062f\u0631\u0629 \u0639\u0644\u0649 \u0627\u0644\u062a\u0623\u062b\u064a\u0631 \u0639\u0644\u0649 \u0627\u0644\u0644\u0639\u0628\u0629 \u0648\u062a\u0634\u062c\u064a\u0639 \u0641\u0631\u064a\u0642\u0643 \u0627\u0644\u0645\u0641\u0636\u0644 \u0628\u0646\u0634\u0627\u0637!<\/p>\n<p>\u0647\u0644 \u062a\u0631\u064a\u062f \u0623\u0646 \u062a\u0639\u0631\u0641\u061f <strong>\u0643\u064a\u0641\u064a\u0629 \u0645\u062a\u0627\u0628\u0639\u0629 \u0628\u0631\u0646\u0627\u0645\u062c \u0627\u0644\u0648\u0627\u0642\u0639 \u0648\u0623\u064a\u0646 \u062a\u0634\u0627\u0647\u062f Gran Hermano \u0645\u0628\u0627\u0634\u0631\u0629<\/strong>\u061f \u0644\u0630\u0627 \u0627\u0646\u0642\u0631 \u0639\u0644\u0649 \u0627\u0644\u0631\u0627\u0628\u0637 \u0623\u062f\u0646\u0627\u0647 \u0648\u0627\u0643\u062a\u0634\u0641 \u062c\u0645\u064a\u0639 \u0627\u0644\u062e\u064a\u0627\u0631\u0627\u062a \u0627\u0644\u0645\u062a\u0627\u062d\u0629 \u062d\u062a\u0649 \u0644\u0627 \u062a\u0641\u0648\u062a\u0643 \u0623\u064a \u0634\u064a\u0621 \u0645\u0646 \u0647\u0630\u0647 \u0627\u0644\u0646\u0633\u062e\u0629 \u0627\u0644\u0645\u0630\u0647\u0644\u0629!<\/p>\n<p>\ud83d\ude80 <strong>\u0644\u0627 \u062a\u0641\u0648\u062a\u0647\u0627! \u0627\u0646\u0642\u0631 \u0627\u0644\u0622\u0646 \u0648\u0634\u0627\u0647\u062f \u0643\u064a\u0641\u064a\u0629 \u0645\u062a\u0627\u0628\u0639\u0629 \u0643\u0644 \u0644\u062d\u0638\u0629 \u0645\u0646 Gran Hermano!<\/strong><\/p>\n<p><a href=\"http:\/\/bluerabbitech.com\"><img loading=\"lazy\" decoding=\"async\" class=\"size-medium wp-image-2676 aligncenter\" src=\"http:\/\/bluerabbitech.com\/wp-content\/uploads\/2025\/03\/gran-hermanooo-300x169.jpg\" alt=\"\" width=\"300\" height=\"169\" srcset=\"https:\/\/bluerabbitech.com\/wp-content\/uploads\/2025\/03\/gran-hermanooo-300x169.jpg 300w, https:\/\/bluerabbitech.com\/wp-content\/uploads\/2025\/03\/gran-hermanooo-1024x576.jpg 1024w, https:\/\/bluerabbitech.com\/wp-content\/uploads\/2025\/03\/gran-hermanooo-768x432.jpg 768w, https:\/\/bluerabbitech.com\/wp-content\/uploads\/2025\/03\/gran-hermanooo-18x10.jpg 18w, https:\/\/bluerabbitech.com\/wp-content\/uploads\/2025\/03\/gran-hermanooo.jpg 1200w\" sizes=\"auto, (max-width: 300px) 100vw, 300px\" \/><\/a><\/p>","protected":false},"excerpt":{"rendered":"<p>Se voc\u00ea \u00e9 apaixonado por reality shows, sabe que Gran Hermano \u00e9 uma das competi\u00e7\u00f5es mais eletrizantes da TV! Com estrat\u00e9gias, elimina\u00e7\u00f5es inesperadas e din\u00e2micas&#8230;<\/p>","protected":false},"author":1,"featured_media":0,"parent":0,"menu_order":0,"comment_status":"closed","ping_status":"closed","template":"","meta":{"footnotes":""},"class_list":["post-2675","page","type-page","status-publish","hentry"],"_links":{"self":[{"href":"https:\/\/bluerabbitech.com\/ar\/wp-json\/wp\/v2\/pages\/2675","targetHints":{"allow":["GET"]}}],"collection":[{"href":"https:\/\/bluerabbitech.com\/ar\/wp-json\/wp\/v2\/pages"}],"about":[{"href":"https:\/\/bluerabbitech.com\/ar\/wp-json\/wp\/v2\/types\/page"}],"author":[{"embeddable":true,"href":"https:\/\/bluerabbitech.com\/ar\/wp-json\/wp\/v2\/users\/1"}],"replies":[{"embeddable":true,"href":"https:\/\/bluerabbitech.com\/ar\/wp-json\/wp\/v2\/comments?post=2675"}],"version-history":[{"count":3,"href":"https:\/\/bluerabbitech.com\/ar\/wp-json\/wp\/v2\/pages\/2675\/revisions"}],"predecessor-version":[{"id":2680,"href":"https:\/\/bluerabbitech.com\/ar\/wp-json\/wp\/v2\/pages\/2675\/revisions\/2680"}],"wp:attachment":[{"href":"https:\/\/bluerabbitech.com\/ar\/wp-json\/wp\/v2\/media?parent=2675"}],"curies":[{"name":"wp","href":"https:\/\/api.w.org\/{rel}","templated":true}]}}