{"id":2675,"date":"2025-03-04T21:11:47","date_gmt":"2025-03-05T00:11:47","guid":{"rendered":"http:\/\/bluerabbitech.com\/?page_id=2675"},"modified":"2025-03-04T21:31:38","modified_gmt":"2025-03-05T00:31:38","slug":"voce-e-fa-de-gran-hermano-descubra-como-acompanhar-cada-momento","status":"publish","type":"page","link":"https:\/\/bluerabbitech.com\/cs\/voce-e-fa-de-gran-hermano-descubra-como-acompanhar-cada-momento\/","title":{"rendered":"Jste fanou\u0161kem Gran Hermana? Objevte, jak sledovat ka\u017ed\u00fd okam\u017eik!"},"content":{"rendered":"<p data-pm-slice=\"1 1 []\">Pokud m\u00e1te r\u00e1di reality show, tak to v\u00edte. <strong>Velk\u00fd bratr<\/strong> je jednou z nejelektrizuj\u00edc\u00edch sout\u011b\u017e\u00ed v televizi! D\u00edky strategi\u00edm, ne\u010dekan\u00fdm eliminac\u00edm a poutav\u00e9 dynamice udr\u017euje seri\u00e1l fanou\u0161ky p\u0159ilepen\u00e9 k obrazovce, kte\u0159\u00ed jsou dychtiv\u00ed v\u011bd\u011bt, kdo se stane velk\u00fdm v\u00edt\u011bzem.<\/p>\n<p data-pm-slice=\"1 1 []\"><a href=\"http:\/\/bluerabbitech.com\/es\/aplicativo-para-assistir-ao-gran-hermano\/\" class=\"epcl-shortcode epcl-button fluid gradient red\" target=\"_self\" >Aplikace pro sledov\u00e1n\u00ed Gran Hermano LIVE <\/a>\n<p data-pm-slice=\"1 1 []\"><a href=\"http:\/\/bluerabbitech.com\/es\/2647-2\/\" class=\"epcl-shortcode epcl-button fluid gradient red\" target=\"_self\" >sledujte hlasov\u00e1n\u00ed v Gran Hermano 2025<\/a>\n<p>P\u0159edstavte si, \u017ee byste mohli sledovat v\u0161echno <strong>\u017eiv\u011b, bez zme\u0161k\u00e1n\u00ed jak\u00fdchkoli detail\u016f<\/strong>, sledujte vznikaj\u00edc\u00ed spojenectv\u00ed, konflikty v dom\u011b a strategie \u00fa\u010dastn\u00edk\u016f. Te\u010f p\u0159em\u00fd\u0161lej o <strong>m\u00edt p\u0159\u00edstup k 24hodinov\u00e9mu vys\u00edl\u00e1n\u00ed<\/strong>, exkluzivn\u00ed hlasy a nejlep\u0161\u00ed momenty reality show jako na dlani!<\/p>\n<p>Nen\u00ed nic hor\u0161\u00edho, ne\u017e p\u0159ij\u00edt o historick\u00fd comeback nebo nejo\u010dek\u00e1van\u011bj\u0161\u00ed vy\u0159azen\u00ed sez\u00f3ny, \u017ee? Ale dobrou zpr\u00e1vou je, \u017ee <strong>M\u016f\u017eete sledovat Gran Hermano a dokonce se zapojit do hlasov\u00e1n\u00ed, kter\u00e9 ur\u010duje osud \u00fa\u010dastn\u00edk\u016f<\/strong>. Ano, m\u00e1te moc ovlivnit hru a aktivn\u011b fandit sv\u00e9mu favoritovi!<\/p>\n<p>Chcete to v\u011bd\u011bt? <strong>jak sledovat reality show a kde sledovat Gran Hermano \u017eiv\u011b<\/strong>? Tak klikn\u011bte na odkaz n\u00ed\u017ee a objevte v\u0161echny dostupn\u00e9 mo\u017enosti, abyste z t\u00e9to elektrizuj\u00edc\u00ed edice nic neunikli!<\/p>\n<p>\ud83d\ude80 <strong>Nenechte si to uj\u00edt! Klikn\u011bte nyn\u00ed a pod\u00edvejte se, jak sledovat ka\u017ed\u00fd okam\u017eik Gran Hermano!<\/strong><\/p>\n<p><a href=\"http:\/\/bluerabbitech.com\"><img loading=\"lazy\" decoding=\"async\" class=\"size-medium wp-image-2676 aligncenter\" src=\"http:\/\/bluerabbitech.com\/wp-content\/uploads\/2025\/03\/gran-hermanooo-300x169.jpg\" alt=\"\" width=\"300\" height=\"169\" srcset=\"https:\/\/bluerabbitech.com\/wp-content\/uploads\/2025\/03\/gran-hermanooo-300x169.jpg 300w, https:\/\/bluerabbitech.com\/wp-content\/uploads\/2025\/03\/gran-hermanooo-1024x576.jpg 1024w, https:\/\/bluerabbitech.com\/wp-content\/uploads\/2025\/03\/gran-hermanooo-768x432.jpg 768w, https:\/\/bluerabbitech.com\/wp-content\/uploads\/2025\/03\/gran-hermanooo-18x10.jpg 18w, https:\/\/bluerabbitech.com\/wp-content\/uploads\/2025\/03\/gran-hermanooo.jpg 1200w\" sizes=\"auto, (max-width: 300px) 100vw, 300px\" \/><\/a><\/p>","protected":false},"excerpt":{"rendered":"<p>Se voc\u00ea \u00e9 apaixonado por reality shows, sabe que Gran Hermano \u00e9 uma das competi\u00e7\u00f5es mais eletrizantes da TV! Com estrat\u00e9gias, elimina\u00e7\u00f5es inesperadas e din\u00e2micas&#8230;<\/p>","protected":false},"author":1,"featured_media":0,"parent":0,"menu_order":0,"comment_status":"closed","ping_status":"closed","template":"","meta":{"footnotes":""},"class_list":["post-2675","page","type-page","status-publish","hentry"],"_links":{"self":[{"href":"https:\/\/bluerabbitech.com\/cs\/wp-json\/wp\/v2\/pages\/2675","targetHints":{"allow":["GET"]}}],"collection":[{"href":"https:\/\/bluerabbitech.com\/cs\/wp-json\/wp\/v2\/pages"}],"about":[{"href":"https:\/\/bluerabbitech.com\/cs\/wp-json\/wp\/v2\/types\/page"}],"author":[{"embeddable":true,"href":"https:\/\/bluerabbitech.com\/cs\/wp-json\/wp\/v2\/users\/1"}],"replies":[{"embeddable":true,"href":"https:\/\/bluerabbitech.com\/cs\/wp-json\/wp\/v2\/comments?post=2675"}],"version-history":[{"count":3,"href":"https:\/\/bluerabbitech.com\/cs\/wp-json\/wp\/v2\/pages\/2675\/revisions"}],"predecessor-version":[{"id":2680,"href":"https:\/\/bluerabbitech.com\/cs\/wp-json\/wp\/v2\/pages\/2675\/revisions\/2680"}],"wp:attachment":[{"href":"https:\/\/bluerabbitech.com\/cs\/wp-json\/wp\/v2\/media?parent=2675"}],"curies":[{"name":"wp","href":"https:\/\/api.w.org\/{rel}","templated":true}]}}