{"id":1248,"date":"2024-01-08T21:20:55","date_gmt":"2024-01-09T00:20:55","guid":{"rendered":"http:\/\/bluerabbitech.com\/?page_id=1248"},"modified":"2024-01-08T21:20:55","modified_gmt":"2024-01-09T00:20:55","slug":"politica-de-privacidade","status":"publish","type":"page","link":"https:\/\/bluerabbitech.com\/da\/politica-de-privacidade\/","title":{"rendered":"Privatlivspolitik"},"content":{"rendered":"<p><strong>Hvad er cookies?<\/strong> Hos BlueRabbitTech bruger vi cookies \u2013 sm\u00e5 filer, der forbedrer din browsingoplevelse p\u00e5 vores hjemmeside. Dette afsnit forklarer cookiess rolle, hvordan vi bruger dem, og hvorfor de nogle gange er n\u00f8dvendige. Vi vil ogs\u00e5 detaljere, hvordan du kan forhindre, at disse cookies gemmes, hvilket kan p\u00e5virke webstedets funktionalitet.<\/p>\n<p><strong>Brug af cookies<\/strong> Vi bruger cookies af forskellige \u00e5rsager, som vi vil forklare nedenfor. Deaktivering af cookies kan typisk p\u00e5virke hjemmesidens funktionalitet, s\u00e5 vi anbefaler at holde dem aktiveret.<\/p>\n<p><strong>S\u00e5dan deaktiveres cookies<\/strong> Du kan forhindre indstilling af cookies ved at justere dine browserindstillinger. V\u00e6r dog opm\u00e6rksom p\u00e5, at deaktivering af cookies kan begr\u00e6nse funktionaliteten af vores og andre hjemmesider.<\/p>\n<p><strong>Cookies vi bruger<\/strong><\/p>\n<ol>\n<li><strong>Webstedskonfigurationscookies<\/strong>: Vi bruger cookies til at tilpasse din oplevelse ved at huske dine pr\u00e6ferencer for fremtidige bes\u00f8g.<\/li>\n<li><strong>Partner cookies<\/strong>: Vi bruger partnercookies i visse situationer. Detaljer om disse cookies er angivet nedenfor.<\/li>\n<li><strong>Google Analytics<\/strong>: Til at analysere brugerinteraktion med vores hjemmeside bruger vi Google Analytics, som indsamler data s\u00e5som bes\u00f8gsvarighed og bes\u00f8gte sider.<\/li>\n<li><strong>Google AdSense<\/strong>: Til annoncering bruger vi AdSense, som bruger en DoubleClick-cookie til at vise relevante annoncer og styre, hvor ofte en specifik annonce vises.<\/li>\n<\/ol>\n<p><strong>Yderligere oplysninger<\/strong> Vi h\u00e5ber, at disse oplysninger hj\u00e6lper dig med at forst\u00e5 vores cookiepolitik. Det anbefales at holde cookies aktiveret for den bedste hjemmesideoplevelse. For yderligere information, kontakt os venligst p\u00e5: <a target=\"_new\" rel=\"noopener\">contato@bluerabbitech.com<\/a>.<\/p>","protected":false},"excerpt":{"rendered":"<p>O que s\u00e3o Cookies? No BlueRabbitTech, usamos cookies &#8211; pequenos arquivos que aprimoram sua experi\u00eancia de navega\u00e7\u00e3o em nosso site. Esta se\u00e7\u00e3o esclarece o papel&#8230;<\/p>","protected":false},"author":1,"featured_media":0,"parent":0,"menu_order":0,"comment_status":"closed","ping_status":"closed","template":"","meta":{"footnotes":""},"class_list":["post-1248","page","type-page","status-publish","hentry"],"_links":{"self":[{"href":"https:\/\/bluerabbitech.com\/da\/wp-json\/wp\/v2\/pages\/1248","targetHints":{"allow":["GET"]}}],"collection":[{"href":"https:\/\/bluerabbitech.com\/da\/wp-json\/wp\/v2\/pages"}],"about":[{"href":"https:\/\/bluerabbitech.com\/da\/wp-json\/wp\/v2\/types\/page"}],"author":[{"embeddable":true,"href":"https:\/\/bluerabbitech.com\/da\/wp-json\/wp\/v2\/users\/1"}],"replies":[{"embeddable":true,"href":"https:\/\/bluerabbitech.com\/da\/wp-json\/wp\/v2\/comments?post=1248"}],"version-history":[{"count":1,"href":"https:\/\/bluerabbitech.com\/da\/wp-json\/wp\/v2\/pages\/1248\/revisions"}],"predecessor-version":[{"id":1249,"href":"https:\/\/bluerabbitech.com\/da\/wp-json\/wp\/v2\/pages\/1248\/revisions\/1249"}],"wp:attachment":[{"href":"https:\/\/bluerabbitech.com\/da\/wp-json\/wp\/v2\/media?parent=1248"}],"curies":[{"name":"wp","href":"https:\/\/api.w.org\/{rel}","templated":true}]}}