{"id":1250,"date":"2024-01-08T21:21:24","date_gmt":"2024-01-09T00:21:24","guid":{"rendered":"http:\/\/bluerabbitech.com\/?page_id=1250"},"modified":"2024-01-08T21:21:24","modified_gmt":"2024-01-09T00:21:24","slug":"termos-de-uso","status":"publish","type":"page","link":"https:\/\/bluerabbitech.com\/da\/termos-de-uso\/","title":{"rendered":"Vilk\u00e5r for brug"},"content":{"rendered":"<p><strong>Velkommen til BlueRabbitTechs cookiepolitik<\/strong><\/p>\n<p><strong>Hvad er cookies?<\/strong> Hos BlueRabbitTech bruger vi, ligesom mange andre hjemmesider, cookies \u2013 sm\u00e5 filer, der forbedrer din browseroplevelse. De overf\u00f8res til din enhed og hj\u00e6lper med at personligg\u00f8re og optimere din interaktion med os. Dette afsnit forklarer, hvad cookies indsamler, hvordan vi bruger dem, og i visse tilf\u00e6lde behovet for at gemme dem. Vi vil ogs\u00e5 detaljeret beskrive, hvordan du kan afvise disse cookies, selvom dette kan p\u00e5virke webstedets funktionalitet.<\/p>\n<p><strong>Hvorfor bruger vi cookies?<\/strong> Vores brug af cookies tjener flere vigtige form\u00e5l. Der er ofte intet branchestandardalternativ til at deaktivere cookies uden at g\u00e5 p\u00e5 kompromis med webstedets funktionalitet. Derfor foresl\u00e5r vi, at du holder cookies aktiveret, medmindre du er sikker p\u00e5, at du ikke har brug for dem.<\/p>\n<p><strong>S\u00e5dan blokerer du cookies<\/strong> For at blokere cookies skal du justere dine browserindstillinger. Bem\u00e6rk dog, at deaktivering af dem kan p\u00e5virke din oplevelse ikke kun p\u00e5 vores hjemmeside, men ogs\u00e5 p\u00e5 andre hjemmesider, du bes\u00f8ger.<\/p>\n<p><strong>Typer af cookies vi bruger<\/strong><\/p>\n<ol>\n<li><strong>Webstedskonfigurationscookies<\/strong>Bruges til at personligg\u00f8re din oplevelse ved at huske dine pr\u00e6ferencer til fremtidige bes\u00f8g.<\/li>\n<li><strong>Partner cookies<\/strong>Vi bruger cookies fra partnervirksomheder til specifikke funktioner, som du kan l\u00e6se mere om nedenfor.<\/li>\n<\/ol>\n<p><strong>Analyse- og annonceringsv\u00e6rkt\u00f8jer<\/strong><\/p>\n<ol>\n<li><strong>Google Analytics<\/strong>For at forst\u00e5 din interaktion med vores hjemmeside og forbedre den, bruger vi Google Analytics. Disse cookies overv\u00e5ger ting som l\u00e6ngden af dit bes\u00f8g og de sider, du bes\u00f8ger.<\/li>\n<li><strong>Google AdSense<\/strong>For at vise relevant annoncering bruger vi AdSense, som bruger en DoubleClick-cookie.<\/li>\n<\/ol>\n<p><strong>Yderligere oplysninger<\/strong> Vi h\u00e5ber, at denne politik tydeligg\u00f8r vigtigheden af cookies. Det anbefales at holde cookies aktiveret for at optimere oplevelsen p\u00e5 hjemmesiden. For mere information, kontakt os venligst p\u00e5: <a target=\"_new\" rel=\"noopener\">contato@bluerabbitech.com<\/a>.<\/p>","protected":false},"excerpt":{"rendered":"<p>Bem-vindo \u00e0 Pol\u00edtica de Cookies do BlueRabbitTech O que s\u00e3o Cookies? No BlueRabbitTech, assim como em muitos sites, utilizamos cookies &#8211; pequenos arquivos que melhoram&#8230;<\/p>","protected":false},"author":1,"featured_media":0,"parent":0,"menu_order":0,"comment_status":"closed","ping_status":"closed","template":"","meta":{"footnotes":""},"class_list":["post-1250","page","type-page","status-publish","hentry"],"_links":{"self":[{"href":"https:\/\/bluerabbitech.com\/da\/wp-json\/wp\/v2\/pages\/1250","targetHints":{"allow":["GET"]}}],"collection":[{"href":"https:\/\/bluerabbitech.com\/da\/wp-json\/wp\/v2\/pages"}],"about":[{"href":"https:\/\/bluerabbitech.com\/da\/wp-json\/wp\/v2\/types\/page"}],"author":[{"embeddable":true,"href":"https:\/\/bluerabbitech.com\/da\/wp-json\/wp\/v2\/users\/1"}],"replies":[{"embeddable":true,"href":"https:\/\/bluerabbitech.com\/da\/wp-json\/wp\/v2\/comments?post=1250"}],"version-history":[{"count":1,"href":"https:\/\/bluerabbitech.com\/da\/wp-json\/wp\/v2\/pages\/1250\/revisions"}],"predecessor-version":[{"id":1251,"href":"https:\/\/bluerabbitech.com\/da\/wp-json\/wp\/v2\/pages\/1250\/revisions\/1251"}],"wp:attachment":[{"href":"https:\/\/bluerabbitech.com\/da\/wp-json\/wp\/v2\/media?parent=1250"}],"curies":[{"name":"wp","href":"https:\/\/api.w.org\/{rel}","templated":true}]}}