{"id":1244,"date":"2024-01-08T21:18:15","date_gmt":"2024-01-09T00:18:15","guid":{"rendered":"http:\/\/bluerabbitech.com\/?page_id=1244"},"modified":"2024-01-08T21:18:15","modified_gmt":"2024-01-09T00:18:15","slug":"quem-somos","status":"publish","type":"page","link":"https:\/\/bluerabbitech.com\/de\/quem-somos\/","title":{"rendered":"Wer wir sind"},"content":{"rendered":"<p>Willkommen bei <strong>BlueRabbitTech<\/strong>, im Jahr 2023 als dedizierter Hub f\u00fcr Technologie- und Innovationsbegeisterte gestartet. Unsere Mission ist es, die Komplexit\u00e4t der digitalen Welt zu vereinfachen und den Zugang zu Informationen und technologischem Wissen zu demokratisieren.<\/p>\n<p>Wir sind davon \u00fcberzeugt, dass klare und qualitativ hochwertige Informationen f\u00fcr die Navigation in der sich st\u00e4ndig weiterentwickelnden Technologielandschaft von entscheidender Bedeutung sind. Knoten <strong>BlueRabbitTech<\/strong>ist es unser Ziel, vertrauensw\u00fcrdige Analysen, Leitf\u00e4den und Erkenntnisse bereitzustellen, die unsere Leser nicht nur informieren, sondern auch inspirieren und bef\u00e4higen.<\/p>\n<p>Unser Team besteht aus Fachleuten, die sich leidenschaftlich f\u00fcr Technologie interessieren und ihr Wissen und ihre Erfahrung gerne weitergeben. Wir m\u00f6chten sicherstellen, dass jeder Inhalt f\u00fcr alle zug\u00e4nglich, relevant und wertvoll ist, vom Enthusiasten bis zum Branchenprofi.<\/p>\n<p>Knoten <strong>BlueRabbitTech<\/strong>, wir sind immer auf der Suche nach neuen Wegen, um technologische Informationen verst\u00e4ndlicher und anwendbarer zu machen. Begleiten Sie uns auf dieser Entdeckungs- und Innovationsreise und bleiben Sie \u00fcber das Beste der digitalen Welt auf dem Laufenden!<\/p>","protected":false},"excerpt":{"rendered":"<p>Bem-vindo ao BlueRabbitTech, lan\u00e7ado em 2023 como um hub dedicado para os entusiastas de tecnologia e inova\u00e7\u00e3o. Nossa miss\u00e3o \u00e9 simplificar a complexidade do mundo&#8230;<\/p>","protected":false},"author":1,"featured_media":0,"parent":0,"menu_order":0,"comment_status":"closed","ping_status":"closed","template":"","meta":{"footnotes":""},"class_list":["post-1244","page","type-page","status-publish","hentry"],"_links":{"self":[{"href":"https:\/\/bluerabbitech.com\/de\/wp-json\/wp\/v2\/pages\/1244","targetHints":{"allow":["GET"]}}],"collection":[{"href":"https:\/\/bluerabbitech.com\/de\/wp-json\/wp\/v2\/pages"}],"about":[{"href":"https:\/\/bluerabbitech.com\/de\/wp-json\/wp\/v2\/types\/page"}],"author":[{"embeddable":true,"href":"https:\/\/bluerabbitech.com\/de\/wp-json\/wp\/v2\/users\/1"}],"replies":[{"embeddable":true,"href":"https:\/\/bluerabbitech.com\/de\/wp-json\/wp\/v2\/comments?post=1244"}],"version-history":[{"count":1,"href":"https:\/\/bluerabbitech.com\/de\/wp-json\/wp\/v2\/pages\/1244\/revisions"}],"predecessor-version":[{"id":1245,"href":"https:\/\/bluerabbitech.com\/de\/wp-json\/wp\/v2\/pages\/1244\/revisions\/1245"}],"wp:attachment":[{"href":"https:\/\/bluerabbitech.com\/de\/wp-json\/wp\/v2\/media?parent=1244"}],"curies":[{"name":"wp","href":"https:\/\/api.w.org\/{rel}","templated":true}]}}