{"id":2398,"date":"2024-11-15T00:45:23","date_gmt":"2024-11-15T03:45:23","guid":{"rendered":"http:\/\/bluerabbitech.com\/?page_id=2398"},"modified":"2024-11-15T00:46:21","modified_gmt":"2024-11-15T03:46:21","slug":"download","status":"publish","type":"page","link":"https:\/\/bluerabbitech.com\/en\/download\/","title":{"rendered":""},"content":{"rendered":"<section class=\"redirection-container\">\n<div class=\"redirection-content\"><img id=\"imagem\" class=\"alignleft\" alt=\"Logo do Aplicativo\" width=\"71\" height=\"71\" \/><br \/>\n<span id=\"title\">Application<\/span><\/div>\n<div class=\"tittle\">\n<h2>Redirecting\u2026<\/h2>\n<div class=\"loader\"><\/div>\n<\/div>\n<div class=\"subtitle\">\n<h3>We are redirecting you to the App Store<\/h3>\n<\/div>\n<\/section>\n<footer class=\"redirection-footer\">\n<h4>You should be redirected within the next 5 seconds<\/h4>\n<p>If you are not redirected, follow <a id=\"link\" href=\"#\">this link.<\/a><\/p>\n<\/footer>\n<p><script>\n    const query = new URLSearchParams(document.location.search);\n    const title = query.get('title') ?? 'N\u00e3o encontrado';\n    const logo = query.get('logo') ?? 'N\u00e3o encontrado';\n    const link = query.get('link') ?? 'N\u00e3o encontrado';\n    document.getElementById(\"title\").innerHTML = 'Aplicativo ' + title;\n    const link_tag_a = document.getElementById('link');\n    link_tag_a.href = link; \n    const imagem_logo = document.getElementById('imagem');\n    imagem_logo.src = logo;\n    setTimeout(\n        function(){\n            window.location = link; \n        },\n    10000);\n<\/script><\/p>\n<style>\n #footer-widgets {<br \/>        display: none;<br \/>    }<br \/><\/style>","protected":false},"excerpt":{"rendered":"<p>Aplicativo Redirecionando&#8230; Estamos redirecionando voc\u00ea para a App Store Voc\u00ea dever\u00e1 ser redirecionado nos pr\u00f3ximos 5 segundos Se voc\u00ea n\u00e3o for redirecionado, siga este link.<\/p>","protected":false},"author":1,"featured_media":0,"parent":0,"menu_order":0,"comment_status":"closed","ping_status":"closed","template":"","meta":{"footnotes":""},"class_list":["post-2398","page","type-page","status-publish","hentry"],"_links":{"self":[{"href":"https:\/\/bluerabbitech.com\/en\/wp-json\/wp\/v2\/pages\/2398","targetHints":{"allow":["GET"]}}],"collection":[{"href":"https:\/\/bluerabbitech.com\/en\/wp-json\/wp\/v2\/pages"}],"about":[{"href":"https:\/\/bluerabbitech.com\/en\/wp-json\/wp\/v2\/types\/page"}],"author":[{"embeddable":true,"href":"https:\/\/bluerabbitech.com\/en\/wp-json\/wp\/v2\/users\/1"}],"replies":[{"embeddable":true,"href":"https:\/\/bluerabbitech.com\/en\/wp-json\/wp\/v2\/comments?post=2398"}],"version-history":[{"count":1,"href":"https:\/\/bluerabbitech.com\/en\/wp-json\/wp\/v2\/pages\/2398\/revisions"}],"predecessor-version":[{"id":2399,"href":"https:\/\/bluerabbitech.com\/en\/wp-json\/wp\/v2\/pages\/2398\/revisions\/2399"}],"wp:attachment":[{"href":"https:\/\/bluerabbitech.com\/en\/wp-json\/wp\/v2\/media?parent=2398"}],"curies":[{"name":"wp","href":"https:\/\/api.w.org\/{rel}","templated":true}]}}