{"id":1244,"date":"2024-01-08T21:18:15","date_gmt":"2024-01-09T00:18:15","guid":{"rendered":"http:\/\/bluerabbitech.com\/?page_id=1244"},"modified":"2024-01-08T21:18:15","modified_gmt":"2024-01-09T00:18:15","slug":"quem-somos","status":"publish","type":"page","link":"https:\/\/bluerabbitech.com\/es\/quem-somos\/","title":{"rendered":"Quienes somos"},"content":{"rendered":"<p>Bienvenido al <strong>azulconejotech<\/strong>, lanzado en 2023 como un centro dedicado a los entusiastas de la tecnolog\u00eda y la innovaci\u00f3n. Nuestra misi\u00f3n es simplificar la complejidad del mundo digital, democratizando el acceso a la informaci\u00f3n y al conocimiento tecnol\u00f3gico.<\/p>\n<p>Creemos que la informaci\u00f3n clara y de alta calidad es crucial para navegar en el panorama tecnol\u00f3gico en constante evoluci\u00f3n. En el <strong>azulconejotech<\/strong>, nos dedicamos a brindar rese\u00f1as, gu\u00edas e ideas confiables que no solo informan, sino que tambi\u00e9n inspiran y empoderan a nuestros lectores.<\/p>\n<p>Nuestro equipo est\u00e1 formado por profesionales apasionados por la tecnolog\u00eda, comprometidos en compartir su conocimiento y experiencia. Nos esforzamos por garantizar que cada contenido sea accesible, relevante y valioso para todos, desde entusiastas hasta profesionales de la industria.<\/p>\n<p>En el <strong>azulconejotech<\/strong>, siempre estamos buscando nuevas formas de hacer que la informaci\u00f3n tecnol\u00f3gica sea m\u00e1s comprensible y aplicable. \u00a1\u00danase a nosotros en este viaje de descubrimiento e innovaci\u00f3n y mant\u00e9ngase actualizado con lo mejor del mundo digital!<\/p>","protected":false},"excerpt":{"rendered":"<p>Bem-vindo ao BlueRabbitTech, lan\u00e7ado em 2023 como um hub dedicado para os entusiastas de tecnologia e inova\u00e7\u00e3o. Nossa miss\u00e3o \u00e9 simplificar a complexidade do mundo&#8230;<\/p>","protected":false},"author":1,"featured_media":0,"parent":0,"menu_order":0,"comment_status":"closed","ping_status":"closed","template":"","meta":{"footnotes":""},"class_list":["post-1244","page","type-page","status-publish","hentry"],"_links":{"self":[{"href":"https:\/\/bluerabbitech.com\/es\/wp-json\/wp\/v2\/pages\/1244","targetHints":{"allow":["GET"]}}],"collection":[{"href":"https:\/\/bluerabbitech.com\/es\/wp-json\/wp\/v2\/pages"}],"about":[{"href":"https:\/\/bluerabbitech.com\/es\/wp-json\/wp\/v2\/types\/page"}],"author":[{"embeddable":true,"href":"https:\/\/bluerabbitech.com\/es\/wp-json\/wp\/v2\/users\/1"}],"replies":[{"embeddable":true,"href":"https:\/\/bluerabbitech.com\/es\/wp-json\/wp\/v2\/comments?post=1244"}],"version-history":[{"count":1,"href":"https:\/\/bluerabbitech.com\/es\/wp-json\/wp\/v2\/pages\/1244\/revisions"}],"predecessor-version":[{"id":1245,"href":"https:\/\/bluerabbitech.com\/es\/wp-json\/wp\/v2\/pages\/1244\/revisions\/1245"}],"wp:attachment":[{"href":"https:\/\/bluerabbitech.com\/es\/wp-json\/wp\/v2\/media?parent=1244"}],"curies":[{"name":"wp","href":"https:\/\/api.w.org\/{rel}","templated":true}]}}