{"id":1248,"date":"2024-01-08T21:20:55","date_gmt":"2024-01-09T00:20:55","guid":{"rendered":"http:\/\/bluerabbitech.com\/?page_id=1248"},"modified":"2024-01-08T21:20:55","modified_gmt":"2024-01-09T00:20:55","slug":"politica-de-privacidade","status":"publish","type":"page","link":"https:\/\/bluerabbitech.com\/es\/politica-de-privacidade\/","title":{"rendered":"Pol\u00edtica de privacidad"},"content":{"rendered":"<p><strong>\u00bfQu\u00e9 son las cookies?<\/strong> En BlueRabbitTech utilizamos cookies, peque\u00f1os archivos que mejoran su experiencia de navegaci\u00f3n en nuestro sitio web. Esta secci\u00f3n aclara la funci\u00f3n de las cookies, c\u00f3mo las utilizamos y por qu\u00e9 a veces son necesarias. Tambi\u00e9n detallaremos c\u00f3mo puede evitar que se almacenen estas cookies, lo que puede afectar la funcionalidad del sitio.<\/p>\n<p><strong>Uso de cookies<\/strong> Utilizamos cookies por diferentes motivos, que explicaremos a continuaci\u00f3n. Normalmente, deshabilitar las cookies puede afectar la funcionalidad del sitio web, por lo que recomendamos mantenerlas habilitadas.<\/p>\n<p><strong>C\u00f3mo deshabilitar las cookies<\/strong> Puede evitar la instalaci\u00f3n de cookies ajustando la configuraci\u00f3n de su navegador. Sin embargo, tenga en cuenta que deshabilitar las cookies puede limitar la funcionalidad de nuestro sitio web y de otros.<\/p>\n<p><strong>Cookies que utilizamos<\/strong><\/p>\n<ol>\n<li><strong>Cookies de configuraci\u00f3n del sitio<\/strong>: Utilizamos cookies para personalizar su experiencia recordando sus preferencias para futuras visitas.<\/li>\n<li><strong>Cookies de socios<\/strong>: Utilizamos cookies de socios en determinadas situaciones. Los detalles sobre estas cookies se proporcionar\u00e1n a continuaci\u00f3n.<\/li>\n<li><strong>Google analitico<\/strong>: Para analizar la interacci\u00f3n del usuario con nuestro sitio web, utilizamos Google Analytics, que recopila datos como la duraci\u00f3n de la visita y las p\u00e1ginas visitadas.<\/li>\n<li><strong>Publicidad de Google<\/strong>: Para publicidad, utilizamos AdSense, que utiliza una cookie de DoubleClick para mostrar anuncios relevantes y controlar la frecuencia con la que aparece un anuncio espec\u00edfico.<\/li>\n<\/ol>\n<p><strong>Informaciones adicionales<\/strong> Esperamos que esta informaci\u00f3n le ayude a comprender nuestra pol\u00edtica de cookies. Se recomienda mantener las cookies activas para obtener la mejor experiencia en el sitio web. Para mayor aclaraci\u00f3n, por favor cont\u00e1ctenos en: <a target=\"_new\" rel=\"noopener\">contato@bluerabbitech.com<\/a>.<\/p>","protected":false},"excerpt":{"rendered":"<p>O que s\u00e3o Cookies? No BlueRabbitTech, usamos cookies &#8211; pequenos arquivos que aprimoram sua experi\u00eancia de navega\u00e7\u00e3o em nosso site. Esta se\u00e7\u00e3o esclarece o papel&#8230;<\/p>","protected":false},"author":1,"featured_media":0,"parent":0,"menu_order":0,"comment_status":"closed","ping_status":"closed","template":"","meta":{"footnotes":""},"class_list":["post-1248","page","type-page","status-publish","hentry"],"_links":{"self":[{"href":"https:\/\/bluerabbitech.com\/es\/wp-json\/wp\/v2\/pages\/1248","targetHints":{"allow":["GET"]}}],"collection":[{"href":"https:\/\/bluerabbitech.com\/es\/wp-json\/wp\/v2\/pages"}],"about":[{"href":"https:\/\/bluerabbitech.com\/es\/wp-json\/wp\/v2\/types\/page"}],"author":[{"embeddable":true,"href":"https:\/\/bluerabbitech.com\/es\/wp-json\/wp\/v2\/users\/1"}],"replies":[{"embeddable":true,"href":"https:\/\/bluerabbitech.com\/es\/wp-json\/wp\/v2\/comments?post=1248"}],"version-history":[{"count":1,"href":"https:\/\/bluerabbitech.com\/es\/wp-json\/wp\/v2\/pages\/1248\/revisions"}],"predecessor-version":[{"id":1249,"href":"https:\/\/bluerabbitech.com\/es\/wp-json\/wp\/v2\/pages\/1248\/revisions\/1249"}],"wp:attachment":[{"href":"https:\/\/bluerabbitech.com\/es\/wp-json\/wp\/v2\/media?parent=1248"}],"curies":[{"name":"wp","href":"https:\/\/api.w.org\/{rel}","templated":true}]}}