{"id":2675,"date":"2025-03-04T21:11:47","date_gmt":"2025-03-05T00:11:47","guid":{"rendered":"http:\/\/bluerabbitech.com\/?page_id=2675"},"modified":"2025-03-04T21:31:38","modified_gmt":"2025-03-05T00:31:38","slug":"voce-e-fa-de-gran-hermano-descubra-como-acompanhar-cada-momento","status":"publish","type":"page","link":"https:\/\/bluerabbitech.com\/es\/voce-e-fa-de-gran-hermano-descubra-como-acompanhar-cada-momento\/","title":{"rendered":"\u00bfEres fan de Gran Hermano? \u00a1Descubre c\u00f3mo seguir cada momento!"},"content":{"rendered":"<p data-pm-slice=\"1 1 []\">Si te apasionan los reality shows, sabes que <strong>Gran Hermano<\/strong> \u00a1Es una de las competiciones m\u00e1s electrizantes de la televisi\u00f3n! Con estrategias, eliminaciones inesperadas y din\u00e1micas atrapantes, el programa mantiene a los fan\u00e1ticos pegados a la pantalla, ansiosos por saber qui\u00e9n ser\u00e1 el gran ganador.<\/p>\n<p data-pm-slice=\"1 1 []\"><a href=\"https:\/\/bluerabbitech.com\/es\/aplicativo-para-assistir-ao-gran-hermano\/\" class=\"epcl-shortcode epcl-button fluid gradient red\" target=\"_self\" >Aplicaci\u00f3n para ver Gran Hermano EN VIVO <\/a>\n<p data-pm-slice=\"1 1 []\"><a href=\"https:\/\/bluerabbitech.com\/es\/2647-2\/\" class=\"epcl-shortcode epcl-button fluid gradient red\" target=\"_self\" >Sigue las votaciones de Gran Hermano 2025<\/a>\n<p>Imagina poder verlo todo <strong>En directo, sin perder ning\u00fan detalle<\/strong>, sigue las alianzas que se forman, los conflictos dentro de la casa y las estrategias de los participantes. Ahora piensa en <strong>tener acceso a una transmisi\u00f3n las 24 horas<\/strong>, votaciones exclusivas y los mejores momentos del reality en la palma de tu mano!<\/p>\n<p>No hay nada peor que perderse esa remontada hist\u00f3rica o la eliminaci\u00f3n m\u00e1s esperada de la temporada, \u00bfverdad? Pero la buena noticia es que <strong>Podr\u00e1s ver Gran Hermano e incluso participar en las votaciones que definen el destino de los participantes.<\/strong>. \u00a1S\u00ed, tienes el poder de influir en el juego y apoyar activamente a tu favorito!<\/p>\n<p>\u00bfQuieres saber? <strong>C\u00f3mo seguir el reality y d\u00f3nde ver Gran Hermano en directo<\/strong>? \u00a1As\u00ed que haz clic en el enlace a continuaci\u00f3n y descubre todas las opciones disponibles para no perderte nada de esta electrizante edici\u00f3n!<\/p>\n<p>\ud83d\ude80 <strong>\u00a1No te lo pierdas! \u00a1Haz clic ahora y descubre c\u00f3mo seguir cada momento de Gran Hermano!<\/strong><\/p>\n<p><a href=\"http:\/\/bluerabbitech.com\"><img loading=\"lazy\" decoding=\"async\" class=\"size-medium wp-image-2676 aligncenter\" src=\"http:\/\/bluerabbitech.com\/wp-content\/uploads\/2025\/03\/gran-hermanooo-300x169.jpg\" alt=\"\" width=\"300\" height=\"169\" srcset=\"https:\/\/bluerabbitech.com\/wp-content\/uploads\/2025\/03\/gran-hermanooo-300x169.jpg 300w, https:\/\/bluerabbitech.com\/wp-content\/uploads\/2025\/03\/gran-hermanooo-1024x576.jpg 1024w, https:\/\/bluerabbitech.com\/wp-content\/uploads\/2025\/03\/gran-hermanooo-768x432.jpg 768w, https:\/\/bluerabbitech.com\/wp-content\/uploads\/2025\/03\/gran-hermanooo-18x10.jpg 18w, https:\/\/bluerabbitech.com\/wp-content\/uploads\/2025\/03\/gran-hermanooo.jpg 1200w\" sizes=\"auto, (max-width: 300px) 100vw, 300px\" \/><\/a><\/p>","protected":false},"excerpt":{"rendered":"<p>Se voc\u00ea \u00e9 apaixonado por reality shows, sabe que Gran Hermano \u00e9 uma das competi\u00e7\u00f5es mais eletrizantes da TV! Com estrat\u00e9gias, elimina\u00e7\u00f5es inesperadas e din\u00e2micas&#8230;<\/p>","protected":false},"author":1,"featured_media":0,"parent":0,"menu_order":0,"comment_status":"closed","ping_status":"closed","template":"","meta":{"footnotes":""},"class_list":["post-2675","page","type-page","status-publish","hentry"],"_links":{"self":[{"href":"https:\/\/bluerabbitech.com\/es\/wp-json\/wp\/v2\/pages\/2675","targetHints":{"allow":["GET"]}}],"collection":[{"href":"https:\/\/bluerabbitech.com\/es\/wp-json\/wp\/v2\/pages"}],"about":[{"href":"https:\/\/bluerabbitech.com\/es\/wp-json\/wp\/v2\/types\/page"}],"author":[{"embeddable":true,"href":"https:\/\/bluerabbitech.com\/es\/wp-json\/wp\/v2\/users\/1"}],"replies":[{"embeddable":true,"href":"https:\/\/bluerabbitech.com\/es\/wp-json\/wp\/v2\/comments?post=2675"}],"version-history":[{"count":3,"href":"https:\/\/bluerabbitech.com\/es\/wp-json\/wp\/v2\/pages\/2675\/revisions"}],"predecessor-version":[{"id":2680,"href":"https:\/\/bluerabbitech.com\/es\/wp-json\/wp\/v2\/pages\/2675\/revisions\/2680"}],"wp:attachment":[{"href":"https:\/\/bluerabbitech.com\/es\/wp-json\/wp\/v2\/media?parent=2675"}],"curies":[{"name":"wp","href":"https:\/\/api.w.org\/{rel}","templated":true}]}}