{"id":1244,"date":"2024-01-08T21:18:15","date_gmt":"2024-01-09T00:18:15","guid":{"rendered":"http:\/\/bluerabbitech.com\/?page_id=1244"},"modified":"2024-01-08T21:18:15","modified_gmt":"2024-01-09T00:18:15","slug":"quem-somos","status":"publish","type":"page","link":"https:\/\/bluerabbitech.com\/et\/quem-somos\/","title":{"rendered":"Kes me oleme"},"content":{"rendered":"<p>Tere tulemast <strong>BlueRabbitTech<\/strong>, mis k\u00e4ivitati 2023. aastal tehnoloogia- ja innovatsioonihuvilistele m\u00f5eldud spetsiaalse keskusena. Meie missioon on lihtsustada digitaalse maailma keerukust, demokratiseerides juurdep\u00e4\u00e4su teabele ja tehnoloogilistele teadmistele.<\/p>\n<p>Usume, et selge ja kvaliteetne teave on pidevalt arenevas tehnoloogiamaastikul navigeerimiseks \u00fclioluline. S\u00f5lm <strong>BlueRabbitTech<\/strong>, oleme p\u00fchendunud usaldusv\u00e4\u00e4rse anal\u00fc\u00fcsi, juhendite ja arusaamade pakkumisele, mis mitte ainult ei teavita, vaid ka inspireerivad ja v\u00f5imestavad meie lugejaid.<\/p>\n<p>Meie meeskond koosneb professionaalidest, kes on tehnoloogia suhtes kirglikud ning p\u00fchendunud oma teadmiste ja kogemuste jagamisele. P\u00fc\u00fcame tagada, et iga sisu oleks ligip\u00e4\u00e4setav, asjakohane ja v\u00e4\u00e4rtuslik k\u00f5igile alates entusiastidest kuni valdkonna spetsialistideni.<\/p>\n<p>S\u00f5lm <strong>BlueRabbitTech<\/strong>, otsime alati uusi viise, kuidas muuta tehnoloogilist teavet arusaadavamaks ja rakendatavamaks. Liitu meiega sellel avastus- ja innovatsiooniteekonnal ning ole kursis digimaailma parimatega!<\/p>","protected":false},"excerpt":{"rendered":"<p>Bem-vindo ao BlueRabbitTech, lan\u00e7ado em 2023 como um hub dedicado para os entusiastas de tecnologia e inova\u00e7\u00e3o. Nossa miss\u00e3o \u00e9 simplificar a complexidade do mundo&#8230;<\/p>","protected":false},"author":1,"featured_media":0,"parent":0,"menu_order":0,"comment_status":"closed","ping_status":"closed","template":"","meta":{"footnotes":""},"class_list":["post-1244","page","type-page","status-publish","hentry"],"_links":{"self":[{"href":"https:\/\/bluerabbitech.com\/et\/wp-json\/wp\/v2\/pages\/1244","targetHints":{"allow":["GET"]}}],"collection":[{"href":"https:\/\/bluerabbitech.com\/et\/wp-json\/wp\/v2\/pages"}],"about":[{"href":"https:\/\/bluerabbitech.com\/et\/wp-json\/wp\/v2\/types\/page"}],"author":[{"embeddable":true,"href":"https:\/\/bluerabbitech.com\/et\/wp-json\/wp\/v2\/users\/1"}],"replies":[{"embeddable":true,"href":"https:\/\/bluerabbitech.com\/et\/wp-json\/wp\/v2\/comments?post=1244"}],"version-history":[{"count":1,"href":"https:\/\/bluerabbitech.com\/et\/wp-json\/wp\/v2\/pages\/1244\/revisions"}],"predecessor-version":[{"id":1245,"href":"https:\/\/bluerabbitech.com\/et\/wp-json\/wp\/v2\/pages\/1244\/revisions\/1245"}],"wp:attachment":[{"href":"https:\/\/bluerabbitech.com\/et\/wp-json\/wp\/v2\/media?parent=1244"}],"curies":[{"name":"wp","href":"https:\/\/api.w.org\/{rel}","templated":true}]}}