{"id":1248,"date":"2024-01-08T21:20:55","date_gmt":"2024-01-09T00:20:55","guid":{"rendered":"http:\/\/bluerabbitech.com\/?page_id=1248"},"modified":"2024-01-08T21:20:55","modified_gmt":"2024-01-09T00:20:55","slug":"politica-de-privacidade","status":"publish","type":"page","link":"https:\/\/bluerabbitech.com\/et\/politica-de-privacidade\/","title":{"rendered":"Privaatsuspoliitika"},"content":{"rendered":"<p><strong>Mis on k\u00fcpsised?<\/strong> BlueRabbitTechis kasutame k\u00fcpsiseid \u2013 v\u00e4ikeseid faile, mis parandavad teie sirvimiskogemust meie veebisaidil. See osa selgitab k\u00fcpsiste rolli, kuidas me neid kasutame ja miks need m\u00f5nikord vajalikud on. Samuti kirjeldame \u00fcksikasjalikult, kuidas saate takistada nende k\u00fcpsiste salvestamist, mis v\u00f5ib m\u00f5jutada saidi funktsionaalsust.<\/p>\n<p><strong>K\u00fcpsiste kasutamine<\/strong> Me kasutame k\u00fcpsiseid erinevatel p\u00f5hjustel, mida selgitame allpool. Tavaliselt v\u00f5ib k\u00fcpsiste keelamine m\u00f5jutada veebisaidi funktsionaalsust, seega soovitame need lubatuna hoida.<\/p>\n<p><strong>Kuidas k\u00fcpsiseid keelata<\/strong> K\u00fcpsiste seadistamist saate keelata oma brauseri seadeid muutes. Siiski palume arvestada, et k\u00fcpsiste keelamine v\u00f5ib piirata meie ja teiste veebisaitide funktsionaalsust.<\/p>\n<p><strong>Meie kasutatavad k\u00fcpsised<\/strong><\/p>\n<ol>\n<li><strong>Saidi konfiguratsiooni k\u00fcpsised<\/strong>Kasutame k\u00fcpsiseid teie kogemuse isikup\u00e4rastamiseks, pidades meeles teie eelistusi tulevaste k\u00fclastuste jaoks.<\/li>\n<li><strong>Partneri k\u00fcpsised<\/strong>Teatud olukordades kasutame partnerik\u00fcpsiseid. Nende k\u00fcpsiste kohta on \u00fcksikasjalikum teave esitatud allpool.<\/li>\n<li><strong>Google Analytics<\/strong>Kasutajate suhtluse anal\u00fc\u00fcsimiseks meie veebisaidil kasutame Google Analyticsi, mis kogub andmeid n\u00e4iteks k\u00fclastuse kestuse ja k\u00fclastatud lehtede kohta.<\/li>\n<li><strong>Google AdSense<\/strong>Reklaamimiseks kasutame AdSense&#039;i, mis kasutab DoubleClicki k\u00fcpsist asjakohaste reklaamide kuvamiseks ja konkreetse reklaami kuvamise sageduse kontrollimiseks.<\/li>\n<\/ol>\n<p><strong>Lisateave<\/strong> Loodame, et see teave aitab teil m\u00f5ista meie k\u00fcpsiste kasutamise p\u00f5him\u00f5tteid. Parima veebikogemuse tagamiseks on soovitatav k\u00fcpsised lubada. Lisateabe saamiseks v\u00f5tke meiega \u00fchendust aadressil: <a target=\"_new\" rel=\"noopener\">contato@bluerabbitech.com<\/a>.<\/p>","protected":false},"excerpt":{"rendered":"<p>O que s\u00e3o Cookies? No BlueRabbitTech, usamos cookies &#8211; pequenos arquivos que aprimoram sua experi\u00eancia de navega\u00e7\u00e3o em nosso site. Esta se\u00e7\u00e3o esclarece o papel&#8230;<\/p>","protected":false},"author":1,"featured_media":0,"parent":0,"menu_order":0,"comment_status":"closed","ping_status":"closed","template":"","meta":{"footnotes":""},"class_list":["post-1248","page","type-page","status-publish","hentry"],"_links":{"self":[{"href":"https:\/\/bluerabbitech.com\/et\/wp-json\/wp\/v2\/pages\/1248","targetHints":{"allow":["GET"]}}],"collection":[{"href":"https:\/\/bluerabbitech.com\/et\/wp-json\/wp\/v2\/pages"}],"about":[{"href":"https:\/\/bluerabbitech.com\/et\/wp-json\/wp\/v2\/types\/page"}],"author":[{"embeddable":true,"href":"https:\/\/bluerabbitech.com\/et\/wp-json\/wp\/v2\/users\/1"}],"replies":[{"embeddable":true,"href":"https:\/\/bluerabbitech.com\/et\/wp-json\/wp\/v2\/comments?post=1248"}],"version-history":[{"count":1,"href":"https:\/\/bluerabbitech.com\/et\/wp-json\/wp\/v2\/pages\/1248\/revisions"}],"predecessor-version":[{"id":1249,"href":"https:\/\/bluerabbitech.com\/et\/wp-json\/wp\/v2\/pages\/1248\/revisions\/1249"}],"wp:attachment":[{"href":"https:\/\/bluerabbitech.com\/et\/wp-json\/wp\/v2\/media?parent=1248"}],"curies":[{"name":"wp","href":"https:\/\/api.w.org\/{rel}","templated":true}]}}