{"id":1250,"date":"2024-01-08T21:21:24","date_gmt":"2024-01-09T00:21:24","guid":{"rendered":"http:\/\/bluerabbitech.com\/?page_id=1250"},"modified":"2024-01-08T21:21:24","modified_gmt":"2024-01-09T00:21:24","slug":"termos-de-uso","status":"publish","type":"page","link":"https:\/\/bluerabbitech.com\/et\/termos-de-uso\/","title":{"rendered":"Kasutustingimused"},"content":{"rendered":"<p><strong>Tere tulemast BlueRabbitTechi k\u00fcpsiste kasutamise p\u00f5him\u00f5tete juurde<\/strong><\/p>\n<p><strong>Mis on k\u00fcpsised?<\/strong> Nagu paljud veebisaidid, kasutame ka meie BlueRabbitTechis k\u00fcpsiseid \u2013 v\u00e4ikeseid faile, mis parandavad teie sirvimiskogemust. Need edastatakse teie seadmesse ja aitavad isikup\u00e4rastada ja optimeerida teie suhtlust meiega. Selles jaotises selgitatakse, mida k\u00fcpsised koguvad, kuidas me neid kasutame ja teatud juhtudel vajadust neid salvestada. Samuti kirjeldame \u00fcksikasjalikult, kuidas saate need k\u00fcpsised keelata, kuigi see v\u00f5ib m\u00f5jutada saidi funktsionaalsust.<\/p>\n<p><strong>Miks me k\u00fcpsiseid kasutame?<\/strong> Meie k\u00fcpsiste kasutamisel on mitu olulist eesm\u00e4rki. K\u00fcpsiste keelamisele pole sageli t\u00f6\u00f6stusharu standardset alternatiivi, mis ei kahjustaks veebisaidi funktsionaalsust. Seet\u00f5ttu soovitame teil k\u00fcpsised lubatuna hoida, v\u00e4lja arvatud juhul, kui olete kindel, et te neid ei vaja.<\/p>\n<p><strong>Kuidas k\u00fcpsiseid blokeerida<\/strong> K\u00fcpsiste blokeerimiseks muutke oma brauseri seadeid. Siiski palun arvestage, et nende keelamine v\u00f5ib m\u00f5jutada teie kogemust mitte ainult meie veebisaidil, vaid ka teistel veebisaitidel, mida k\u00fclastate.<\/p>\n<p><strong>Meie kasutatavate k\u00fcpsiste t\u00fc\u00fcbid<\/strong><\/p>\n<ol>\n<li><strong>Saidi konfiguratsiooni k\u00fcpsised<\/strong>: Kasutatakse teie kogemuse isikup\u00e4rastamiseks, pidades meeles teie eelistusi tulevaste k\u00fclastuste jaoks.<\/li>\n<li><strong>Partneri k\u00fcpsised<\/strong>Kasutame partnerettev\u00f5tete k\u00fcpsiseid teatud funktsioonide jaoks, mille \u00fcksikasjad on toodud allpool.<\/li>\n<\/ol>\n<p><strong>Anal\u00fc\u00fctika ja reklaamit\u00f6\u00f6riistad<\/strong><\/p>\n<ol>\n<li><strong>Google Analytics<\/strong>Selleks, et m\u00f5ista teie suhtlust meie veebisaidiga ja seda t\u00e4iustada, kasutame Google Analyticsi. Need k\u00fcpsised j\u00e4lgivad selliseid asju nagu teie k\u00fclastuse kestus ja lehed, mida k\u00fclastate.<\/li>\n<li><strong>Google AdSense<\/strong>Asjakohase reklaami kuvamiseks kasutame AdSense&#039;i, mis kasutab DoubleClicki k\u00fcpsist.<\/li>\n<\/ol>\n<p><strong>Lisateave<\/strong> Loodame, et see poliitika selgitab k\u00fcpsiste olulisust. Optimaalse veebikogemuse tagamiseks on soovitatav k\u00fcpsised lubada. Lisateabe saamiseks v\u00f5tke meiega \u00fchendust aadressil: <a target=\"_new\" rel=\"noopener\">contato@bluerabbitech.com<\/a>.<\/p>","protected":false},"excerpt":{"rendered":"<p>Bem-vindo \u00e0 Pol\u00edtica de Cookies do BlueRabbitTech O que s\u00e3o Cookies? No BlueRabbitTech, assim como em muitos sites, utilizamos cookies &#8211; pequenos arquivos que melhoram&#8230;<\/p>","protected":false},"author":1,"featured_media":0,"parent":0,"menu_order":0,"comment_status":"closed","ping_status":"closed","template":"","meta":{"footnotes":""},"class_list":["post-1250","page","type-page","status-publish","hentry"],"_links":{"self":[{"href":"https:\/\/bluerabbitech.com\/et\/wp-json\/wp\/v2\/pages\/1250","targetHints":{"allow":["GET"]}}],"collection":[{"href":"https:\/\/bluerabbitech.com\/et\/wp-json\/wp\/v2\/pages"}],"about":[{"href":"https:\/\/bluerabbitech.com\/et\/wp-json\/wp\/v2\/types\/page"}],"author":[{"embeddable":true,"href":"https:\/\/bluerabbitech.com\/et\/wp-json\/wp\/v2\/users\/1"}],"replies":[{"embeddable":true,"href":"https:\/\/bluerabbitech.com\/et\/wp-json\/wp\/v2\/comments?post=1250"}],"version-history":[{"count":1,"href":"https:\/\/bluerabbitech.com\/et\/wp-json\/wp\/v2\/pages\/1250\/revisions"}],"predecessor-version":[{"id":1251,"href":"https:\/\/bluerabbitech.com\/et\/wp-json\/wp\/v2\/pages\/1250\/revisions\/1251"}],"wp:attachment":[{"href":"https:\/\/bluerabbitech.com\/et\/wp-json\/wp\/v2\/media?parent=1250"}],"curies":[{"name":"wp","href":"https:\/\/api.w.org\/{rel}","templated":true}]}}