{"id":2675,"date":"2025-03-04T21:11:47","date_gmt":"2025-03-05T00:11:47","guid":{"rendered":"http:\/\/bluerabbitech.com\/?page_id=2675"},"modified":"2025-03-04T21:31:38","modified_gmt":"2025-03-05T00:31:38","slug":"voce-e-fa-de-gran-hermano-descubra-como-acompanhar-cada-momento","status":"publish","type":"page","link":"https:\/\/bluerabbitech.com\/et\/voce-e-fa-de-gran-hermano-descubra-como-acompanhar-cada-momento\/","title":{"rendered":"Kas olete Gran Hermano f\u00e4nn? Avastage, kuidas iga hetke j\u00e4lgida!"},"content":{"rendered":"<p data-pm-slice=\"1 1 []\">Kui olete t\u00f5sielutelevisiooni vastu kirglik, teate seda <strong>Suur vend<\/strong> on \u00fcks elektrifitseerivamaid v\u00f5istlusi teles! Strateegiate, ootamatute v\u00e4ljalangemiste ja kaasahaarava d\u00fcnaamika abil hoiab saade f\u00e4nnid ekraani k\u00fcljes, et teada saada, kes on suur v\u00f5itja.<\/p>\n<p data-pm-slice=\"1 1 []\"><a href=\"http:\/\/bluerabbitech.com\/es\/aplicativo-para-assistir-ao-gran-hermano\/\" class=\"epcl-shortcode epcl-button fluid gradient red\" target=\"_self\" >Rakendus Gran Hermano otse\u00fclekande vaatamiseks <\/a>\n<p data-pm-slice=\"1 1 []\"><a href=\"http:\/\/bluerabbitech.com\/es\/2647-2\/\" class=\"epcl-shortcode epcl-button fluid gradient red\" target=\"_self\" >j\u00e4lgige Gran Hermano 2025 h\u00e4\u00e4letusi<\/a>\n<p>Kujutage ette, et saate k\u00f5ike vaadata <strong>otse, ilma \u00fcksikasjadest puudumata<\/strong>, j\u00e4lgige tekkivaid liite, majasiseseid konflikte ja osalejate strateegiaid. N\u00fc\u00fcd m\u00f5tle j\u00e4rele <strong>on juurdep\u00e4\u00e4s 24-tunnisele saatele<\/strong>, eksklusiivsed h\u00e4\u00e4led ja t\u00f5sielusaate parimad hetked sinu peopesal!<\/p>\n<p>Pole midagi hullemat kui j\u00e4\u00e4da ilma ajaloolisest tagasitulekust v\u00f5i hooaja oodatuimast v\u00e4ljalangemisest, eks? Aga hea uudis on see <strong>Saate vaadata Gran Hermanot ja isegi osaleda h\u00e4\u00e4letustel, mis m\u00e4\u00e4ravad osalejate saatuse<\/strong>. Jah, teil on \u00f5igus m\u00e4ngu m\u00f5jutada ja oma lemmikut aktiivselt juurutada!<\/p>\n<p>Tahad teada? <strong>kuidas t\u00f5sielusaadet j\u00e4lgida ja kust Gran Hermanot otse\u00fclekandes vaadata<\/strong>? Nii et kl\u00f5psake alloleval lingil ja avastage k\u00f5ik saadaolevad valikud, et te ei j\u00e4\u00e4ks sellest elektrifitseerivast v\u00e4ljaandest millestki ilma!<\/p>\n<p>\ud83d\ude80 <strong>\u00c4rge j\u00e4\u00e4ge ilma! Kl\u00f5psake n\u00fc\u00fcd ja vaadake, kuidas j\u00e4lgida Gran Hermano iga hetke!<\/strong><\/p>\n<p><a href=\"http:\/\/bluerabbitech.com\"><img loading=\"lazy\" decoding=\"async\" class=\"size-medium wp-image-2676 aligncenter\" src=\"http:\/\/bluerabbitech.com\/wp-content\/uploads\/2025\/03\/gran-hermanooo-300x169.jpg\" alt=\"\" width=\"300\" height=\"169\" srcset=\"https:\/\/bluerabbitech.com\/wp-content\/uploads\/2025\/03\/gran-hermanooo-300x169.jpg 300w, https:\/\/bluerabbitech.com\/wp-content\/uploads\/2025\/03\/gran-hermanooo-1024x576.jpg 1024w, https:\/\/bluerabbitech.com\/wp-content\/uploads\/2025\/03\/gran-hermanooo-768x432.jpg 768w, https:\/\/bluerabbitech.com\/wp-content\/uploads\/2025\/03\/gran-hermanooo-18x10.jpg 18w, https:\/\/bluerabbitech.com\/wp-content\/uploads\/2025\/03\/gran-hermanooo.jpg 1200w\" sizes=\"auto, (max-width: 300px) 100vw, 300px\" \/><\/a><\/p>","protected":false},"excerpt":{"rendered":"<p>Se voc\u00ea \u00e9 apaixonado por reality shows, sabe que Gran Hermano \u00e9 uma das competi\u00e7\u00f5es mais eletrizantes da TV! Com estrat\u00e9gias, elimina\u00e7\u00f5es inesperadas e din\u00e2micas&#8230;<\/p>","protected":false},"author":1,"featured_media":0,"parent":0,"menu_order":0,"comment_status":"closed","ping_status":"closed","template":"","meta":{"footnotes":""},"class_list":["post-2675","page","type-page","status-publish","hentry"],"_links":{"self":[{"href":"https:\/\/bluerabbitech.com\/et\/wp-json\/wp\/v2\/pages\/2675","targetHints":{"allow":["GET"]}}],"collection":[{"href":"https:\/\/bluerabbitech.com\/et\/wp-json\/wp\/v2\/pages"}],"about":[{"href":"https:\/\/bluerabbitech.com\/et\/wp-json\/wp\/v2\/types\/page"}],"author":[{"embeddable":true,"href":"https:\/\/bluerabbitech.com\/et\/wp-json\/wp\/v2\/users\/1"}],"replies":[{"embeddable":true,"href":"https:\/\/bluerabbitech.com\/et\/wp-json\/wp\/v2\/comments?post=2675"}],"version-history":[{"count":3,"href":"https:\/\/bluerabbitech.com\/et\/wp-json\/wp\/v2\/pages\/2675\/revisions"}],"predecessor-version":[{"id":2680,"href":"https:\/\/bluerabbitech.com\/et\/wp-json\/wp\/v2\/pages\/2675\/revisions\/2680"}],"wp:attachment":[{"href":"https:\/\/bluerabbitech.com\/et\/wp-json\/wp\/v2\/media?parent=2675"}],"curies":[{"name":"wp","href":"https:\/\/api.w.org\/{rel}","templated":true}]}}