{"id":1244,"date":"2024-01-08T21:18:15","date_gmt":"2024-01-09T00:18:15","guid":{"rendered":"http:\/\/bluerabbitech.com\/?page_id=1244"},"modified":"2024-01-08T21:18:15","modified_gmt":"2024-01-09T00:18:15","slug":"quem-somos","status":"publish","type":"page","link":"https:\/\/bluerabbitech.com\/fr\/quem-somos\/","title":{"rendered":"Qui nous sommes"},"content":{"rendered":"<p>Bienvenue \u00e0 <strong>BlueRabbitTech<\/strong>, lanc\u00e9 en 2023 en tant que p\u00f4le d\u00e9di\u00e9 aux passionn\u00e9s de technologie et d\u2019innovation. Notre mission est de simplifier la complexit\u00e9 du monde num\u00e9rique, en d\u00e9mocratisant l&#039;acc\u00e8s \u00e0 l&#039;information et aux connaissances technologiques.<\/p>\n<p>Nous pensons qu\u2019une information claire et de haute qualit\u00e9 est essentielle pour naviguer dans un paysage technologique en constante \u00e9volution. Au <strong>BlueRabbitTech<\/strong>, nous nous engageons \u00e0 fournir des critiques, des guides et des informations fiables qui non seulement informent, mais inspirent et responsabilisent \u00e9galement nos lecteurs.<\/p>\n<p>Notre \u00e9quipe est compos\u00e9e de professionnels passionn\u00e9s de technologie, engag\u00e9s \u00e0 partager leurs connaissances et leur exp\u00e9rience. Nous nous effor\u00e7ons de garantir que chaque \u00e9l\u00e9ment de contenu est accessible, pertinent et pr\u00e9cieux pour tous, des passionn\u00e9s aux professionnels du secteur.<\/p>\n<p>Au <strong>BlueRabbitTech<\/strong>, nous recherchons toujours de nouvelles fa\u00e7ons de rendre l\u2019information technologique plus compr\u00e9hensible et applicable. Rejoignez-nous dans ce voyage de d\u00e9couverte et d&#039;innovation, et restez \u00e0 jour avec le meilleur du monde num\u00e9rique\u00a0!<\/p>","protected":false},"excerpt":{"rendered":"<p>Bem-vindo ao BlueRabbitTech, lan\u00e7ado em 2023 como um hub dedicado para os entusiastas de tecnologia e inova\u00e7\u00e3o. Nossa miss\u00e3o \u00e9 simplificar a complexidade do mundo&#8230;<\/p>","protected":false},"author":1,"featured_media":0,"parent":0,"menu_order":0,"comment_status":"closed","ping_status":"closed","template":"","meta":{"footnotes":""},"class_list":["post-1244","page","type-page","status-publish","hentry"],"_links":{"self":[{"href":"https:\/\/bluerabbitech.com\/fr\/wp-json\/wp\/v2\/pages\/1244","targetHints":{"allow":["GET"]}}],"collection":[{"href":"https:\/\/bluerabbitech.com\/fr\/wp-json\/wp\/v2\/pages"}],"about":[{"href":"https:\/\/bluerabbitech.com\/fr\/wp-json\/wp\/v2\/types\/page"}],"author":[{"embeddable":true,"href":"https:\/\/bluerabbitech.com\/fr\/wp-json\/wp\/v2\/users\/1"}],"replies":[{"embeddable":true,"href":"https:\/\/bluerabbitech.com\/fr\/wp-json\/wp\/v2\/comments?post=1244"}],"version-history":[{"count":1,"href":"https:\/\/bluerabbitech.com\/fr\/wp-json\/wp\/v2\/pages\/1244\/revisions"}],"predecessor-version":[{"id":1245,"href":"https:\/\/bluerabbitech.com\/fr\/wp-json\/wp\/v2\/pages\/1244\/revisions\/1245"}],"wp:attachment":[{"href":"https:\/\/bluerabbitech.com\/fr\/wp-json\/wp\/v2\/media?parent=1244"}],"curies":[{"name":"wp","href":"https:\/\/api.w.org\/{rel}","templated":true}]}}