{"id":1250,"date":"2024-01-08T21:21:24","date_gmt":"2024-01-09T00:21:24","guid":{"rendered":"http:\/\/bluerabbitech.com\/?page_id=1250"},"modified":"2024-01-08T21:21:24","modified_gmt":"2024-01-09T00:21:24","slug":"termos-de-uso","status":"publish","type":"page","link":"https:\/\/bluerabbitech.com\/fr\/termos-de-uso\/","title":{"rendered":"Conditions d&#039;utilisation"},"content":{"rendered":"<p><strong>Bienvenue sur la politique de cookies de BlueRabbitTech<\/strong><\/p>\n<p><strong>Que sont les cookies ?<\/strong> Chez BlueRabbitTech, comme de nombreux sites Web, nous utilisons des cookies \u2013 de petits fichiers qui am\u00e9liorent votre exp\u00e9rience de navigation. Ils sont transf\u00e9r\u00e9s sur votre appareil et aident \u00e0 personnaliser et optimiser votre interaction avec nous. Cette section explique ce que les cookies collectent, comment nous les utilisons et, dans certains cas, la n\u00e9cessit\u00e9 de les stocker. Nous d\u00e9taillerons \u00e9galement comment vous pouvez refuser ces cookies, bien que cela puisse avoir un impact sur la fonctionnalit\u00e9 du site.<\/p>\n<p><strong>Pourquoi utilisons-nous des cookies ?<\/strong> Notre utilisation des cookies r\u00e9pond \u00e0 plusieurs objectifs essentiels. Il n\u2019existe souvent aucune alternative standard de l\u2019industrie permettant de d\u00e9sactiver les cookies sans compromettre la fonctionnalit\u00e9 du site Web. Par cons\u00e9quent, nous vous sugg\u00e9rons de garder les cookies activ\u00e9s, sauf si vous \u00eates certain de ne pas en avoir besoin.<\/p>\n<p><strong>Comment bloquer les cookies<\/strong> Pour bloquer les cookies, ajustez les param\u00e8tres de votre navigateur. Veuillez noter cependant que leur d\u00e9sactivation peut affecter votre exp\u00e9rience non seulement sur notre site Web, mais \u00e9galement sur d&#039;autres sites Web que vous visitez.<\/p>\n<p><strong>Types de cookies que nous utilisons<\/strong><\/p>\n<ol>\n<li><strong>Cookies de configuration du site<\/strong>: Utilis\u00e9 pour personnaliser votre exp\u00e9rience en m\u00e9morisant vos pr\u00e9f\u00e9rences pour les visites futures.<\/li>\n<li><strong>Cookies partenaires<\/strong>:Nous utilisons des cookies de soci\u00e9t\u00e9s partenaires pour des fonctions sp\u00e9cifiques, dont les d\u00e9tails seront fournis ci-dessous.<\/li>\n<\/ol>\n<p><strong>Outils d&#039;analyse et de publicit\u00e9<\/strong><\/p>\n<ol>\n<li><strong>Google Analytics<\/strong>: Afin de comprendre votre interaction avec notre site Web et de l&#039;am\u00e9liorer, nous utilisons Google Analytics. Ces cookies surveillent des \u00e9l\u00e9ments tels que la dur\u00e9e de votre visite et les pages auxquelles vous acc\u00e9dez.<\/li>\n<li><strong>Google AdSense<\/strong>:Afin d&#039;afficher des publicit\u00e9s pertinentes, nous utilisons AdSense, qui utilise un cookie DoubleClick.<\/li>\n<\/ol>\n<p><strong>Informations Compl\u00e9mentaires<\/strong> Nous esp\u00e9rons que cette politique clarifie l\u2019importance des cookies. Il est recommand\u00e9 de garder les cookies activ\u00e9s pour une exp\u00e9rience de site Web optimis\u00e9e. Pour plus d&#039;informations, veuillez nous contacter \u00e0 : <a target=\"_new\" rel=\"noopener\">contato@bluerabbitech.com<\/a>.<\/p>","protected":false},"excerpt":{"rendered":"<p>Bem-vindo \u00e0 Pol\u00edtica de Cookies do BlueRabbitTech O que s\u00e3o Cookies? No BlueRabbitTech, assim como em muitos sites, utilizamos cookies &#8211; pequenos arquivos que melhoram&#8230;<\/p>","protected":false},"author":1,"featured_media":0,"parent":0,"menu_order":0,"comment_status":"closed","ping_status":"closed","template":"","meta":{"footnotes":""},"class_list":["post-1250","page","type-page","status-publish","hentry"],"_links":{"self":[{"href":"https:\/\/bluerabbitech.com\/fr\/wp-json\/wp\/v2\/pages\/1250","targetHints":{"allow":["GET"]}}],"collection":[{"href":"https:\/\/bluerabbitech.com\/fr\/wp-json\/wp\/v2\/pages"}],"about":[{"href":"https:\/\/bluerabbitech.com\/fr\/wp-json\/wp\/v2\/types\/page"}],"author":[{"embeddable":true,"href":"https:\/\/bluerabbitech.com\/fr\/wp-json\/wp\/v2\/users\/1"}],"replies":[{"embeddable":true,"href":"https:\/\/bluerabbitech.com\/fr\/wp-json\/wp\/v2\/comments?post=1250"}],"version-history":[{"count":1,"href":"https:\/\/bluerabbitech.com\/fr\/wp-json\/wp\/v2\/pages\/1250\/revisions"}],"predecessor-version":[{"id":1251,"href":"https:\/\/bluerabbitech.com\/fr\/wp-json\/wp\/v2\/pages\/1250\/revisions\/1251"}],"wp:attachment":[{"href":"https:\/\/bluerabbitech.com\/fr\/wp-json\/wp\/v2\/media?parent=1250"}],"curies":[{"name":"wp","href":"https:\/\/api.w.org\/{rel}","templated":true}]}}