{"id":2675,"date":"2025-03-04T21:11:47","date_gmt":"2025-03-05T00:11:47","guid":{"rendered":"http:\/\/bluerabbitech.com\/?page_id=2675"},"modified":"2025-03-04T21:31:38","modified_gmt":"2025-03-05T00:31:38","slug":"voce-e-fa-de-gran-hermano-descubra-como-acompanhar-cada-momento","status":"publish","type":"page","link":"https:\/\/bluerabbitech.com\/fr\/voce-e-fa-de-gran-hermano-descubra-como-acompanhar-cada-momento\/","title":{"rendered":"\u00cates-vous fan de Gran Hermano? D\u00e9couvrez comment suivre chaque instant !"},"content":{"rendered":"<p data-pm-slice=\"1 1 []\">Si vous \u00eates passionn\u00e9 de t\u00e9l\u00e9-r\u00e9alit\u00e9, vous savez que <strong>Grand fr\u00e8re<\/strong> est l&#039;une des comp\u00e9titions les plus \u00e9lectrisantes de la t\u00e9l\u00e9vision ! Avec des strat\u00e9gies, des \u00e9liminations inattendues et une dynamique engageante, l&#039;\u00e9mission garde les fans coll\u00e9s \u00e0 l&#039;\u00e9cran, impatients de savoir qui sera le grand gagnant.<\/p>\n<p data-pm-slice=\"1 1 []\"><a href=\"http:\/\/bluerabbitech.com\/es\/aplicativo-para-assistir-ao-gran-hermano\/\" class=\"epcl-shortcode epcl-button fluid gradient red\" target=\"_self\" >Application pour regarder Gran Hermano LIVE <\/a>\n<p data-pm-slice=\"1 1 []\"><a href=\"http:\/\/bluerabbitech.com\/es\/2647-2\/\" class=\"epcl-shortcode epcl-button fluid gradient red\" target=\"_self\" >suivez les votes \u00e0 Gran Hermano 2025<\/a>\n<p>Imaginez pouvoir tout regarder <strong>en direct, sans manquer aucun d\u00e9tail<\/strong>, suivez les alliances qui se forment, les conflits au sein de la maison et les strat\u00e9gies des participants. Maintenant, pensez \u00e0 <strong>avoir acc\u00e8s \u00e0 une diffusion 24 heures sur 24<\/strong>, des votes exclusifs et les meilleurs moments de la t\u00e9l\u00e9-r\u00e9alit\u00e9 au creux de votre main !<\/p>\n<p>Il n\u2019y a rien de pire que de rater ce retour historique ou l\u2019\u00e9limination la plus attendue de la saison, n\u2019est-ce pas ? Mais la bonne nouvelle est que <strong>Vous pouvez regarder Gran Hermano et m\u00eame participer aux votes qui d\u00e9finissent le sort des participants<\/strong>. Oui, vous avez le pouvoir d\u2019influencer le jeu et de soutenir activement votre favori\u00a0!<\/p>\n<p>Vous voulez savoir ? <strong>comment suivre l&#039;\u00e9mission de t\u00e9l\u00e9r\u00e9alit\u00e9 et o\u00f9 regarder Gran Hermano en direct<\/strong>? Alors cliquez sur le lien ci-dessous et d\u00e9couvrez toutes les options disponibles pour ne rien manquer de cette \u00e9dition \u00e9lectrisante !<\/p>\n<p>\ud83d\ude80 <strong>Ne manquez pas \u00e7a ! Cliquez maintenant et d\u00e9couvrez comment suivre chaque instant de Gran Hermano !<\/strong><\/p>\n<p><a href=\"http:\/\/bluerabbitech.com\"><img loading=\"lazy\" decoding=\"async\" class=\"size-medium wp-image-2676 aligncenter\" src=\"http:\/\/bluerabbitech.com\/wp-content\/uploads\/2025\/03\/gran-hermanooo-300x169.jpg\" alt=\"\" width=\"300\" height=\"169\" srcset=\"https:\/\/bluerabbitech.com\/wp-content\/uploads\/2025\/03\/gran-hermanooo-300x169.jpg 300w, https:\/\/bluerabbitech.com\/wp-content\/uploads\/2025\/03\/gran-hermanooo-1024x576.jpg 1024w, https:\/\/bluerabbitech.com\/wp-content\/uploads\/2025\/03\/gran-hermanooo-768x432.jpg 768w, https:\/\/bluerabbitech.com\/wp-content\/uploads\/2025\/03\/gran-hermanooo-18x10.jpg 18w, https:\/\/bluerabbitech.com\/wp-content\/uploads\/2025\/03\/gran-hermanooo.jpg 1200w\" sizes=\"auto, (max-width: 300px) 100vw, 300px\" \/><\/a><\/p>","protected":false},"excerpt":{"rendered":"<p>Se voc\u00ea \u00e9 apaixonado por reality shows, sabe que Gran Hermano \u00e9 uma das competi\u00e7\u00f5es mais eletrizantes da TV! Com estrat\u00e9gias, elimina\u00e7\u00f5es inesperadas e din\u00e2micas&#8230;<\/p>","protected":false},"author":1,"featured_media":0,"parent":0,"menu_order":0,"comment_status":"closed","ping_status":"closed","template":"","meta":{"footnotes":""},"class_list":["post-2675","page","type-page","status-publish","hentry"],"_links":{"self":[{"href":"https:\/\/bluerabbitech.com\/fr\/wp-json\/wp\/v2\/pages\/2675","targetHints":{"allow":["GET"]}}],"collection":[{"href":"https:\/\/bluerabbitech.com\/fr\/wp-json\/wp\/v2\/pages"}],"about":[{"href":"https:\/\/bluerabbitech.com\/fr\/wp-json\/wp\/v2\/types\/page"}],"author":[{"embeddable":true,"href":"https:\/\/bluerabbitech.com\/fr\/wp-json\/wp\/v2\/users\/1"}],"replies":[{"embeddable":true,"href":"https:\/\/bluerabbitech.com\/fr\/wp-json\/wp\/v2\/comments?post=2675"}],"version-history":[{"count":3,"href":"https:\/\/bluerabbitech.com\/fr\/wp-json\/wp\/v2\/pages\/2675\/revisions"}],"predecessor-version":[{"id":2680,"href":"https:\/\/bluerabbitech.com\/fr\/wp-json\/wp\/v2\/pages\/2675\/revisions\/2680"}],"wp:attachment":[{"href":"https:\/\/bluerabbitech.com\/fr\/wp-json\/wp\/v2\/media?parent=2675"}],"curies":[{"name":"wp","href":"https:\/\/api.w.org\/{rel}","templated":true}]}}