{"id":1244,"date":"2024-01-08T21:18:15","date_gmt":"2024-01-09T00:18:15","guid":{"rendered":"http:\/\/bluerabbitech.com\/?page_id=1244"},"modified":"2024-01-08T21:18:15","modified_gmt":"2024-01-09T00:18:15","slug":"quem-somos","status":"publish","type":"page","link":"https:\/\/bluerabbitech.com\/he\/quem-somos\/","title":{"rendered":"\u05de\u05d9 \u05d0\u05e0\u05d7\u05e0\u05d5"},"content":{"rendered":"<p>\u05d1\u05e8\u05d5\u05db\u05d9\u05dd \u05d4\u05d1\u05d0\u05d9\u05dd \u05dc <strong>\u05d1\u05dc\u05d5-\u05e8\u05d1\u05d9\u05d8 \u05d8\u05e7<\/strong>, \u05e9\u05d4\u05d5\u05e9\u05e7 \u05d1\u05e9\u05e0\u05ea 2023 \u05db\u05de\u05e8\u05db\u05d6 \u05d9\u05d9\u05e2\u05d5\u05d3\u05d9 \u05dc\u05d7\u05d5\u05d1\u05d1\u05d9 \u05d8\u05db\u05e0\u05d5\u05dc\u05d5\u05d2\u05d9\u05d4 \u05d5\u05d7\u05d3\u05e9\u05e0\u05d5\u05ea. \u05d4\u05de\u05e9\u05d9\u05de\u05d4 \u05e9\u05dc\u05e0\u05d5 \u05d4\u05d9\u05d0 \u05dc\u05e4\u05e9\u05d8 \u05d0\u05ea \u05de\u05d5\u05e8\u05db\u05d1\u05d5\u05ea \u05d4\u05e2\u05d5\u05dc\u05dd \u05d4\u05d3\u05d9\u05d2\u05d9\u05d8\u05dc\u05d9, \u05d5\u05dc\u05d4\u05e4\u05d5\u05da \u05d0\u05ea \u05d4\u05d2\u05d9\u05e9\u05d4 \u05dc\u05de\u05d9\u05d3\u05e2 \u05d5\u05d9\u05d3\u05e2 \u05d8\u05db\u05e0\u05d5\u05dc\u05d5\u05d2\u05d9 \u05dc\u05d3\u05de\u05d5\u05e7\u05e8\u05d8\u05d9\u05ea.<\/p>\n<p>\u05d0\u05e0\u05d5 \u05de\u05d0\u05de\u05d9\u05e0\u05d9\u05dd \u05e9\u05de\u05d9\u05d3\u05e2 \u05d1\u05e8\u05d5\u05e8 \u05d5\u05d0\u05d9\u05db\u05d5\u05ea\u05d9 \u05d4\u05d5\u05d0 \u05e7\u05e8\u05d9\u05d8\u05d9 \u05dc\u05e0\u05d9\u05d5\u05d5\u05d8 \u05d1\u05e0\u05d5\u05e3 \u05d4\u05d8\u05db\u05e0\u05d5\u05dc\u05d5\u05d2\u05d9 \u05d4\u05de\u05ea\u05e4\u05ea\u05d7 \u05dc\u05dc\u05d0 \u05d4\u05e8\u05e3. <strong>\u05d1\u05dc\u05d5-\u05e8\u05d1\u05d9\u05d8 \u05d8\u05e7<\/strong>\u05d0\u05e0\u05d5 \u05de\u05d7\u05d5\u05d9\u05d1\u05d9\u05dd \u05dc\u05e1\u05e4\u05e7 \u05e0\u05d9\u05ea\u05d5\u05d7\u05d9\u05dd, \u05de\u05d3\u05e8\u05d9\u05db\u05d9\u05dd \u05d5\u05ea\u05d5\u05d1\u05e0\u05d5\u05ea \u05de\u05d4\u05d9\u05de\u05e0\u05d9\u05dd \u05d0\u05e9\u05e8 \u05dc\u05d0 \u05e8\u05e7 \u05de\u05dc\u05de\u05d3\u05d9\u05dd, \u05d0\u05dc\u05d0 \u05d2\u05dd \u05de\u05e2\u05d5\u05e8\u05e8\u05d9\u05dd \u05d4\u05e9\u05e8\u05d0\u05d4 \u05d5\u05de\u05e2\u05e6\u05d9\u05de\u05d9\u05dd \u05d0\u05ea \u05e7\u05d5\u05e8\u05d0\u05d9\u05e0\u05d5.<\/p>\n<p>\u05d4\u05e6\u05d5\u05d5\u05ea \u05e9\u05dc\u05e0\u05d5 \u05de\u05d5\u05e8\u05db\u05d1 \u05de\u05d0\u05e0\u05e9\u05d9 \u05de\u05e7\u05e6\u05d5\u05e2 \u05d8\u05db\u05e0\u05d5\u05dc\u05d5\u05d2\u05d9\u05d9\u05dd \u05e0\u05dc\u05d4\u05d1\u05d9\u05dd \u05d4\u05de\u05d7\u05d5\u05d9\u05d1\u05d9\u05dd \u05dc\u05e9\u05d9\u05ea\u05d5\u05e3 \u05d4\u05d9\u05d3\u05e2 \u05d5\u05d4\u05e0\u05d9\u05e1\u05d9\u05d5\u05df \u05e9\u05dc\u05d4\u05dd. \u05d0\u05e0\u05d5 \u05e9\u05d5\u05d0\u05e4\u05d9\u05dd \u05dc\u05d4\u05d1\u05d8\u05d9\u05d7 \u05e9\u05db\u05dc \u05e4\u05d9\u05e1\u05ea \u05ea\u05d5\u05db\u05df \u05ea\u05d4\u05d9\u05d4 \u05e0\u05d2\u05d9\u05e9\u05d4, \u05e8\u05dc\u05d5\u05d5\u05e0\u05d8\u05d9\u05ea \u05d5\u05d1\u05e2\u05dc\u05ea \u05e2\u05e8\u05da \u05dc\u05db\u05d5\u05dc\u05dd, \u05d4\u05d7\u05dc \u05de\u05d7\u05d5\u05d1\u05d1\u05d9 \u05d8\u05db\u05e0\u05d5\u05dc\u05d5\u05d2\u05d9\u05d4 \u05d5\u05e2\u05d3 \u05dc\u05d0\u05e0\u05e9\u05d9 \u05de\u05e7\u05e6\u05d5\u05e2 \u05d1\u05ea\u05e2\u05e9\u05d9\u05d9\u05d4.<\/p>\n<p>\u05e6\u05d5\u05b9\u05de\u05b6\u05ea <strong>\u05d1\u05dc\u05d5-\u05e8\u05d1\u05d9\u05d8 \u05d8\u05e7<\/strong>\u05d0\u05e0\u05d7\u05e0\u05d5 \u05ea\u05de\u05d9\u05d3 \u05de\u05d7\u05e4\u05e9\u05d9\u05dd \u05d3\u05e8\u05db\u05d9\u05dd \u05d7\u05d3\u05e9\u05d5\u05ea \u05dc\u05d4\u05e4\u05d5\u05da \u05de\u05d9\u05d3\u05e2 \u05d8\u05db\u05e0\u05d5\u05dc\u05d5\u05d2\u05d9 \u05dc\u05de\u05d5\u05d1\u05df \u05d5\u05d9\u05e9\u05d9\u05dd \u05d9\u05d5\u05ea\u05e8. \u05d4\u05e6\u05d8\u05e8\u05e4\u05d5 \u05d0\u05dc\u05d9\u05e0\u05d5 \u05dc\u05de\u05e1\u05e2 \u05e9\u05dc \u05d2\u05d9\u05dc\u05d5\u05d9 \u05d5\u05d7\u05d3\u05e9\u05e0\u05d5\u05ea, \u05d5\u05d4\u05d9\u05e9\u05d0\u05e8\u05d5 \u05de\u05e2\u05d5\u05d3\u05db\u05e0\u05d9\u05dd \u05d1\u05d8\u05d5\u05d1 \u05d1\u05d9\u05d5\u05ea\u05e8 \u05e9\u05dc \u05d4\u05e2\u05d5\u05dc\u05dd \u05d4\u05d3\u05d9\u05d2\u05d9\u05d8\u05dc\u05d9!<\/p>","protected":false},"excerpt":{"rendered":"<p>Bem-vindo ao BlueRabbitTech, lan\u00e7ado em 2023 como um hub dedicado para os entusiastas de tecnologia e inova\u00e7\u00e3o. Nossa miss\u00e3o \u00e9 simplificar a complexidade do mundo&#8230;<\/p>","protected":false},"author":1,"featured_media":0,"parent":0,"menu_order":0,"comment_status":"closed","ping_status":"closed","template":"","meta":{"footnotes":""},"class_list":["post-1244","page","type-page","status-publish","hentry"],"_links":{"self":[{"href":"https:\/\/bluerabbitech.com\/he\/wp-json\/wp\/v2\/pages\/1244","targetHints":{"allow":["GET"]}}],"collection":[{"href":"https:\/\/bluerabbitech.com\/he\/wp-json\/wp\/v2\/pages"}],"about":[{"href":"https:\/\/bluerabbitech.com\/he\/wp-json\/wp\/v2\/types\/page"}],"author":[{"embeddable":true,"href":"https:\/\/bluerabbitech.com\/he\/wp-json\/wp\/v2\/users\/1"}],"replies":[{"embeddable":true,"href":"https:\/\/bluerabbitech.com\/he\/wp-json\/wp\/v2\/comments?post=1244"}],"version-history":[{"count":1,"href":"https:\/\/bluerabbitech.com\/he\/wp-json\/wp\/v2\/pages\/1244\/revisions"}],"predecessor-version":[{"id":1245,"href":"https:\/\/bluerabbitech.com\/he\/wp-json\/wp\/v2\/pages\/1244\/revisions\/1245"}],"wp:attachment":[{"href":"https:\/\/bluerabbitech.com\/he\/wp-json\/wp\/v2\/media?parent=1244"}],"curies":[{"name":"wp","href":"https:\/\/api.w.org\/{rel}","templated":true}]}}