{"id":1248,"date":"2024-01-08T21:20:55","date_gmt":"2024-01-09T00:20:55","guid":{"rendered":"http:\/\/bluerabbitech.com\/?page_id=1248"},"modified":"2024-01-08T21:20:55","modified_gmt":"2024-01-09T00:20:55","slug":"politica-de-privacidade","status":"publish","type":"page","link":"https:\/\/bluerabbitech.com\/he\/politica-de-privacidade\/","title":{"rendered":"\u05de\u05d3\u05d9\u05e0\u05d9\u05d5\u05ea \u05e4\u05e8\u05d8\u05d9\u05d5\u05ea"},"content":{"rendered":"<p><strong>\u05de\u05d4\u05df \u05e2\u05d5\u05d2\u05d9\u05d5\u05ea?<\/strong> \u05d1-BlueRabbitTech, \u05d0\u05e0\u05d5 \u05de\u05e9\u05ea\u05de\u05e9\u05d9\u05dd \u05d1\u05e7\u05d5\u05d1\u05e6\u05d9 Cookie \u2013 \u05e7\u05d1\u05e6\u05d9\u05dd \u05e7\u05d8\u05e0\u05d9\u05dd \u05d4\u05de\u05e9\u05e4\u05e8\u05d9\u05dd \u05d0\u05ea \u05d7\u05d5\u05d5\u05d9\u05d9\u05ea \u05d4\u05d2\u05dc\u05d9\u05e9\u05d4 \u05e9\u05dc\u05da \u05d1\u05d0\u05ea\u05e8 \u05e9\u05dc\u05e0\u05d5. \u05e1\u05e2\u05d9\u05e3 \u05d6\u05d4 \u05de\u05e1\u05d1\u05d9\u05e8 \u05de\u05d4 \u05e2\u05d5\u05e9\u05d5\u05ea \u05e7\u05d5\u05d1\u05e6\u05d9 Cookie, \u05db\u05d9\u05e6\u05d3 \u05d0\u05e0\u05d5 \u05de\u05e9\u05ea\u05de\u05e9\u05d9\u05dd \u05d1\u05d4\u05dd \u05d5\u05de\u05d3\u05d5\u05e2 \u05d4\u05dd \u05e0\u05d7\u05d5\u05e6\u05d9\u05dd \u05dc\u05e4\u05e2\u05de\u05d9\u05dd. \u05e0\u05e4\u05e8\u05d8 \u05d2\u05dd \u05db\u05d9\u05e6\u05d3 \u05ea\u05d5\u05db\u05dc \u05dc\u05de\u05e0\u05d5\u05e2 \u05d0\u05ea \u05e9\u05de\u05d9\u05e8\u05ea \u05e7\u05d5\u05d1\u05e6\u05d9 Cookie \u05d0\u05dc\u05d4, \u05d3\u05d1\u05e8 \u05e9\u05e2\u05e9\u05d5\u05d9 \u05dc\u05d4\u05e9\u05e4\u05d9\u05e2 \u05e2\u05dc \u05e4\u05d5\u05e0\u05e7\u05e6\u05d9\u05d5\u05e0\u05dc\u05d9\u05d5\u05ea \u05d4\u05d0\u05ea\u05e8.<\/p>\n<p><strong>\u05e9\u05d9\u05de\u05d5\u05e9 \u05d1\u05e2\u05d5\u05d2\u05d9\u05d5\u05ea<\/strong> \u05d0\u05e0\u05d5 \u05de\u05e9\u05ea\u05de\u05e9\u05d9\u05dd \u05d1\u05e7\u05d5\u05d1\u05e6\u05d9 Cookie \u05de\u05de\u05d2\u05d5\u05d5\u05df \u05e1\u05d9\u05d1\u05d5\u05ea, \u05d0\u05d5\u05ea\u05df \u05e0\u05e1\u05d1\u05d9\u05e8 \u05d1\u05d4\u05de\u05e9\u05da. \u05d4\u05e9\u05d1\u05ea\u05ea \u05e7\u05d5\u05d1\u05e6\u05d9 Cookie \u05d9\u05db\u05d5\u05dc\u05d4 \u05d1\u05d3\u05e8\u05da \u05db\u05dc\u05dc \u05dc\u05d4\u05e9\u05e4\u05d9\u05e2 \u05e2\u05dc \u05e4\u05d5\u05e0\u05e7\u05e6\u05d9\u05d5\u05e0\u05dc\u05d9\u05d5\u05ea \u05d4\u05d0\u05ea\u05e8, \u05dc\u05db\u05df \u05d0\u05e0\u05d5 \u05de\u05de\u05dc\u05d9\u05e6\u05d9\u05dd \u05dc\u05d4\u05e9\u05d0\u05d9\u05e8 \u05d0\u05d5\u05ea\u05dd \u05de\u05d5\u05e4\u05e2\u05dc\u05d9\u05dd.<\/p>\n<p><strong>\u05db\u05d9\u05e6\u05d3 \u05dc\u05d4\u05e9\u05d1\u05d9\u05ea \u05e2\u05d5\u05d2\u05d9\u05d5\u05ea<\/strong> \u05d1\u05d0\u05e4\u05e9\u05e8\u05d5\u05ea\u05da \u05dc\u05de\u05e0\u05d5\u05e2 \u05d4\u05e6\u05d1\u05ea \u05e7\u05d5\u05d1\u05e6\u05d9 Cookie \u05e2\u05dc \u05d9\u05d3\u05d9 \u05d4\u05ea\u05d0\u05de\u05ea \u05d4\u05d2\u05d3\u05e8\u05d5\u05ea \u05d4\u05d3\u05e4\u05d3\u05e4\u05df \u05e9\u05dc\u05da. \u05e2\u05dd \u05d6\u05d0\u05ea, \u05e9\u05d9\u05dd \u05dc\u05d1 \u05db\u05d9 \u05d4\u05e9\u05d1\u05ea\u05ea \u05e7\u05d5\u05d1\u05e6\u05d9 Cookie \u05e2\u05dc\u05d5\u05dc\u05d4 \u05dc\u05d4\u05d2\u05d1\u05d9\u05dc \u05d0\u05ea \u05d4\u05e4\u05d5\u05e0\u05e7\u05e6\u05d9\u05d5\u05e0\u05dc\u05d9\u05d5\u05ea \u05e9\u05dc \u05d0\u05ea\u05e8\u05d9 \u05d4\u05d0\u05d9\u05e0\u05d8\u05e8\u05e0\u05d8 \u05e9\u05dc\u05e0\u05d5 \u05d5\u05d0\u05ea\u05e8\u05d9 \u05d0\u05d9\u05e0\u05d8\u05e8\u05e0\u05d8 \u05d0\u05d7\u05e8\u05d9\u05dd.<\/p>\n<p><strong>\u05e7\u05d5\u05d1\u05e6\u05d9 Cookie \u05d1\u05d4\u05dd \u05d0\u05e0\u05d5 \u05de\u05e9\u05ea\u05de\u05e9\u05d9\u05dd<\/strong><\/p>\n<ol>\n<li><strong>\u05e7\u05d5\u05d1\u05e6\u05d9 Cookie \u05e9\u05dc \u05ea\u05e6\u05d5\u05e8\u05ea \u05d0\u05ea\u05e8 \u05d0\u05d9\u05e0\u05d8\u05e8\u05e0\u05d8<\/strong>\u05d0\u05e0\u05d5 \u05de\u05e9\u05ea\u05de\u05e9\u05d9\u05dd \u05d1\u05e7\u05d5\u05d1\u05e6\u05d9 Cookie \u05db\u05d3\u05d9 \u05dc\u05d4\u05ea\u05d0\u05d9\u05dd \u05d0\u05d9\u05e9\u05d9\u05ea \u05d0\u05ea \u05d7\u05d5\u05d5\u05d9\u05d9\u05ea \u05d4\u05de\u05e9\u05ea\u05de\u05e9 \u05e9\u05dc\u05da \u05e2\u05dc \u05d9\u05d3\u05d9 \u05d6\u05db\u05d9\u05e8\u05ea \u05d4\u05d4\u05e2\u05d3\u05e4\u05d5\u05ea \u05e9\u05dc\u05da \u05dc\u05d1\u05d9\u05e7\u05d5\u05e8\u05d9\u05dd \u05e2\u05ea\u05d9\u05d3\u05d9\u05d9\u05dd.<\/li>\n<li><strong>\u05e2\u05d5\u05d2\u05d9\u05d5\u05ea \u05e9\u05dc \u05e9\u05d5\u05ea\u05e4\u05d9\u05dd<\/strong>\u05d0\u05e0\u05d5 \u05de\u05e9\u05ea\u05de\u05e9\u05d9\u05dd \u05d1\u05e2\u05d5\u05d2\u05d9\u05d5\u05ea \u05e9\u05dc \u05e6\u05d3 \u05e9\u05dc\u05d9\u05e9\u05d9 \u05d1\u05de\u05e6\u05d1\u05d9\u05dd \u05de\u05e1\u05d5\u05d9\u05de\u05d9\u05dd. \u05e4\u05e8\u05d8\u05d9\u05dd \u05e2\u05dc \u05e2\u05d5\u05d2\u05d9\u05d5\u05ea \u05d0\u05dc\u05d5 \u05de\u05d5\u05e4\u05d9\u05e2\u05d9\u05dd \u05dc\u05d4\u05dc\u05df.<\/li>\n<li><strong>\u05d2\u05d5\u05d2\u05dc \u05d0\u05e0\u05dc\u05d9\u05d8\u05d9\u05e7\u05e1<\/strong>\u05db\u05d3\u05d9 \u05dc\u05e0\u05ea\u05d7 \u05d0\u05ea \u05d4\u05d0\u05d9\u05e0\u05d8\u05e8\u05d0\u05e7\u05e6\u05d9\u05d4 \u05e9\u05dc \u05d4\u05de\u05e9\u05ea\u05de\u05e9\u05d9\u05dd \u05e2\u05dd \u05d0\u05ea\u05e8 \u05d4\u05d0\u05d9\u05e0\u05d8\u05e8\u05e0\u05d8 \u05e9\u05dc\u05e0\u05d5, \u05d0\u05e0\u05d5 \u05de\u05e9\u05ea\u05de\u05e9\u05d9\u05dd \u05d1-Google Analytics, \u05d0\u05e9\u05e8 \u05d0\u05d5\u05e1\u05e3 \u05e0\u05ea\u05d5\u05e0\u05d9\u05dd \u05db\u05d2\u05d5\u05df \u05de\u05e9\u05da \u05d4\u05d1\u05d9\u05e7\u05d5\u05e8 \u05d5\u05d4\u05d3\u05e4\u05d9\u05dd \u05d1\u05d4\u05dd \u05d1\u05d9\u05e7\u05e8\u05ea\u05dd.<\/li>\n<li><strong>\u05d2\u05d5\u05d2\u05dc \u05d0\u05d3\u05e1\u05e0\u05e1<\/strong>\u05dc\u05e6\u05d5\u05e8\u05da \u05e4\u05e8\u05e1\u05d5\u05dd, \u05d0\u05e0\u05d5 \u05de\u05e9\u05ea\u05de\u05e9\u05d9\u05dd \u05d1-AdSense, \u05d4\u05de\u05e9\u05ea\u05de\u05e9 \u05d1\u05e7\u05d5\u05d1\u05e5 Cookie \u05e9\u05dc DoubleClick \u05db\u05d3\u05d9 \u05dc\u05d4\u05e6\u05d9\u05d2 \u05de\u05d5\u05d3\u05e2\u05d5\u05ea \u05e8\u05dc\u05d5\u05d5\u05e0\u05d8\u05d9\u05d5\u05ea \u05d5\u05dc\u05e9\u05dc\u05d5\u05d8 \u05d1\u05ea\u05d3\u05d9\u05e8\u05d5\u05ea \u05d4\u05e6\u05d2\u05ea \u05de\u05d5\u05d3\u05e2\u05d4 \u05e1\u05e4\u05e6\u05d9\u05e4\u05d9\u05ea.<\/li>\n<\/ol>\n<p><strong>\u05de\u05d9\u05d3\u05e2 \u05e0\u05d5\u05e1\u05e3<\/strong> \u05d0\u05e0\u05d5 \u05de\u05e7\u05d5\u05d5\u05d9\u05dd \u05e9\u05de\u05d9\u05d3\u05e2 \u05d6\u05d4 \u05d9\u05e1\u05d9\u05d9\u05e2 \u05dc\u05da \u05dc\u05d4\u05d1\u05d9\u05df \u05d0\u05ea \u05de\u05d3\u05d9\u05e0\u05d9\u05d5\u05ea \u05e7\u05d5\u05d1\u05e6\u05d9 \u05d4-Cookie \u05e9\u05dc\u05e0\u05d5. \u05de\u05d5\u05de\u05dc\u05e5 \u05dc\u05d4\u05e9\u05d0\u05d9\u05e8 \u05e7\u05d5\u05d1\u05e6\u05d9 Cookie \u05de\u05d5\u05e4\u05e2\u05dc\u05d9\u05dd \u05dc\u05d7\u05d5\u05d5\u05d9\u05d9\u05ea \u05d0\u05ea\u05e8 \u05de\u05d9\u05d8\u05d1\u05d9\u05ea. \u05dc\u05de\u05d9\u05d3\u05e2 \u05e0\u05d5\u05e1\u05e3 \u05d0\u05e0\u05d0 \u05e6\u05d5\u05e8 \u05d0\u05d9\u05ea\u05e0\u05d5 \u05e7\u05e9\u05e8 \u05d1\u05db\u05ea\u05d5\u05d1\u05ea: <a target=\"_new\" rel=\"noopener\">contato@bluerabbitech.com<\/a>.<\/p>","protected":false},"excerpt":{"rendered":"<p>O que s\u00e3o Cookies? No BlueRabbitTech, usamos cookies &#8211; pequenos arquivos que aprimoram sua experi\u00eancia de navega\u00e7\u00e3o em nosso site. Esta se\u00e7\u00e3o esclarece o papel&#8230;<\/p>","protected":false},"author":1,"featured_media":0,"parent":0,"menu_order":0,"comment_status":"closed","ping_status":"closed","template":"","meta":{"footnotes":""},"class_list":["post-1248","page","type-page","status-publish","hentry"],"_links":{"self":[{"href":"https:\/\/bluerabbitech.com\/he\/wp-json\/wp\/v2\/pages\/1248","targetHints":{"allow":["GET"]}}],"collection":[{"href":"https:\/\/bluerabbitech.com\/he\/wp-json\/wp\/v2\/pages"}],"about":[{"href":"https:\/\/bluerabbitech.com\/he\/wp-json\/wp\/v2\/types\/page"}],"author":[{"embeddable":true,"href":"https:\/\/bluerabbitech.com\/he\/wp-json\/wp\/v2\/users\/1"}],"replies":[{"embeddable":true,"href":"https:\/\/bluerabbitech.com\/he\/wp-json\/wp\/v2\/comments?post=1248"}],"version-history":[{"count":1,"href":"https:\/\/bluerabbitech.com\/he\/wp-json\/wp\/v2\/pages\/1248\/revisions"}],"predecessor-version":[{"id":1249,"href":"https:\/\/bluerabbitech.com\/he\/wp-json\/wp\/v2\/pages\/1248\/revisions\/1249"}],"wp:attachment":[{"href":"https:\/\/bluerabbitech.com\/he\/wp-json\/wp\/v2\/media?parent=1248"}],"curies":[{"name":"wp","href":"https:\/\/api.w.org\/{rel}","templated":true}]}}