{"id":1244,"date":"2024-01-08T21:18:15","date_gmt":"2024-01-09T00:18:15","guid":{"rendered":"http:\/\/bluerabbitech.com\/?page_id=1244"},"modified":"2024-01-08T21:18:15","modified_gmt":"2024-01-09T00:18:15","slug":"quem-somos","status":"publish","type":"page","link":"https:\/\/bluerabbitech.com\/hr\/quem-somos\/","title":{"rendered":"Tko smo mi"},"content":{"rendered":"<p>Dobrodo\u0161li u <strong>BlueRabbitTech<\/strong>, pokrenut 2023. kao namjensko sredi\u0161te za entuzijaste tehnologije i inovacija. Na\u0161a misija je pojednostaviti slo\u017eenost digitalnog svijeta, demokratizirati pristup informacijama i tehnolo\u0161kom znanju.<\/p>\n<p>Vjerujemo da su jasne, visokokvalitetne informacije presudne za snala\u017eenje u tehnolo\u0161kom krajoliku koji se stalno razvija. \u010cvor <strong>BlueRabbitTech<\/strong>, posve\u0107eni smo pru\u017eanju pouzdanih analiza, vodi\u010da i uvida koji ne samo da informiraju, ve\u0107 i nadahnjuju i osna\u017euju na\u0161e \u010ditatelje.<\/p>\n<p>Na\u0161 tim \u010dine profesionalci koji su strastveni u tehnologiji i predani dijeljenju svog znanja i iskustva. Nastojimo osigurati da je svaki dio sadr\u017eaja dostupan, relevantan i vrijedan svima, od entuzijasta do profesionalaca u industriji.<\/p>\n<p>\u010cvor <strong>BlueRabbitTech<\/strong>, uvijek tra\u017eimo nove na\u010dine kako tehnolo\u0161ke informacije u\u010diniti razumljivijima i primjenjivijima. Pridru\u017eite nam se na ovom putovanju otkri\u0107a i inovacija i ostanite u tijeku s najboljim iz digitalnog svijeta!<\/p>","protected":false},"excerpt":{"rendered":"<p>Bem-vindo ao BlueRabbitTech, lan\u00e7ado em 2023 como um hub dedicado para os entusiastas de tecnologia e inova\u00e7\u00e3o. Nossa miss\u00e3o \u00e9 simplificar a complexidade do mundo&#8230;<\/p>","protected":false},"author":1,"featured_media":0,"parent":0,"menu_order":0,"comment_status":"closed","ping_status":"closed","template":"","meta":{"footnotes":""},"class_list":["post-1244","page","type-page","status-publish","hentry"],"_links":{"self":[{"href":"https:\/\/bluerabbitech.com\/hr\/wp-json\/wp\/v2\/pages\/1244","targetHints":{"allow":["GET"]}}],"collection":[{"href":"https:\/\/bluerabbitech.com\/hr\/wp-json\/wp\/v2\/pages"}],"about":[{"href":"https:\/\/bluerabbitech.com\/hr\/wp-json\/wp\/v2\/types\/page"}],"author":[{"embeddable":true,"href":"https:\/\/bluerabbitech.com\/hr\/wp-json\/wp\/v2\/users\/1"}],"replies":[{"embeddable":true,"href":"https:\/\/bluerabbitech.com\/hr\/wp-json\/wp\/v2\/comments?post=1244"}],"version-history":[{"count":1,"href":"https:\/\/bluerabbitech.com\/hr\/wp-json\/wp\/v2\/pages\/1244\/revisions"}],"predecessor-version":[{"id":1245,"href":"https:\/\/bluerabbitech.com\/hr\/wp-json\/wp\/v2\/pages\/1244\/revisions\/1245"}],"wp:attachment":[{"href":"https:\/\/bluerabbitech.com\/hr\/wp-json\/wp\/v2\/media?parent=1244"}],"curies":[{"name":"wp","href":"https:\/\/api.w.org\/{rel}","templated":true}]}}