{"id":1248,"date":"2024-01-08T21:20:55","date_gmt":"2024-01-09T00:20:55","guid":{"rendered":"http:\/\/bluerabbitech.com\/?page_id=1248"},"modified":"2024-01-08T21:20:55","modified_gmt":"2024-01-09T00:20:55","slug":"politica-de-privacidade","status":"publish","type":"page","link":"https:\/\/bluerabbitech.com\/hr\/politica-de-privacidade\/","title":{"rendered":"Politika privatnosti"},"content":{"rendered":"<p><strong>\u0160to su kola\u010di\u0107i?<\/strong> U BlueRabbitTechu koristimo kola\u010di\u0107e \u2013 male datoteke koje pobolj\u0161avaju va\u0161e iskustvo pregledavanja na\u0161e web stranice. Ovaj odjeljak obja\u0161njava ulogu kola\u010di\u0107a, kako ih koristimo i za\u0161to su ponekad potrebni. Tako\u0111er \u0107emo detaljno opisati kako mo\u017eete sprije\u010diti pohranjivanje ovih kola\u010di\u0107a, \u0161to mo\u017ee utjecati na funkcionalnost stranice.<\/p>\n<p><strong>Kori\u0161tenje kola\u010di\u0107a<\/strong> Kola\u010di\u0107e koristimo iz razli\u010ditih razloga, koje \u0107emo objasniti u nastavku. Obi\u010dno onemogu\u0107avanje kola\u010di\u0107a mo\u017ee utjecati na funkcionalnost web stranice, stoga preporu\u010dujemo da ih ostavite uklju\u010denima.<\/p>\n<p><strong>Kako onemogu\u0107iti kola\u010di\u0107e<\/strong> Postavljanje kola\u010di\u0107a mo\u017eete sprije\u010diti pode\u0161avanjem postavki preglednika. Me\u0111utim, imajte na umu da onemogu\u0107avanje kola\u010di\u0107a mo\u017ee ograni\u010diti funkcionalnost na\u0161e i drugih web stranica.<\/p>\n<p><strong>Kola\u010di\u0107i koje koristimo<\/strong><\/p>\n<ol>\n<li><strong>Kola\u010di\u0107i konfiguracije stranice<\/strong>: Koristimo kola\u010di\u0107e kako bismo personalizirali va\u0161e iskustvo pam\u0107enjem va\u0161ih preferencija za budu\u0107e posjete.<\/li>\n<li><strong>Kola\u010di\u0107i partnera<\/strong>: U odre\u0111enim situacijama koristimo partnerske kola\u010di\u0107e. Pojedinosti o ovim kola\u010di\u0107ima navedene su u nastavku.<\/li>\n<li><strong>Google Analytics<\/strong>: Za analizu interakcije korisnika s na\u0161im web mjestom koristimo Google Analytics koji prikuplja podatke kao \u0161to su trajanje posjeta i posje\u0107ene stranice.<\/li>\n<li><strong>Google AdSense<\/strong>: Za ogla\u0161avanje koristimo AdSense, koji koristi kola\u010di\u0107 DoubleClick za prikazivanje relevantnih oglasa i kontrolu u\u010destalosti prikazivanja odre\u0111enog oglasa.<\/li>\n<\/ol>\n<p><strong>Dodatne informacije<\/strong> Nadamo se da \u0107e vam ove informacije pomo\u0107i da razumijete na\u0161u politiku kola\u010di\u0107a. Preporu\u010da se da kola\u010di\u0107i budu uklju\u010deni za najbolje iskustvo web stranice. Za dodatne informacije kontaktirajte nas na: <a target=\"_new\" rel=\"noopener\">contato@bluerabbitech.com<\/a>.<\/p>","protected":false},"excerpt":{"rendered":"<p>O que s\u00e3o Cookies? No BlueRabbitTech, usamos cookies &#8211; pequenos arquivos que aprimoram sua experi\u00eancia de navega\u00e7\u00e3o em nosso site. Esta se\u00e7\u00e3o esclarece o papel&#8230;<\/p>","protected":false},"author":1,"featured_media":0,"parent":0,"menu_order":0,"comment_status":"closed","ping_status":"closed","template":"","meta":{"footnotes":""},"class_list":["post-1248","page","type-page","status-publish","hentry"],"_links":{"self":[{"href":"https:\/\/bluerabbitech.com\/hr\/wp-json\/wp\/v2\/pages\/1248","targetHints":{"allow":["GET"]}}],"collection":[{"href":"https:\/\/bluerabbitech.com\/hr\/wp-json\/wp\/v2\/pages"}],"about":[{"href":"https:\/\/bluerabbitech.com\/hr\/wp-json\/wp\/v2\/types\/page"}],"author":[{"embeddable":true,"href":"https:\/\/bluerabbitech.com\/hr\/wp-json\/wp\/v2\/users\/1"}],"replies":[{"embeddable":true,"href":"https:\/\/bluerabbitech.com\/hr\/wp-json\/wp\/v2\/comments?post=1248"}],"version-history":[{"count":1,"href":"https:\/\/bluerabbitech.com\/hr\/wp-json\/wp\/v2\/pages\/1248\/revisions"}],"predecessor-version":[{"id":1249,"href":"https:\/\/bluerabbitech.com\/hr\/wp-json\/wp\/v2\/pages\/1248\/revisions\/1249"}],"wp:attachment":[{"href":"https:\/\/bluerabbitech.com\/hr\/wp-json\/wp\/v2\/media?parent=1248"}],"curies":[{"name":"radni list","href":"https:\/\/api.w.org\/{rel}","templated":true}]}}