{"id":1250,"date":"2024-01-08T21:21:24","date_gmt":"2024-01-09T00:21:24","guid":{"rendered":"http:\/\/bluerabbitech.com\/?page_id=1250"},"modified":"2024-01-08T21:21:24","modified_gmt":"2024-01-09T00:21:24","slug":"termos-de-uso","status":"publish","type":"page","link":"https:\/\/bluerabbitech.com\/hr\/termos-de-uso\/","title":{"rendered":"Uvjeti kori\u0161tenja"},"content":{"rendered":"<p><strong>Dobrodo\u0161li u Pravila o kola\u010di\u0107ima tvrtke BlueRabbitTech<\/strong><\/p>\n<p><strong>\u0160to su kola\u010di\u0107i?<\/strong> Na BlueRabbitTechu, kao i mnoge web stranice, koristimo kola\u010di\u0107e \u2013 male datoteke koje pobolj\u0161avaju va\u0161e iskustvo pregledavanja. Prenose se na va\u0161 ure\u0111aj i poma\u017eu u personalizaciji i optimizaciji va\u0161e interakcije s nama. Ovaj odjeljak obja\u0161njava \u0161to kola\u010di\u0107i prikupljaju, kako ih koristimo i, u odre\u0111enim slu\u010dajevima, potrebu za njihovim pohranjivanjem. Tako\u0111er \u0107emo detaljno opisati kako mo\u017eete odbiti ove kola\u010di\u0107e, iako to mo\u017ee utjecati na funkcionalnost stranice.<\/p>\n<p><strong>Za\u0161to koristimo kola\u010di\u0107e?<\/strong> Na\u0161a upotreba kola\u010di\u0107a slu\u017ei nekoliko bitnih svrha. \u010cesto ne postoji standardna alternativa u industriji za onemogu\u0107avanje kola\u010di\u0107a bez ugro\u017eavanja funkcionalnosti web stranice. Stoga vam predla\u017eemo da kola\u010di\u0107e ostavite omogu\u0107ene osim ako niste sigurni da vam nisu potrebni.<\/p>\n<p><strong>Kako blokirati kola\u010di\u0107e<\/strong> Za blokiranje kola\u010di\u0107a prilagodite postavke preglednika. Me\u0111utim, imajte na umu da njihovo onemogu\u0107avanje mo\u017ee utjecati na va\u0161e iskustvo ne samo na na\u0161oj web stranici, ve\u0107 i na drugim web stranicama koje posje\u0107ujete.<\/p>\n<p><strong>Vrste kola\u010di\u0107a koje koristimo<\/strong><\/p>\n<ol>\n<li><strong>Kola\u010di\u0107i konfiguracije stranice<\/strong>: Koristi se za personalizaciju va\u0161eg iskustva pam\u0107enjem va\u0161ih preferencija za budu\u0107e posjete.<\/li>\n<li><strong>Kola\u010di\u0107i partnera<\/strong>Kola\u010di\u0107e partnerskih tvrtki koristimo za odre\u0111ene funkcije, a detalji o tome bit \u0107e navedeni u nastavku.<\/li>\n<\/ol>\n<p><strong>Alati za analitiku i ogla\u0161avanje<\/strong><\/p>\n<ol>\n<li><strong>Google Analytics<\/strong>Kako bismo razumjeli va\u0161u interakciju s na\u0161om web stranicom i pobolj\u0161ali je, koristimo Google Analytics. Ovi kola\u010di\u0107i prate stvari poput duljine va\u0161eg posjeta i stranica kojima pristupate.<\/li>\n<li><strong>Google AdSense<\/strong>Kako bismo prikazali relevantne oglase, koristimo AdSense, koji koristi DoubleClick kola\u010di\u0107.<\/li>\n<\/ol>\n<p><strong>Dodatne informacije<\/strong> Nadamo se da ova politika poja\u0161njava va\u017enost kola\u010di\u0107a. Za optimizirano iskustvo na web stranici preporu\u010duje se ostavljanje kola\u010di\u0107a omogu\u0107enim. Za vi\u0161e informacija, molimo kontaktirajte nas na: <a target=\"_new\" rel=\"noopener\">contato@bluerabbitech.com<\/a>.<\/p>","protected":false},"excerpt":{"rendered":"<p>Bem-vindo \u00e0 Pol\u00edtica de Cookies do BlueRabbitTech O que s\u00e3o Cookies? No BlueRabbitTech, assim como em muitos sites, utilizamos cookies &#8211; pequenos arquivos que melhoram&#8230;<\/p>","protected":false},"author":1,"featured_media":0,"parent":0,"menu_order":0,"comment_status":"closed","ping_status":"closed","template":"","meta":{"footnotes":""},"class_list":["post-1250","page","type-page","status-publish","hentry"],"_links":{"self":[{"href":"https:\/\/bluerabbitech.com\/hr\/wp-json\/wp\/v2\/pages\/1250","targetHints":{"allow":["GET"]}}],"collection":[{"href":"https:\/\/bluerabbitech.com\/hr\/wp-json\/wp\/v2\/pages"}],"about":[{"href":"https:\/\/bluerabbitech.com\/hr\/wp-json\/wp\/v2\/types\/page"}],"author":[{"embeddable":true,"href":"https:\/\/bluerabbitech.com\/hr\/wp-json\/wp\/v2\/users\/1"}],"replies":[{"embeddable":true,"href":"https:\/\/bluerabbitech.com\/hr\/wp-json\/wp\/v2\/comments?post=1250"}],"version-history":[{"count":1,"href":"https:\/\/bluerabbitech.com\/hr\/wp-json\/wp\/v2\/pages\/1250\/revisions"}],"predecessor-version":[{"id":1251,"href":"https:\/\/bluerabbitech.com\/hr\/wp-json\/wp\/v2\/pages\/1250\/revisions\/1251"}],"wp:attachment":[{"href":"https:\/\/bluerabbitech.com\/hr\/wp-json\/wp\/v2\/media?parent=1250"}],"curies":[{"name":"wp","href":"https:\/\/api.w.org\/{rel}","templated":true}]}}