{"id":2675,"date":"2025-03-04T21:11:47","date_gmt":"2025-03-05T00:11:47","guid":{"rendered":"http:\/\/bluerabbitech.com\/?page_id=2675"},"modified":"2025-03-04T21:31:38","modified_gmt":"2025-03-05T00:31:38","slug":"voce-e-fa-de-gran-hermano-descubra-como-acompanhar-cada-momento","status":"publish","type":"page","link":"https:\/\/bluerabbitech.com\/hr\/voce-e-fa-de-gran-hermano-descubra-como-acompanhar-cada-momento\/","title":{"rendered":"Jeste li obo\u017eavatelj Gran Hermana? Otkrijte kako pratiti svaki trenutak!"},"content":{"rendered":"<p data-pm-slice=\"1 1 []\">Ako volite reality TV, to znate <strong>Big Brother<\/strong> jedno je od najelektriziranijih natjecanja na TV-u! Sa strategijama, neo\u010dekivanim eliminacijama i zanimljivom dinamikom, serija dr\u017ei obo\u017eavatelje prikovane za ekran, nestrpljivi da znaju tko \u0107e biti veliki pobjednik.<\/p>\n<p data-pm-slice=\"1 1 []\"><a href=\"http:\/\/bluerabbitech.com\/es\/aplicativo-para-assistir-ao-gran-hermano\/\" class=\"epcl-shortcode epcl-button fluid gradient red\" target=\"_self\" >Aplikacija za gledanje Gran Hermana U\u017dIVO <\/a>\n<p data-pm-slice=\"1 1 []\"><a href=\"http:\/\/bluerabbitech.com\/es\/2647-2\/\" class=\"epcl-shortcode epcl-button fluid gradient red\" target=\"_self\" >pratite glasovanje u Gran Hermanu 2025<\/a>\n<p>Zamislite da mo\u017eete sve gledati <strong>u\u017eivo, bez propu\u0161tanja detalja<\/strong>, prate saveze koji se sklapaju, sukobe unutar ku\u0107e i strategije sudionika. Sada razmislite <strong>imati pristup 24-satnom emitiranju<\/strong>, ekskluzivni glasovi i najbolji trenuci reality showa na dlanu!<\/p>\n<p>Nema ni\u0161ta gore nego propustiti taj povijesni povratak ili najo\u010dekivaniju eliminaciju sezone, zar ne? Ali dobra je vijest da <strong>Mo\u017eete gledati Gran Hermano i \u010dak sudjelovati u glasovanju koje odre\u0111uje sudbinu sudionika<\/strong>. Da, imate mo\u0107 utjecati na igru i aktivno navijati za svog favorita!<\/p>\n<p>\u017delite znati? <strong>kako pratiti reality show i gdje gledati Gran Hermano u\u017eivo<\/strong>? Stoga kliknite na poveznicu u nastavku i otkrijte sve dostupne opcije kako ne biste propustili ni\u0161ta iz ovog uzbudljivog izdanja!<\/p>\n<p>\ud83d\ude80 <strong>Ne propustite! Kliknite sada i pogledajte kako pratiti svaki trenutak Gran Hermana!<\/strong><\/p>\n<p><a href=\"http:\/\/bluerabbitech.com\"><img loading=\"lazy\" decoding=\"async\" class=\"size-medium wp-image-2676 aligncenter\" src=\"http:\/\/bluerabbitech.com\/wp-content\/uploads\/2025\/03\/gran-hermanooo-300x169.jpg\" alt=\"\" width=\"300\" height=\"169\" srcset=\"https:\/\/bluerabbitech.com\/wp-content\/uploads\/2025\/03\/gran-hermanooo-300x169.jpg 300w, https:\/\/bluerabbitech.com\/wp-content\/uploads\/2025\/03\/gran-hermanooo-1024x576.jpg 1024w, https:\/\/bluerabbitech.com\/wp-content\/uploads\/2025\/03\/gran-hermanooo-768x432.jpg 768w, https:\/\/bluerabbitech.com\/wp-content\/uploads\/2025\/03\/gran-hermanooo-18x10.jpg 18w, https:\/\/bluerabbitech.com\/wp-content\/uploads\/2025\/03\/gran-hermanooo.jpg 1200w\" sizes=\"auto, (max-width: 300px) 100vw, 300px\" \/><\/a><\/p>","protected":false},"excerpt":{"rendered":"<p>Se voc\u00ea \u00e9 apaixonado por reality shows, sabe que Gran Hermano \u00e9 uma das competi\u00e7\u00f5es mais eletrizantes da TV! Com estrat\u00e9gias, elimina\u00e7\u00f5es inesperadas e din\u00e2micas&#8230;<\/p>","protected":false},"author":1,"featured_media":0,"parent":0,"menu_order":0,"comment_status":"closed","ping_status":"closed","template":"","meta":{"footnotes":""},"class_list":["post-2675","page","type-page","status-publish","hentry"],"_links":{"self":[{"href":"https:\/\/bluerabbitech.com\/hr\/wp-json\/wp\/v2\/pages\/2675","targetHints":{"allow":["GET"]}}],"collection":[{"href":"https:\/\/bluerabbitech.com\/hr\/wp-json\/wp\/v2\/pages"}],"about":[{"href":"https:\/\/bluerabbitech.com\/hr\/wp-json\/wp\/v2\/types\/page"}],"author":[{"embeddable":true,"href":"https:\/\/bluerabbitech.com\/hr\/wp-json\/wp\/v2\/users\/1"}],"replies":[{"embeddable":true,"href":"https:\/\/bluerabbitech.com\/hr\/wp-json\/wp\/v2\/comments?post=2675"}],"version-history":[{"count":3,"href":"https:\/\/bluerabbitech.com\/hr\/wp-json\/wp\/v2\/pages\/2675\/revisions"}],"predecessor-version":[{"id":2680,"href":"https:\/\/bluerabbitech.com\/hr\/wp-json\/wp\/v2\/pages\/2675\/revisions\/2680"}],"wp:attachment":[{"href":"https:\/\/bluerabbitech.com\/hr\/wp-json\/wp\/v2\/media?parent=2675"}],"curies":[{"name":"wp","href":"https:\/\/api.w.org\/{rel}","templated":true}]}}