{"id":1244,"date":"2024-01-08T21:18:15","date_gmt":"2024-01-09T00:18:15","guid":{"rendered":"http:\/\/bluerabbitech.com\/?page_id=1244"},"modified":"2024-01-08T21:18:15","modified_gmt":"2024-01-09T00:18:15","slug":"quem-somos","status":"publish","type":"page","link":"https:\/\/bluerabbitech.com\/hu\/quem-somos\/","title":{"rendered":"Kik vagyunk"},"content":{"rendered":"<p>Isten hozott a <strong>BlueRabbitTech<\/strong>2023-ban ind\u00edtott\u00e1k \u00fatj\u00e1ra, mint a technol\u00f3gia \u00e9s az innov\u00e1ci\u00f3 rajong\u00f3inak dedik\u00e1lt k\u00f6zpontja. K\u00fcldet\u00e9s\u00fcnk a digit\u00e1lis vil\u00e1g \u00f6sszetetts\u00e9g\u00e9nek egyszer\u0171s\u00edt\u00e9se, az inform\u00e1ci\u00f3khoz \u00e9s a technol\u00f3giai tud\u00e1shoz val\u00f3 hozz\u00e1f\u00e9r\u00e9s demokratiz\u00e1l\u00e1sa.<\/p>\n<p>Meggy\u0151z\u0151d\u00e9s\u00fcnk, hogy a vil\u00e1gos, j\u00f3 min\u0151s\u00e9g\u0171 inform\u00e1ci\u00f3k elengedhetetlenek a folyamatosan fejl\u0151d\u0151 technol\u00f3giai k\u00f6rnyezetben val\u00f3 eligazod\u00e1shoz. A <strong>BlueRabbitTech<\/strong>, elk\u00f6telezettek vagyunk amellett, hogy megb\u00edzhat\u00f3 \u00e9rt\u00e9kel\u00e9seket, \u00fatmutat\u00f3kat \u00e9s betekint\u00e9st ny\u00fajtsunk, amelyek nem csak t\u00e1j\u00e9koztatj\u00e1k, hanem inspir\u00e1lj\u00e1k \u00e9s meger\u0151s\u00edtik olvas\u00f3inkat.<\/p>\n<p>Csapatunk a technol\u00f3gia ir\u00e1nt szenved\u00e9lyes szakemberekb\u0151l \u00e1ll, akik elk\u00f6telezettek tud\u00e1suk \u00e9s tapasztalataik megoszt\u00e1sa ir\u00e1nt. Arra t\u00f6reksz\u00fcnk, hogy minden tartalom hozz\u00e1f\u00e9rhet\u0151, relev\u00e1ns \u00e9s \u00e9rt\u00e9kes legyen mindenki sz\u00e1m\u00e1ra, a rajong\u00f3kt\u00f3l az ipar\u00e1gi szakemberekig.<\/p>\n<p>A <strong>BlueRabbitTech<\/strong>, mindig \u00faj utakat keres\u00fcnk a technol\u00f3giai inform\u00e1ci\u00f3k \u00e9rthet\u0151bb\u00e9 \u00e9s alkalmazhat\u00f3bb\u00e1 t\u00e9tel\u00e9re. Csatlakozzon hozz\u00e1nk ezen a felfedez\u00e9s \u00e9s innov\u00e1ci\u00f3 \u00fatj\u00e1n, \u00e9s maradjon naprak\u00e9sz a digit\u00e1lis vil\u00e1g legjav\u00e1val!<\/p>","protected":false},"excerpt":{"rendered":"<p>Bem-vindo ao BlueRabbitTech, lan\u00e7ado em 2023 como um hub dedicado para os entusiastas de tecnologia e inova\u00e7\u00e3o. Nossa miss\u00e3o \u00e9 simplificar a complexidade do mundo&#8230;<\/p>","protected":false},"author":1,"featured_media":0,"parent":0,"menu_order":0,"comment_status":"closed","ping_status":"closed","template":"","meta":{"footnotes":""},"class_list":["post-1244","page","type-page","status-publish","hentry"],"_links":{"self":[{"href":"https:\/\/bluerabbitech.com\/hu\/wp-json\/wp\/v2\/pages\/1244","targetHints":{"allow":["GET"]}}],"collection":[{"href":"https:\/\/bluerabbitech.com\/hu\/wp-json\/wp\/v2\/pages"}],"about":[{"href":"https:\/\/bluerabbitech.com\/hu\/wp-json\/wp\/v2\/types\/page"}],"author":[{"embeddable":true,"href":"https:\/\/bluerabbitech.com\/hu\/wp-json\/wp\/v2\/users\/1"}],"replies":[{"embeddable":true,"href":"https:\/\/bluerabbitech.com\/hu\/wp-json\/wp\/v2\/comments?post=1244"}],"version-history":[{"count":1,"href":"https:\/\/bluerabbitech.com\/hu\/wp-json\/wp\/v2\/pages\/1244\/revisions"}],"predecessor-version":[{"id":1245,"href":"https:\/\/bluerabbitech.com\/hu\/wp-json\/wp\/v2\/pages\/1244\/revisions\/1245"}],"wp:attachment":[{"href":"https:\/\/bluerabbitech.com\/hu\/wp-json\/wp\/v2\/media?parent=1244"}],"curies":[{"name":"wp","href":"https:\/\/api.w.org\/{rel}","templated":true}]}}