{"id":1250,"date":"2024-01-08T21:21:24","date_gmt":"2024-01-09T00:21:24","guid":{"rendered":"http:\/\/bluerabbitech.com\/?page_id=1250"},"modified":"2024-01-08T21:21:24","modified_gmt":"2024-01-09T00:21:24","slug":"termos-de-uso","status":"publish","type":"page","link":"https:\/\/bluerabbitech.com\/hu\/termos-de-uso\/","title":{"rendered":"Haszn\u00e1lati felt\u00e9telek"},"content":{"rendered":"<p><strong>\u00dcdv\u00f6z\u00f6lj\u00fck a BlueRabbitTech s\u00fctihaszn\u00e1lati szab\u00e1lyzat\u00e1ban<\/strong><\/p>\n<p><strong>Mik azok a s\u00fctik?<\/strong> A BlueRabbitTech-n\u00e9l, sok m\u00e1s weboldalhoz hasonl\u00f3an, s\u00fctiket haszn\u00e1lunk \u2013 kis f\u00e1jlokat, amelyek jav\u00edtj\u00e1k a b\u00f6ng\u00e9sz\u00e9si \u00e9lm\u00e9nyt. Ezek \u00e1tker\u00fclnek az \u00d6n eszk\u00f6z\u00e9re, \u00e9s seg\u00edtenek szem\u00e9lyre szabni \u00e9s optimaliz\u00e1lni az \u00d6nnel val\u00f3 interakci\u00f3j\u00e1t. Ez a szakasz ismerteti, hogy milyen s\u00fctiket gy\u0171jt\u00fcnk, hogyan haszn\u00e1ljuk \u0151ket, \u00e9s bizonyos esetekben mi\u00e9rt van sz\u00fcks\u00e9g t\u00e1rol\u00e1sukra. Azt is r\u00e9szletesen ismertetj\u00fck, hogyan utas\u00edthatja el ezeket a s\u00fctiket, b\u00e1r ez befoly\u00e1solhatja a webhely m\u0171k\u00f6d\u00e9s\u00e9t.<\/p>\n<p><strong>Mi\u00e9rt haszn\u00e1lunk s\u00fctiket?<\/strong> A s\u00fctik haszn\u00e1lata t\u00f6bb alapvet\u0151 c\u00e9lt szolg\u00e1l. Gyakran nincs ipar\u00e1gi szabv\u00e1nynak megfelel\u0151 alternat\u00edva a s\u00fctik letilt\u00e1s\u00e1ra a weboldal funkcionalit\u00e1s\u00e1nak vesz\u00e9lyeztet\u00e9se n\u00e9lk\u00fcl. Ez\u00e9rt azt javasoljuk, hogy tartsa enged\u00e9lyezve a s\u00fctiket, kiv\u00e9ve, ha biztos benne, hogy nincs r\u00e1juk sz\u00fcks\u00e9ge.<\/p>\n<p><strong>Hogyan blokkolhatjuk a s\u00fctiket<\/strong> A s\u00fctik blokkol\u00e1s\u00e1hoz m\u00f3dos\u00edtsa a b\u00f6ng\u00e9sz\u0151 be\u00e1ll\u00edt\u00e1sait. Felh\u00edvjuk azonban a figyelmet arra, hogy a letilt\u00e1suk nemcsak a mi weboldalunkon, hanem m\u00e1s, \u00d6n \u00e1ltal l\u00e1togatott weboldalakon is befoly\u00e1solhatja a felhaszn\u00e1l\u00f3i \u00e9lm\u00e9nyt.<\/p>\n<p><strong>Az \u00e1ltalunk haszn\u00e1lt s\u00fctik t\u00edpusai<\/strong><\/p>\n<ol>\n<li><strong>Webhelykonfigur\u00e1ci\u00f3s s\u00fctik<\/strong>: A felhaszn\u00e1l\u00f3i \u00e9lm\u00e9ny szem\u00e9lyre szab\u00e1s\u00e1ra szolg\u00e1l a j\u00f6v\u0151beli l\u00e1togat\u00e1sok be\u00e1ll\u00edt\u00e1sai megjegyz\u00e9s\u00e9vel.<\/li>\n<li><strong>Partner s\u00fctik<\/strong>Partnerc\u00e9gek s\u00fctijeit haszn\u00e1ljuk bizonyos funkci\u00f3khoz, amelyek r\u00e9szleteit al\u00e1bb ismertetj\u00fck.<\/li>\n<\/ol>\n<p><strong>Elemz\u0151 \u00e9s hirdet\u00e9si eszk\u00f6z\u00f6k<\/strong><\/p>\n<ol>\n<li><strong>Google Analytics<\/strong>Annak \u00e9rdek\u00e9ben, hogy meg\u00e9rts\u00fck a weboldalunkkal val\u00f3 interakci\u00f3j\u00e1t \u00e9s fejlessz\u00fck azt, a Google Analytics szolg\u00e1ltat\u00e1st haszn\u00e1ljuk. Ezek a s\u00fctik olyan dolgokat figyelnek meg, mint a l\u00e1togat\u00e1s hossza \u00e9s a megl\u00e1togatott oldalak.<\/li>\n<li><strong>Google AdSense<\/strong>A relev\u00e1ns hirdet\u00e9sek megjelen\u00edt\u00e9s\u00e9hez az AdSense-t haszn\u00e1ljuk, amely egy DoubleClick s\u00fctit haszn\u00e1l.<\/li>\n<\/ol>\n<p><strong>Tov\u00e1bbi inform\u00e1ci\u00f3k<\/strong> Rem\u00e9lj\u00fck, hogy ez a szab\u00e1lyzat tiszt\u00e1zza a s\u00fctik fontoss\u00e1g\u00e1t. Az optimaliz\u00e1lt weboldali \u00e9lm\u00e9ny \u00e9rdek\u00e9ben aj\u00e1nlott enged\u00e9lyezni a s\u00fctiket. Tov\u00e1bbi inform\u00e1ci\u00f3\u00e9rt k\u00e9rj\u00fck, vegye fel vel\u00fcnk a kapcsolatot a k\u00f6vetkez\u0151 el\u00e9rhet\u0151s\u00e9geken: <a target=\"_new\" rel=\"noopener\">contato@bluerabbitech.com<\/a>.<\/p>","protected":false},"excerpt":{"rendered":"<p>Bem-vindo \u00e0 Pol\u00edtica de Cookies do BlueRabbitTech O que s\u00e3o Cookies? No BlueRabbitTech, assim como em muitos sites, utilizamos cookies &#8211; pequenos arquivos que melhoram&#8230;<\/p>","protected":false},"author":1,"featured_media":0,"parent":0,"menu_order":0,"comment_status":"closed","ping_status":"closed","template":"","meta":{"footnotes":""},"class_list":["post-1250","page","type-page","status-publish","hentry"],"_links":{"self":[{"href":"https:\/\/bluerabbitech.com\/hu\/wp-json\/wp\/v2\/pages\/1250","targetHints":{"allow":["GET"]}}],"collection":[{"href":"https:\/\/bluerabbitech.com\/hu\/wp-json\/wp\/v2\/pages"}],"about":[{"href":"https:\/\/bluerabbitech.com\/hu\/wp-json\/wp\/v2\/types\/page"}],"author":[{"embeddable":true,"href":"https:\/\/bluerabbitech.com\/hu\/wp-json\/wp\/v2\/users\/1"}],"replies":[{"embeddable":true,"href":"https:\/\/bluerabbitech.com\/hu\/wp-json\/wp\/v2\/comments?post=1250"}],"version-history":[{"count":1,"href":"https:\/\/bluerabbitech.com\/hu\/wp-json\/wp\/v2\/pages\/1250\/revisions"}],"predecessor-version":[{"id":1251,"href":"https:\/\/bluerabbitech.com\/hu\/wp-json\/wp\/v2\/pages\/1250\/revisions\/1251"}],"wp:attachment":[{"href":"https:\/\/bluerabbitech.com\/hu\/wp-json\/wp\/v2\/media?parent=1250"}],"curies":[{"name":"wp","href":"https:\/\/api.w.org\/{rel}","templated":true}]}}