{"id":2675,"date":"2025-03-04T21:11:47","date_gmt":"2025-03-05T00:11:47","guid":{"rendered":"http:\/\/bluerabbitech.com\/?page_id=2675"},"modified":"2025-03-04T21:31:38","modified_gmt":"2025-03-05T00:31:38","slug":"voce-e-fa-de-gran-hermano-descubra-como-acompanhar-cada-momento","status":"publish","type":"page","link":"https:\/\/bluerabbitech.com\/hu\/voce-e-fa-de-gran-hermano-descubra-como-acompanhar-cada-momento\/","title":{"rendered":"\u00d6n a Gran Hermano rajong\u00f3ja? Fedezze fel, hogyan k\u00f6vetheti nyomon minden pillanatot!"},"content":{"rendered":"<p data-pm-slice=\"1 1 []\">Ha szenved\u00e9lyesen rajong a val\u00f3s\u00e1gt\u00e9v\u00e9\u00e9rt, akkor ezt tudja <strong>Nagy Testv\u00e9r<\/strong> az egyik legfelvillanyoz\u00f3bb verseny a t\u00e9v\u00e9ben! Strat\u00e9gi\u00e1kkal, v\u00e1ratlan kies\u00e9sekkel \u00e9s lebilincsel\u0151 dinamik\u00e1val a show a k\u00e9perny\u0151h\u00f6z ragadja a rajong\u00f3kat, akik k\u00edv\u00e1ncsiak, ki lesz a nagy nyertes.<\/p>\n<p data-pm-slice=\"1 1 []\"><a href=\"http:\/\/bluerabbitech.com\/es\/aplicativo-para-assistir-ao-gran-hermano\/\" class=\"epcl-shortcode epcl-button fluid gradient red\" target=\"_self\" >Alkalmaz\u00e1s n\u00e9zni Gran Hermano LIVE <\/a>\n<p data-pm-slice=\"1 1 []\"><a href=\"http:\/\/bluerabbitech.com\/es\/2647-2\/\" class=\"epcl-shortcode epcl-button fluid gradient red\" target=\"_self\" >k\u00f6vesse a Gran Hermano 2025 szavazatait<\/a>\n<p>K\u00e9pzeld el, hogy mindent megn\u00e9zhetsz <strong>\u00e9l\u0151ben, an\u00e9lk\u00fcl, hogy a r\u00e9szleteket kihagyn\u00e1k<\/strong>, k\u00f6vesse a l\u00e9trej\u00f6v\u0151 sz\u00f6vets\u00e9geket, a h\u00e1zon bel\u00fcli konfliktusokat \u00e9s a r\u00e9sztvev\u0151k strat\u00e9gi\u00e1it. Most gondolkodj el <strong>hozz\u00e1f\u00e9rhetnek a 24 \u00f3r\u00e1s ad\u00e1shoz<\/strong>, exkluz\u00edv szavazatok \u00e9s a val\u00f3s\u00e1gshow legjobb pillanatai a tenyer\u00e9ben!<\/p>\n<p>Nincs ann\u00e1l rosszabb, mint kihagyni a t\u00f6rt\u00e9nelmi visszat\u00e9r\u00e9st vagy a szezon legjobban v\u00e1rt kies\u00e9s\u00e9t, igaz? De a j\u00f3 h\u00edr az <strong>Megn\u00e9zheti a Gran Herman\u00f3t, s\u0151t r\u00e9szt vehet a szavaz\u00e1sokon, amelyek meghat\u00e1rozz\u00e1k a r\u00e9sztvev\u0151k sors\u00e1t<\/strong>. Igen, megvan az ereje, hogy befoly\u00e1solja a j\u00e1t\u00e9kot, \u00e9s akt\u00edvan szurkoljon kedvenc\u00e9nek!<\/p>\n<p>Akarod tudni? <strong>hogyan lehet k\u00f6vetni a val\u00f3s\u00e1gshow-t, \u00e9s hol n\u00e9zheti \u00e9l\u0151ben Gran Herman\u00f3t<\/strong>? Teh\u00e1t kattintson az al\u00e1bbi linkre, \u00e9s fedezze fel az \u00f6sszes el\u00e9rhet\u0151 lehet\u0151s\u00e9get, hogy ne maradjon le semmir\u0151l ebb\u0151l a felvillanyoz\u00f3 kiad\u00e1sb\u00f3l!<\/p>\n<p>\ud83d\ude80 <strong>Ne hagyd ki! Kattintson most, \u00e9s n\u00e9zze meg, hogyan k\u00f6vetheti a Gran Hermano minden pillanat\u00e1t!<\/strong><\/p>\n<p><a href=\"http:\/\/bluerabbitech.com\"><img loading=\"lazy\" decoding=\"async\" class=\"size-medium wp-image-2676 aligncenter\" src=\"http:\/\/bluerabbitech.com\/wp-content\/uploads\/2025\/03\/gran-hermanooo-300x169.jpg\" alt=\"\" width=\"300\" height=\"169\" srcset=\"https:\/\/bluerabbitech.com\/wp-content\/uploads\/2025\/03\/gran-hermanooo-300x169.jpg 300w, https:\/\/bluerabbitech.com\/wp-content\/uploads\/2025\/03\/gran-hermanooo-1024x576.jpg 1024w, https:\/\/bluerabbitech.com\/wp-content\/uploads\/2025\/03\/gran-hermanooo-768x432.jpg 768w, https:\/\/bluerabbitech.com\/wp-content\/uploads\/2025\/03\/gran-hermanooo-18x10.jpg 18w, https:\/\/bluerabbitech.com\/wp-content\/uploads\/2025\/03\/gran-hermanooo.jpg 1200w\" sizes=\"auto, (max-width: 300px) 100vw, 300px\" \/><\/a><\/p>","protected":false},"excerpt":{"rendered":"<p>Se voc\u00ea \u00e9 apaixonado por reality shows, sabe que Gran Hermano \u00e9 uma das competi\u00e7\u00f5es mais eletrizantes da TV! Com estrat\u00e9gias, elimina\u00e7\u00f5es inesperadas e din\u00e2micas&#8230;<\/p>","protected":false},"author":1,"featured_media":0,"parent":0,"menu_order":0,"comment_status":"closed","ping_status":"closed","template":"","meta":{"footnotes":""},"class_list":["post-2675","page","type-page","status-publish","hentry"],"_links":{"self":[{"href":"https:\/\/bluerabbitech.com\/hu\/wp-json\/wp\/v2\/pages\/2675","targetHints":{"allow":["GET"]}}],"collection":[{"href":"https:\/\/bluerabbitech.com\/hu\/wp-json\/wp\/v2\/pages"}],"about":[{"href":"https:\/\/bluerabbitech.com\/hu\/wp-json\/wp\/v2\/types\/page"}],"author":[{"embeddable":true,"href":"https:\/\/bluerabbitech.com\/hu\/wp-json\/wp\/v2\/users\/1"}],"replies":[{"embeddable":true,"href":"https:\/\/bluerabbitech.com\/hu\/wp-json\/wp\/v2\/comments?post=2675"}],"version-history":[{"count":3,"href":"https:\/\/bluerabbitech.com\/hu\/wp-json\/wp\/v2\/pages\/2675\/revisions"}],"predecessor-version":[{"id":2680,"href":"https:\/\/bluerabbitech.com\/hu\/wp-json\/wp\/v2\/pages\/2675\/revisions\/2680"}],"wp:attachment":[{"href":"https:\/\/bluerabbitech.com\/hu\/wp-json\/wp\/v2\/media?parent=2675"}],"curies":[{"name":"wp","href":"https:\/\/api.w.org\/{rel}","templated":true}]}}