{"id":1244,"date":"2024-01-08T21:18:15","date_gmt":"2024-01-09T00:18:15","guid":{"rendered":"http:\/\/bluerabbitech.com\/?page_id=1244"},"modified":"2024-01-08T21:18:15","modified_gmt":"2024-01-09T00:18:15","slug":"quem-somos","status":"publish","type":"page","link":"https:\/\/bluerabbitech.com\/it\/quem-somos\/","title":{"rendered":"Chi siamo"},"content":{"rendered":"<p>Benvenuto a <strong>BlueRabbitTech<\/strong>, lanciato nel 2023 come hub dedicato per gli appassionati di tecnologia e innovazione. La nostra missione \u00e8 semplificare la complessit\u00e0 del mondo digitale, democratizzando l\u2019accesso alle informazioni e alla conoscenza tecnologica.<\/p>\n<p>Riteniamo che informazioni chiare e di alta qualit\u00e0 siano fondamentali per orientarsi nel panorama tecnologico in continua evoluzione. Al <strong>BlueRabbitTech<\/strong>, ci impegniamo a fornire recensioni, guide e approfondimenti affidabili che non solo informano, ma ispirano e danno potere ai nostri lettori.<\/p>\n<p>Il nostro team \u00e8 composto da professionisti appassionati di tecnologia, impegnati a condividere le proprie conoscenze ed esperienze. Ci impegniamo a garantire che ogni contenuto sia accessibile, pertinente e prezioso per tutti, dagli appassionati ai professionisti del settore.<\/p>\n<p>Al <strong>BlueRabbitTech<\/strong>, siamo sempre alla ricerca di nuovi modi per rendere le informazioni tecnologiche pi\u00f9 comprensibili e applicabili. Unisciti a noi in questo viaggio di scoperta e innovazione e rimani aggiornato con il meglio del mondo digitale!<\/p>","protected":false},"excerpt":{"rendered":"<p>Bem-vindo ao BlueRabbitTech, lan\u00e7ado em 2023 como um hub dedicado para os entusiastas de tecnologia e inova\u00e7\u00e3o. Nossa miss\u00e3o \u00e9 simplificar a complexidade do mundo&#8230;<\/p>","protected":false},"author":1,"featured_media":0,"parent":0,"menu_order":0,"comment_status":"closed","ping_status":"closed","template":"","meta":{"footnotes":""},"class_list":["post-1244","page","type-page","status-publish","hentry"],"_links":{"self":[{"href":"https:\/\/bluerabbitech.com\/it\/wp-json\/wp\/v2\/pages\/1244","targetHints":{"allow":["GET"]}}],"collection":[{"href":"https:\/\/bluerabbitech.com\/it\/wp-json\/wp\/v2\/pages"}],"about":[{"href":"https:\/\/bluerabbitech.com\/it\/wp-json\/wp\/v2\/types\/page"}],"author":[{"embeddable":true,"href":"https:\/\/bluerabbitech.com\/it\/wp-json\/wp\/v2\/users\/1"}],"replies":[{"embeddable":true,"href":"https:\/\/bluerabbitech.com\/it\/wp-json\/wp\/v2\/comments?post=1244"}],"version-history":[{"count":1,"href":"https:\/\/bluerabbitech.com\/it\/wp-json\/wp\/v2\/pages\/1244\/revisions"}],"predecessor-version":[{"id":1245,"href":"https:\/\/bluerabbitech.com\/it\/wp-json\/wp\/v2\/pages\/1244\/revisions\/1245"}],"wp:attachment":[{"href":"https:\/\/bluerabbitech.com\/it\/wp-json\/wp\/v2\/media?parent=1244"}],"curies":[{"name":"wp","href":"https:\/\/api.w.org\/{rel}","templated":true}]}}