{"id":1248,"date":"2024-01-08T21:20:55","date_gmt":"2024-01-09T00:20:55","guid":{"rendered":"http:\/\/bluerabbitech.com\/?page_id=1248"},"modified":"2024-01-08T21:20:55","modified_gmt":"2024-01-09T00:20:55","slug":"politica-de-privacidade","status":"publish","type":"page","link":"https:\/\/bluerabbitech.com\/it\/politica-de-privacidade\/","title":{"rendered":"politica sulla riservatezza"},"content":{"rendered":"<p><strong>Cosa sono i cookie?<\/strong> Noi di BlueRabbitTech utilizziamo i cookie, piccoli file che migliorano la tua esperienza di navigazione sul nostro sito web. Questa sezione spiega il ruolo dei cookie, come li utilizziamo e perch\u00e9 a volte sono necessari. Spiegheremo inoltre nel dettaglio come \u00e8 possibile impedire che questi cookie vengano memorizzati, il che potrebbe influire sulla funzionalit\u00e0 del sito.<\/p>\n<p><strong>Utilizzo dei cookie<\/strong> Utilizziamo i cookie per diversi motivi, che spiegheremo di seguito. In genere, la disabilitazione dei cookie pu\u00f2 influire sul funzionamento del sito web, pertanto consigliamo di mantenerli abilitati.<\/p>\n<p><strong>Come disabilitare i cookie<\/strong> \u00c8 possibile impedire l&#039;impostazione dei cookie modificando le impostazioni del browser. Tuttavia, tieni presente che disabilitare i cookie potrebbe limitare la funzionalit\u00e0 del nostro e di altri siti web.<\/p>\n<p><strong>Cookie che utilizziamo<\/strong><\/p>\n<ol>\n<li><strong>Cookie di configurazione del sito<\/strong>: Utilizziamo i cookie per personalizzare la tua esperienza ricordando le tue preferenze per le visite future.<\/li>\n<li><strong>Cookie dei partner<\/strong>: In determinate situazioni utilizziamo i cookie dei partner. Di seguito sono riportati i dettagli relativi a questi cookie.<\/li>\n<li><strong>Google Analytics<\/strong>:Per analizzare l&#039;interazione degli utenti con il nostro sito web, utilizziamo Google Analytics, che raccoglie dati quali la durata della visita e le pagine visitate.<\/li>\n<li><strong>Google AdSense<\/strong>: Per la pubblicit\u00e0 utilizziamo AdSense, che impiega un cookie DoubleClick per mostrare annunci pertinenti e controllare la frequenza con cui viene visualizzato un annuncio specifico.<\/li>\n<\/ol>\n<p><strong>Informazioni aggiuntive<\/strong> Ci auguriamo che queste informazioni ti aiutino a comprendere la nostra politica sui cookie. Per una migliore esperienza sul sito web si consiglia di mantenere abilitati i cookie. Per ulteriori informazioni, contattateci a: <a target=\"_new\" rel=\"noopener\">contato@bluerabbitech.com<\/a>.<\/p>","protected":false},"excerpt":{"rendered":"<p>O que s\u00e3o Cookies? No BlueRabbitTech, usamos cookies &#8211; pequenos arquivos que aprimoram sua experi\u00eancia de navega\u00e7\u00e3o em nosso site. Esta se\u00e7\u00e3o esclarece o papel&#8230;<\/p>","protected":false},"author":1,"featured_media":0,"parent":0,"menu_order":0,"comment_status":"closed","ping_status":"closed","template":"","meta":{"footnotes":""},"class_list":["post-1248","page","type-page","status-publish","hentry"],"_links":{"self":[{"href":"https:\/\/bluerabbitech.com\/it\/wp-json\/wp\/v2\/pages\/1248","targetHints":{"allow":["GET"]}}],"collection":[{"href":"https:\/\/bluerabbitech.com\/it\/wp-json\/wp\/v2\/pages"}],"about":[{"href":"https:\/\/bluerabbitech.com\/it\/wp-json\/wp\/v2\/types\/page"}],"author":[{"embeddable":true,"href":"https:\/\/bluerabbitech.com\/it\/wp-json\/wp\/v2\/users\/1"}],"replies":[{"embeddable":true,"href":"https:\/\/bluerabbitech.com\/it\/wp-json\/wp\/v2\/comments?post=1248"}],"version-history":[{"count":1,"href":"https:\/\/bluerabbitech.com\/it\/wp-json\/wp\/v2\/pages\/1248\/revisions"}],"predecessor-version":[{"id":1249,"href":"https:\/\/bluerabbitech.com\/it\/wp-json\/wp\/v2\/pages\/1248\/revisions\/1249"}],"wp:attachment":[{"href":"https:\/\/bluerabbitech.com\/it\/wp-json\/wp\/v2\/media?parent=1248"}],"curies":[{"name":"wp","href":"https:\/\/api.w.org\/{rel}","templated":true}]}}