{"id":1244,"date":"2024-01-08T21:18:15","date_gmt":"2024-01-09T00:18:15","guid":{"rendered":"http:\/\/bluerabbitech.com\/?page_id=1244"},"modified":"2024-01-08T21:18:15","modified_gmt":"2024-01-09T00:18:15","slug":"quem-somos","status":"publish","type":"page","link":"https:\/\/bluerabbitech.com\/nb\/quem-somos\/","title":{"rendered":"Hvem vi er"},"content":{"rendered":"<p>Bem-vindo ao <strong>BlueRabbitTech<\/strong>, lan\u00e7ado em 2023 como um hub dedicado para os entusiastas de tecnologia e inova\u00e7\u00e3o. Nossa miss\u00e3o \u00e9 simplificar a complexidade do mundo digital, democratizando o acesso \u00e0 informa\u00e7\u00e3o e ao conhecimento tecnol\u00f3gico.<\/p>\n<p>Acreditamos que informa\u00e7\u00f5es claras e de alta qualidade s\u00e3o cruciais para navegar no cen\u00e1rio tecnol\u00f3gico em constante evolu\u00e7\u00e3o. No <strong>BlueRabbitTech<\/strong>, nos dedicamos a oferecer an\u00e1lises, guias e insights confi\u00e1veis que n\u00e3o s\u00f3 informam, mas tamb\u00e9m inspiram e empoderam nossos leitores.<\/p>\n<p>Nossa equipe \u00e9 formada por profissionais apaixonados pela tecnologia, comprometidos em compartilhar seu conhecimento e experi\u00eancia. Nos esfor\u00e7amos para garantir que cada conte\u00fado seja acess\u00edvel, relevante e valioso para todos, desde entusiastas a profissionais do setor.<\/p>\n<p>Node <strong>BlueRabbitTech<\/strong>, estamos sempre buscando novas maneiras de tornar a informa\u00e7\u00e3o tecnol\u00f3gica mais compreens\u00edvel e aplic\u00e1vel. Junte-se a n\u00f3s nessa jornada de descoberta e inova\u00e7\u00e3o, e mantenha-se atualizado com o melhor do mundo digital!<\/p>","protected":false},"excerpt":{"rendered":"<p>Bem-vindo ao BlueRabbitTech, lan\u00e7ado em 2023 como um hub dedicado para os entusiastas de tecnologia e inova\u00e7\u00e3o. Nossa miss\u00e3o \u00e9 simplificar a complexidade do mundo&#8230;<\/p>","protected":false},"author":1,"featured_media":0,"parent":0,"menu_order":0,"comment_status":"closed","ping_status":"closed","template":"","meta":{"footnotes":""},"class_list":["post-1244","page","type-page","status-publish","hentry"],"_links":{"self":[{"href":"https:\/\/bluerabbitech.com\/nb\/wp-json\/wp\/v2\/pages\/1244","targetHints":{"allow":["GET"]}}],"collection":[{"href":"https:\/\/bluerabbitech.com\/nb\/wp-json\/wp\/v2\/pages"}],"about":[{"href":"https:\/\/bluerabbitech.com\/nb\/wp-json\/wp\/v2\/types\/page"}],"author":[{"embeddable":true,"href":"https:\/\/bluerabbitech.com\/nb\/wp-json\/wp\/v2\/users\/1"}],"replies":[{"embeddable":true,"href":"https:\/\/bluerabbitech.com\/nb\/wp-json\/wp\/v2\/comments?post=1244"}],"version-history":[{"count":1,"href":"https:\/\/bluerabbitech.com\/nb\/wp-json\/wp\/v2\/pages\/1244\/revisions"}],"predecessor-version":[{"id":1245,"href":"https:\/\/bluerabbitech.com\/nb\/wp-json\/wp\/v2\/pages\/1244\/revisions\/1245"}],"wp:attachment":[{"href":"https:\/\/bluerabbitech.com\/nb\/wp-json\/wp\/v2\/media?parent=1244"}],"curies":[{"name":"wp","href":"https:\/\/api.w.org\/{rel}","templated":true}]}}