{"id":1248,"date":"2024-01-08T21:20:55","date_gmt":"2024-01-09T00:20:55","guid":{"rendered":"http:\/\/bluerabbitech.com\/?page_id=1248"},"modified":"2024-01-08T21:20:55","modified_gmt":"2024-01-09T00:20:55","slug":"politica-de-privacidade","status":"publish","type":"page","link":"https:\/\/bluerabbitech.com\/nb\/politica-de-privacidade\/","title":{"rendered":"Personvernerkl\u00e6ring"},"content":{"rendered":"<p><strong>Hva er informasjonskapsler?<\/strong> Hos BlueRabbitTech bruker vi informasjonskapsler \u2013 sm\u00e5 filer som forbedrer nettleseropplevelsen din p\u00e5 nettstedet v\u00e5rt. Denne delen forklarer rollen til informasjonskapsler, hvordan vi bruker dem og hvorfor de noen ganger er n\u00f8dvendige. Vi vil ogs\u00e5 beskrive hvordan du kan forhindre at disse informasjonskapslene lagres, noe som kan p\u00e5virke nettstedets funksjonalitet.<\/p>\n<p><strong>Bruk av informasjonskapsler<\/strong> Vi bruker informasjonskapsler av ulike \u00e5rsaker, som vi vil forklare nedenfor. Deaktivering av informasjonskapsler kan vanligvis p\u00e5virke nettstedets funksjonalitet, s\u00e5 vi anbefaler at du holder dem aktivert.<\/p>\n<p><strong>Slik deaktiverer du informasjonskapsler<\/strong> Du kan forhindre bruk av informasjonskapsler ved \u00e5 justere innstillingene i nettleseren din. V\u00e6r imidlertid oppmerksom p\u00e5 at deaktivering av informasjonskapsler kan begrense funksjonaliteten til nettstedet v\u00e5rt og andre nettsteder.<\/p>\n<p><strong>Informasjonskapsler vi bruker<\/strong><\/p>\n<ol>\n<li><strong>Informasjonskapsler for nettstedkonfigurasjon<\/strong>Vi bruker informasjonskapsler for \u00e5 tilpasse opplevelsen din, og husker preferansene dine for fremtidige bes\u00f8k.<\/li>\n<li><strong>Partnerinformasjonskapsler<\/strong>Vi bruker partnerinformasjonskapsler i visse situasjoner. Detaljer om disse informasjonskapslene vil bli gitt nedenfor.<\/li>\n<li><strong>Google Analytics<\/strong>For \u00e5 analysere brukerinteraksjon med nettstedet v\u00e5rt bruker vi Google Analytics, som samler inn data som bes\u00f8ksvarighet og antall bes\u00f8kte sider.<\/li>\n<li><strong>Google AdSense<\/strong>For annonsering bruker vi AdSense, som bruker en DoubleClick-informasjonskapsel for \u00e5 vise relevante annonser og kontrollere hvor ofte en bestemt annonse vises.<\/li>\n<\/ol>\n<p><strong>Tilleggsinformasjon<\/strong> Vi h\u00e5per denne informasjonen hjelper deg \u00e5 forst\u00e5 retningslinjene v\u00e5re for informasjonskapsler. Det anbefales \u00e5 ha informasjonskapsler aktivert for \u00e5 f\u00e5 best mulig opplevelse p\u00e5 nettstedet. For ytterligere avklaring, vennligst kontakt oss p\u00e5: <a target=\"_new\" rel=\"noopener\">contato@bluerabbitech.com<\/a>.<\/p>","protected":false},"excerpt":{"rendered":"<p>O que s\u00e3o Cookies? No BlueRabbitTech, usamos cookies &#8211; pequenos arquivos que aprimoram sua experi\u00eancia de navega\u00e7\u00e3o em nosso site. Esta se\u00e7\u00e3o esclarece o papel&#8230;<\/p>","protected":false},"author":1,"featured_media":0,"parent":0,"menu_order":0,"comment_status":"closed","ping_status":"closed","template":"","meta":{"footnotes":""},"class_list":["post-1248","page","type-page","status-publish","hentry"],"_links":{"self":[{"href":"https:\/\/bluerabbitech.com\/nb\/wp-json\/wp\/v2\/pages\/1248","targetHints":{"allow":["GET"]}}],"collection":[{"href":"https:\/\/bluerabbitech.com\/nb\/wp-json\/wp\/v2\/pages"}],"about":[{"href":"https:\/\/bluerabbitech.com\/nb\/wp-json\/wp\/v2\/types\/page"}],"author":[{"embeddable":true,"href":"https:\/\/bluerabbitech.com\/nb\/wp-json\/wp\/v2\/users\/1"}],"replies":[{"embeddable":true,"href":"https:\/\/bluerabbitech.com\/nb\/wp-json\/wp\/v2\/comments?post=1248"}],"version-history":[{"count":1,"href":"https:\/\/bluerabbitech.com\/nb\/wp-json\/wp\/v2\/pages\/1248\/revisions"}],"predecessor-version":[{"id":1249,"href":"https:\/\/bluerabbitech.com\/nb\/wp-json\/wp\/v2\/pages\/1248\/revisions\/1249"}],"wp:attachment":[{"href":"https:\/\/bluerabbitech.com\/nb\/wp-json\/wp\/v2\/media?parent=1248"}],"curies":[{"name":"wp","href":"https:\/\/api.w.org\/{rel}","templated":true}]}}