{"id":1250,"date":"2024-01-08T21:21:24","date_gmt":"2024-01-09T00:21:24","guid":{"rendered":"http:\/\/bluerabbitech.com\/?page_id=1250"},"modified":"2024-01-08T21:21:24","modified_gmt":"2024-01-09T00:21:24","slug":"termos-de-uso","status":"publish","type":"page","link":"https:\/\/bluerabbitech.com\/nb\/termos-de-uso\/","title":{"rendered":"Bruksvilk\u00e5r"},"content":{"rendered":"<p><strong>Velkommen til BlueRabbitTechs retningslinjer for informasjonskapsler.<\/strong><\/p>\n<p><strong>Hva er informasjonskapsler?<\/strong> Hos BlueRabbitTech bruker vi, som mange andre nettsteder, informasjonskapsler \u2013 sm\u00e5 filer som forbedrer nettleseropplevelsen din. De overf\u00f8res til enheten din og hjelper deg med \u00e5 tilpasse og optimalisere samhandlingen din med oss. Denne delen forklarer hva informasjonskapsler samler inn, hvordan vi bruker dem og i visse tilfeller behovet for \u00e5 lagre dem. Vi vil ogs\u00e5 beskrive hvordan du kan avvise disse informasjonskapslene, selv om dette kan p\u00e5virke nettstedets funksjonalitet.<\/p>\n<p><strong>Hvorfor bruker vi informasjonskapsler?<\/strong> Bruken v\u00e5r av informasjonskapsler tjener flere viktige form\u00e5l. Ofte finnes det ingen bransjestandard for \u00e5 deaktivere informasjonskapsler uten at det g\u00e5r ut over nettstedets funksjonalitet. Derfor foresl\u00e5r vi at du lar informasjonskapsler v\u00e6re aktivert med mindre du er sikker p\u00e5 at du ikke trenger dem.<\/p>\n<p><strong>Slik blokkerer du informasjonskapsler<\/strong> For \u00e5 blokkere informasjonskapsler, juster nettleserinnstillingene dine. Husk imidlertid at deaktivering av dem kan p\u00e5virke opplevelsen din ikke bare p\u00e5 nettstedet v\u00e5rt, men ogs\u00e5 p\u00e5 andre nettsteder du bes\u00f8ker.<\/p>\n<p><strong>Typer informasjonskapsler vi bruker<\/strong><\/p>\n<ol>\n<li><strong>Informasjonskapsler for nettstedkonfigurasjon<\/strong>Brukes til \u00e5 tilpasse opplevelsen din ved \u00e5 huske preferansene dine for fremtidige bes\u00f8k.<\/li>\n<li><strong>Partnerinformasjonskapsler<\/strong>Vi bruker informasjonskapsler fra partnerselskaper for spesifikke funksjoner, og vi vil gi deg detaljer om disse nedenfor.<\/li>\n<\/ol>\n<p><strong>Analyse- og annonseringsverkt\u00f8y<\/strong><\/p>\n<ol>\n<li><strong>Google Analytics<\/strong>For \u00e5 forst\u00e5 og forbedre din interaksjon med nettstedet v\u00e5rt, bruker vi Google Analytics. Disse informasjonskapslene overv\u00e5ker aspekter som varigheten av bes\u00f8ket ditt og sidene du bes\u00f8ker.<\/li>\n<li><strong>Google AdSense<\/strong>For \u00e5 vise relevant reklame bruker vi AdSense, som bruker en DoubleClick-informasjonskapsel.<\/li>\n<\/ol>\n<p><strong>Tilleggsinformasjon<\/strong> Vi h\u00e5per at denne policyen tydeliggj\u00f8r viktigheten av informasjonskapsler. Det anbefales \u00e5 holde informasjonskapsler aktivert for en optimalisert nettstedopplevelse. For mer informasjon, vennligst kontakt oss p\u00e5: <a target=\"_new\" rel=\"noopener\">contato@bluerabbitech.com<\/a>.<\/p>","protected":false},"excerpt":{"rendered":"<p>Bem-vindo \u00e0 Pol\u00edtica de Cookies do BlueRabbitTech O que s\u00e3o Cookies? No BlueRabbitTech, assim como em muitos sites, utilizamos cookies &#8211; pequenos arquivos que melhoram&#8230;<\/p>","protected":false},"author":1,"featured_media":0,"parent":0,"menu_order":0,"comment_status":"closed","ping_status":"closed","template":"","meta":{"footnotes":""},"class_list":["post-1250","page","type-page","status-publish","hentry"],"_links":{"self":[{"href":"https:\/\/bluerabbitech.com\/nb\/wp-json\/wp\/v2\/pages\/1250","targetHints":{"allow":["GET"]}}],"collection":[{"href":"https:\/\/bluerabbitech.com\/nb\/wp-json\/wp\/v2\/pages"}],"about":[{"href":"https:\/\/bluerabbitech.com\/nb\/wp-json\/wp\/v2\/types\/page"}],"author":[{"embeddable":true,"href":"https:\/\/bluerabbitech.com\/nb\/wp-json\/wp\/v2\/users\/1"}],"replies":[{"embeddable":true,"href":"https:\/\/bluerabbitech.com\/nb\/wp-json\/wp\/v2\/comments?post=1250"}],"version-history":[{"count":1,"href":"https:\/\/bluerabbitech.com\/nb\/wp-json\/wp\/v2\/pages\/1250\/revisions"}],"predecessor-version":[{"id":1251,"href":"https:\/\/bluerabbitech.com\/nb\/wp-json\/wp\/v2\/pages\/1250\/revisions\/1251"}],"wp:attachment":[{"href":"https:\/\/bluerabbitech.com\/nb\/wp-json\/wp\/v2\/media?parent=1250"}],"curies":[{"name":"wp","href":"https:\/\/api.w.org\/{rel}","templated":true}]}}