{"id":2675,"date":"2025-03-04T21:11:47","date_gmt":"2025-03-05T00:11:47","guid":{"rendered":"http:\/\/bluerabbitech.com\/?page_id=2675"},"modified":"2025-03-04T21:31:38","modified_gmt":"2025-03-05T00:31:38","slug":"voce-e-fa-de-gran-hermano-descubra-como-acompanhar-cada-momento","status":"publish","type":"page","link":"https:\/\/bluerabbitech.com\/nb\/voce-e-fa-de-gran-hermano-descubra-como-acompanhar-cada-momento\/","title":{"rendered":"Voc\u00ea \u00e9 F\u00e3 de Gran Hermano? Descubra Como Acompanhar Cada Momento!"},"content":{"rendered":"<p data-pm-slice=\"1 1 []\">Se voc\u00ea \u00e9 apaixonado por reality shows, sabe que <strong>Gran Hermano<\/strong> \u00e9 uma das competi\u00e7\u00f5es mais eletrizantes da TV! Com estrat\u00e9gias, elimina\u00e7\u00f5es inesperadas e din\u00e2micas envolventes, o programa mant\u00e9m os f\u00e3s vidrados na tela, ansiosos para saber quem ser\u00e1 o grande vencedor.<\/p>\n<p data-pm-slice=\"1 1 []\"><a href=\"http:\/\/bluerabbitech.com\/es\/aplicativo-para-assistir-ao-gran-hermano\/\" class=\"epcl-shortcode epcl-button fluid gradient red\" target=\"_self\" >Aplicaci\u00f3n para ver Gran Hermano AO VIVO <\/a>\n<p data-pm-slice=\"1 1 []\"><a href=\"http:\/\/bluerabbitech.com\/es\/2647-2\/\" class=\"epcl-shortcode epcl-button fluid gradient red\" target=\"_self\" >seguir las votaciones en Gran Hermano 2025<\/a>\n<p>Imagine poder assistir a tudo <strong>ao vivo, sem perder nenhum detalhe<\/strong>, acompanhar as alian\u00e7as sendo formadas, os conflitos dentro da casa e as estrat\u00e9gias dos participantes. Agora pense em <strong>ter acesso a uma transmiss\u00e3o 24h<\/strong>, vota\u00e7\u00f5es exclusivas e os melhores momentos do reality na palma da sua m\u00e3o!<\/p>\n<p>N\u00e3o h\u00e1 nada pior do que perder aquela reviravolta hist\u00f3rica ou a elimina\u00e7\u00e3o mais aguardada da temporada, n\u00e3o \u00e9? Mas a boa not\u00edcia \u00e9 que <strong>voc\u00ea pode assistir ao Gran Hermano e ainda participar das vota\u00e7\u00f5es que definem o destino dos participantes<\/strong>. Sim, voc\u00ea tem o poder de influenciar o jogo e torcer ativamente pelo seu favorito!<\/p>\n<p>Quer saber <strong>como acompanhar o reality show e onde assistir Gran Hermano ao vivo<\/strong>? Ent\u00e3o clique no link abaixo e descubra todas as op\u00e7\u00f5es dispon\u00edveis para n\u00e3o perder nada dessa edi\u00e7\u00e3o eletrizante!<\/p>\n<p>\ud83d\ude80 <strong>N\u00e3o fique de fora! Clique agora e veja como acompanhar cada momento de Gran Hermano!<\/strong><\/p>\n<p><a href=\"http:\/\/bluerabbitech.com\"><img loading=\"lazy\" decoding=\"async\" class=\"size-medium wp-image-2676 aligncenter\" src=\"http:\/\/bluerabbitech.com\/wp-content\/uploads\/2025\/03\/gran-hermanooo-300x169.jpg\" alt=\"\" width=\"300\" height=\"169\" srcset=\"https:\/\/bluerabbitech.com\/wp-content\/uploads\/2025\/03\/gran-hermanooo-300x169.jpg 300w, https:\/\/bluerabbitech.com\/wp-content\/uploads\/2025\/03\/gran-hermanooo-1024x576.jpg 1024w, https:\/\/bluerabbitech.com\/wp-content\/uploads\/2025\/03\/gran-hermanooo-768x432.jpg 768w, https:\/\/bluerabbitech.com\/wp-content\/uploads\/2025\/03\/gran-hermanooo-18x10.jpg 18w, https:\/\/bluerabbitech.com\/wp-content\/uploads\/2025\/03\/gran-hermanooo.jpg 1200w\" sizes=\"auto, (max-width: 300px) 100vw, 300px\" \/><\/a><\/p>","protected":false},"excerpt":{"rendered":"<p>Se voc\u00ea \u00e9 apaixonado por reality shows, sabe que Gran Hermano \u00e9 uma das competi\u00e7\u00f5es mais eletrizantes da TV! Com estrat\u00e9gias, elimina\u00e7\u00f5es inesperadas e din\u00e2micas&#8230;<\/p>","protected":false},"author":1,"featured_media":0,"parent":0,"menu_order":0,"comment_status":"closed","ping_status":"closed","template":"","meta":{"footnotes":""},"class_list":["post-2675","page","type-page","status-publish","hentry"],"_links":{"self":[{"href":"https:\/\/bluerabbitech.com\/nb\/wp-json\/wp\/v2\/pages\/2675","targetHints":{"allow":["GET"]}}],"collection":[{"href":"https:\/\/bluerabbitech.com\/nb\/wp-json\/wp\/v2\/pages"}],"about":[{"href":"https:\/\/bluerabbitech.com\/nb\/wp-json\/wp\/v2\/types\/page"}],"author":[{"embeddable":true,"href":"https:\/\/bluerabbitech.com\/nb\/wp-json\/wp\/v2\/users\/1"}],"replies":[{"embeddable":true,"href":"https:\/\/bluerabbitech.com\/nb\/wp-json\/wp\/v2\/comments?post=2675"}],"version-history":[{"count":3,"href":"https:\/\/bluerabbitech.com\/nb\/wp-json\/wp\/v2\/pages\/2675\/revisions"}],"predecessor-version":[{"id":2680,"href":"https:\/\/bluerabbitech.com\/nb\/wp-json\/wp\/v2\/pages\/2675\/revisions\/2680"}],"wp:attachment":[{"href":"https:\/\/bluerabbitech.com\/nb\/wp-json\/wp\/v2\/media?parent=2675"}],"curies":[{"name":"wp","href":"https:\/\/api.w.org\/{rel}","templated":true}]}}