{"id":1244,"date":"2024-01-08T21:18:15","date_gmt":"2024-01-09T00:18:15","guid":{"rendered":"http:\/\/bluerabbitech.com\/?page_id=1244"},"modified":"2024-01-08T21:18:15","modified_gmt":"2024-01-09T00:18:15","slug":"quem-somos","status":"publish","type":"page","link":"https:\/\/bluerabbitech.com\/nl\/quem-somos\/","title":{"rendered":"Wie we zijn"},"content":{"rendered":"<p>Welkom bij <strong>BlueRabbitTech<\/strong>, gelanceerd in 2023 als een speciaal knooppunt voor technologie- en innovatieliefhebbers. Onze missie is om de complexiteit van de digitale wereld te vereenvoudigen door de toegang tot informatie en technologische kennis te democratiseren.<\/p>\n<p>Wij geloven dat duidelijke, hoogwaardige informatie cruciaal is om te navigeren in het voortdurend veranderende technologielandschap. <strong>BlueRabbitTech<\/strong>streven wij ernaar om betrouwbare analyses, gidsen en inzichten te bieden die onze lezers niet alleen informeren, maar ook inspireren en sterker maken.<\/p>\n<p>Ons team bestaat uit gepassioneerde technologieprofessionals die hun kennis en ervaring graag delen. We streven ernaar dat elk stukje content toegankelijk, relevant en waardevol is voor iedereen, van enthousiastelingen tot professionals in de branche.<\/p>\n<p>Knooppunt <strong>BlueRabbitTech<\/strong>We zijn altijd op zoek naar nieuwe manieren om technologische informatie begrijpelijker en toepasbaarder te maken. Ga met ons mee op deze reis van ontdekking en innovatie en blijf op de hoogte van het beste van de digitale wereld!<\/p>","protected":false},"excerpt":{"rendered":"<p>Bem-vindo ao BlueRabbitTech, lan\u00e7ado em 2023 como um hub dedicado para os entusiastas de tecnologia e inova\u00e7\u00e3o. Nossa miss\u00e3o \u00e9 simplificar a complexidade do mundo&#8230;<\/p>","protected":false},"author":1,"featured_media":0,"parent":0,"menu_order":0,"comment_status":"closed","ping_status":"closed","template":"","meta":{"footnotes":""},"class_list":["post-1244","page","type-page","status-publish","hentry"],"_links":{"self":[{"href":"https:\/\/bluerabbitech.com\/nl\/wp-json\/wp\/v2\/pages\/1244","targetHints":{"allow":["GET"]}}],"collection":[{"href":"https:\/\/bluerabbitech.com\/nl\/wp-json\/wp\/v2\/pages"}],"about":[{"href":"https:\/\/bluerabbitech.com\/nl\/wp-json\/wp\/v2\/types\/page"}],"author":[{"embeddable":true,"href":"https:\/\/bluerabbitech.com\/nl\/wp-json\/wp\/v2\/users\/1"}],"replies":[{"embeddable":true,"href":"https:\/\/bluerabbitech.com\/nl\/wp-json\/wp\/v2\/comments?post=1244"}],"version-history":[{"count":1,"href":"https:\/\/bluerabbitech.com\/nl\/wp-json\/wp\/v2\/pages\/1244\/revisions"}],"predecessor-version":[{"id":1245,"href":"https:\/\/bluerabbitech.com\/nl\/wp-json\/wp\/v2\/pages\/1244\/revisions\/1245"}],"wp:attachment":[{"href":"https:\/\/bluerabbitech.com\/nl\/wp-json\/wp\/v2\/media?parent=1244"}],"curies":[{"name":"wp","href":"https:\/\/api.w.org\/{rel}","templated":true}]}}