{"id":1250,"date":"2024-01-08T21:21:24","date_gmt":"2024-01-09T00:21:24","guid":{"rendered":"http:\/\/bluerabbitech.com\/?page_id=1250"},"modified":"2024-01-08T21:21:24","modified_gmt":"2024-01-09T00:21:24","slug":"termos-de-uso","status":"publish","type":"page","link":"https:\/\/bluerabbitech.com\/nl\/termos-de-uso\/","title":{"rendered":"Gebruiksvoorwaarden"},"content":{"rendered":"<p><strong>Welkom bij het cookiebeleid van BlueRabbitTech<\/strong><\/p>\n<p><strong>Wat zijn cookies?<\/strong> Bij BlueRabbitTech gebruiken we, net als veel andere websites, cookies \u2013 kleine bestandjes die uw surfervaring verbeteren. Deze worden gedownload naar uw apparaat en helpen uw interactie met ons te personaliseren en optimaliseren. In dit gedeelte leggen we uit welke cookies verzamelen, hoe we ze gebruiken en, in sommige gevallen, waarom we ze moeten opslaan. We leggen ook uit hoe u deze cookies kunt weigeren, hoewel dit de functionaliteit van de site kan be\u00efnvloeden.<\/p>\n<p><strong>Waarom gebruiken wij cookies?<\/strong> Ons gebruik van cookies dient verschillende essenti\u00eble doeleinden. Vaak is er geen industriestandaard manier om cookies uit te schakelen zonder de functionaliteit van de site in gevaar te brengen. Daarom raden we u aan cookies ingeschakeld te laten, tenzij u zeker weet dat u ze niet nodig hebt.<\/p>\n<p><strong>Cookies blokkeren<\/strong> Om cookies te blokkeren, kunt u uw browserinstellingen aanpassen. Houd er echter rekening mee dat het uitschakelen van cookies niet alleen uw ervaring op onze website, maar ook op andere websites die u bezoekt, kan be\u00efnvloeden.<\/p>\n<p><strong>Soorten cookies die we gebruiken<\/strong><\/p>\n<ol>\n<li><strong>Siteconfiguratiecookies<\/strong>: Wordt gebruikt om uw ervaring te personaliseren door uw voorkeuren te onthouden voor toekomstige bezoeken.<\/li>\n<li><strong>Partnercookies<\/strong>: Wij gebruiken cookies van partnerbedrijven voor specifieke functies. Meer informatie hierover vindt u hieronder.<\/li>\n<\/ol>\n<p><strong>Analyse- en advertentietools<\/strong><\/p>\n<ol>\n<li><strong>Google Analytics<\/strong>Om uw interactie met onze website te begrijpen en te verbeteren, gebruiken we Google Analytics. Deze cookies registreren onder andere de duur van uw bezoek en de pagina&#039;s die u bezoekt.<\/li>\n<li><strong>Google AdSense<\/strong>Om relevante advertenties te tonen maken wij gebruik van AdSense, dat gebruikmaakt van een DoubleClick-cookie.<\/li>\n<\/ol>\n<p><strong>Aanvullende informatie<\/strong> We hopen dat dit beleid het belang van cookies verduidelijkt. Het is aan te raden cookies ingeschakeld te houden voor een optimale website-ervaring. Voor meer informatie kunt u contact met ons opnemen via: <a target=\"_new\" rel=\"noopener\">contato@bluerabbitech.com<\/a>.<\/p>","protected":false},"excerpt":{"rendered":"<p>Bem-vindo \u00e0 Pol\u00edtica de Cookies do BlueRabbitTech O que s\u00e3o Cookies? No BlueRabbitTech, assim como em muitos sites, utilizamos cookies &#8211; pequenos arquivos que melhoram&#8230;<\/p>","protected":false},"author":1,"featured_media":0,"parent":0,"menu_order":0,"comment_status":"closed","ping_status":"closed","template":"","meta":{"footnotes":""},"class_list":["post-1250","page","type-page","status-publish","hentry"],"_links":{"self":[{"href":"https:\/\/bluerabbitech.com\/nl\/wp-json\/wp\/v2\/pages\/1250","targetHints":{"allow":["GET"]}}],"collection":[{"href":"https:\/\/bluerabbitech.com\/nl\/wp-json\/wp\/v2\/pages"}],"about":[{"href":"https:\/\/bluerabbitech.com\/nl\/wp-json\/wp\/v2\/types\/page"}],"author":[{"embeddable":true,"href":"https:\/\/bluerabbitech.com\/nl\/wp-json\/wp\/v2\/users\/1"}],"replies":[{"embeddable":true,"href":"https:\/\/bluerabbitech.com\/nl\/wp-json\/wp\/v2\/comments?post=1250"}],"version-history":[{"count":1,"href":"https:\/\/bluerabbitech.com\/nl\/wp-json\/wp\/v2\/pages\/1250\/revisions"}],"predecessor-version":[{"id":1251,"href":"https:\/\/bluerabbitech.com\/nl\/wp-json\/wp\/v2\/pages\/1250\/revisions\/1251"}],"wp:attachment":[{"href":"https:\/\/bluerabbitech.com\/nl\/wp-json\/wp\/v2\/media?parent=1250"}],"curies":[{"name":"wp","href":"https:\/\/api.w.org\/{rel}","templated":true}]}}