{"id":2675,"date":"2025-03-04T21:11:47","date_gmt":"2025-03-05T00:11:47","guid":{"rendered":"http:\/\/bluerabbitech.com\/?page_id=2675"},"modified":"2025-03-04T21:31:38","modified_gmt":"2025-03-05T00:31:38","slug":"voce-e-fa-de-gran-hermano-descubra-como-acompanhar-cada-momento","status":"publish","type":"page","link":"https:\/\/bluerabbitech.com\/nl\/voce-e-fa-de-gran-hermano-descubra-como-acompanhar-cada-momento\/","title":{"rendered":"Ben jij een fan van Gran Hermano? Ontdek hoe u elk moment kunt vastleggen!"},"content":{"rendered":"<p data-pm-slice=\"1 1 []\">Als je gepassioneerd bent door reality-tv, weet je dat <strong>Grote Broer<\/strong> is een van de meest opwindende wedstrijden op TV! Met strategie\u00ebn, onverwachte eliminaties en boeiende dynamiek houdt de serie fans aan het scherm gekluisterd, nieuwsgierig naar wie de grote winnaar zal zijn.<\/p>\n<p data-pm-slice=\"1 1 []\"><a href=\"http:\/\/bluerabbitech.com\/es\/aplicativo-para-assistir-ao-gran-hermano\/\" class=\"epcl-shortcode epcl-button fluid gradient red\" target=\"_self\" >Aanvraag om Gran Hermano LIVE te bekijken <\/a>\n<p data-pm-slice=\"1 1 []\"><a href=\"http:\/\/bluerabbitech.com\/es\/2647-2\/\" class=\"epcl-shortcode epcl-button fluid gradient red\" target=\"_self\" >volg de stemmen in Gran Hermano 2025<\/a>\n<p>Stel je voor dat je alles kunt zien <strong>live, zonder details te missen<\/strong>, volg de gevormde allianties, de conflicten binnen het huis en de strategie\u00ebn van de deelnemers. Denk nu eens na over <strong>toegang hebben tot een 24-uurs uitzending<\/strong>, exclusieve stemmen en de beste momenten van de realityshow in de palm van je hand!<\/p>\n<p>Er is niets erger dan een historische comeback of de meest verwachte eliminatie van het seizoen te missen, toch? Maar het goede nieuws is dat <strong>Je kunt Gran Hermano bekijken en zelfs deelnemen aan de stemmingen die het lot van de deelnemers bepalen<\/strong>. Ja, jij hebt de macht om het spel te be\u00efnvloeden en actief voor jouw favoriet te supporteren!<\/p>\n<p>Wil je het weten? <strong>hoe je de realityshow kunt volgen en waar je Gran Hermano live kunt kijken<\/strong>? Klik op onderstaande link en ontdek alle mogelijkheden. Zo mist u niets van deze spetterende editie!<\/p>\n<p>\ud83d\ude80 <strong>Mis het niet! Klik nu en ontdek hoe je elk moment van Gran Hermano kunt volgen!<\/strong><\/p>\n<p><a href=\"http:\/\/bluerabbitech.com\"><img loading=\"lazy\" decoding=\"async\" class=\"size-medium wp-image-2676 aligncenter\" src=\"http:\/\/bluerabbitech.com\/wp-content\/uploads\/2025\/03\/gran-hermanooo-300x169.jpg\" alt=\"\" width=\"300\" height=\"169\" srcset=\"https:\/\/bluerabbitech.com\/wp-content\/uploads\/2025\/03\/gran-hermanooo-300x169.jpg 300w, https:\/\/bluerabbitech.com\/wp-content\/uploads\/2025\/03\/gran-hermanooo-1024x576.jpg 1024w, https:\/\/bluerabbitech.com\/wp-content\/uploads\/2025\/03\/gran-hermanooo-768x432.jpg 768w, https:\/\/bluerabbitech.com\/wp-content\/uploads\/2025\/03\/gran-hermanooo-18x10.jpg 18w, https:\/\/bluerabbitech.com\/wp-content\/uploads\/2025\/03\/gran-hermanooo.jpg 1200w\" sizes=\"auto, (max-width: 300px) 100vw, 300px\" \/><\/a><\/p>","protected":false},"excerpt":{"rendered":"<p>Se voc\u00ea \u00e9 apaixonado por reality shows, sabe que Gran Hermano \u00e9 uma das competi\u00e7\u00f5es mais eletrizantes da TV! Com estrat\u00e9gias, elimina\u00e7\u00f5es inesperadas e din\u00e2micas&#8230;<\/p>","protected":false},"author":1,"featured_media":0,"parent":0,"menu_order":0,"comment_status":"closed","ping_status":"closed","template":"","meta":{"footnotes":""},"class_list":["post-2675","page","type-page","status-publish","hentry"],"_links":{"self":[{"href":"https:\/\/bluerabbitech.com\/nl\/wp-json\/wp\/v2\/pages\/2675","targetHints":{"allow":["GET"]}}],"collection":[{"href":"https:\/\/bluerabbitech.com\/nl\/wp-json\/wp\/v2\/pages"}],"about":[{"href":"https:\/\/bluerabbitech.com\/nl\/wp-json\/wp\/v2\/types\/page"}],"author":[{"embeddable":true,"href":"https:\/\/bluerabbitech.com\/nl\/wp-json\/wp\/v2\/users\/1"}],"replies":[{"embeddable":true,"href":"https:\/\/bluerabbitech.com\/nl\/wp-json\/wp\/v2\/comments?post=2675"}],"version-history":[{"count":3,"href":"https:\/\/bluerabbitech.com\/nl\/wp-json\/wp\/v2\/pages\/2675\/revisions"}],"predecessor-version":[{"id":2680,"href":"https:\/\/bluerabbitech.com\/nl\/wp-json\/wp\/v2\/pages\/2675\/revisions\/2680"}],"wp:attachment":[{"href":"https:\/\/bluerabbitech.com\/nl\/wp-json\/wp\/v2\/media?parent=2675"}],"curies":[{"name":"wp","href":"https:\/\/api.w.org\/{rel}","templated":true}]}}