{"id":1248,"date":"2024-01-08T21:20:55","date_gmt":"2024-01-09T00:20:55","guid":{"rendered":"http:\/\/bluerabbitech.com\/?page_id=1248"},"modified":"2024-01-08T21:20:55","modified_gmt":"2024-01-09T00:20:55","slug":"politica-de-privacidade","status":"publish","type":"page","link":"https:\/\/bluerabbitech.com\/pl\/politica-de-privacidade\/","title":{"rendered":"Polityka prywatno\u015bci"},"content":{"rendered":"<p><strong>Czym s\u0105 pliki cookie?<\/strong> W BlueRabbitTech u\u017cywamy plik\u00f3w cookie \u2013 ma\u0142ych plik\u00f3w, kt\u00f3re usprawniaj\u0105 przegl\u0105danie naszej witryny internetowej. W tej sekcji wyja\u015bniono rol\u0119 plik\u00f3w cookie, spos\u00f3b ich wykorzystania i dlaczego czasami s\u0105 niezb\u0119dne. Szczeg\u00f3\u0142owo opiszemy r\u00f3wnie\u017c, w jaki spos\u00f3b mo\u017cna zapobiec zapisywaniu plik\u00f3w cookie, gdy\u017c mog\u0105 one mie\u0107 wp\u0142yw na funkcjonowanie witryny.<\/p>\n<p><strong>Wykorzystanie plik\u00f3w cookie<\/strong> U\u017cywamy plik\u00f3w cookie z r\u00f3\u017cnych powod\u00f3w, kt\u00f3re wyja\u015bniamy poni\u017cej. Wy\u0142\u0105czenie obs\u0142ugi plik\u00f3w cookie mo\u017ce zazwyczaj wp\u0142yn\u0105\u0107 na funkcjonalno\u015b\u0107 witryny, dlatego zalecamy pozostawienie ich w\u0142\u0105czonych.<\/p>\n<p><strong>Jak wy\u0142\u0105czy\u0107 pliki cookie<\/strong> Mo\u017cesz zapobiec instalowaniu plik\u00f3w cookie, zmieniaj\u0105c ustawienia swojej przegl\u0105darki. Nale\u017cy jednak pami\u0119ta\u0107, \u017ce wy\u0142\u0105czenie plik\u00f3w cookie mo\u017ce ograniczy\u0107 funkcjonalno\u015b\u0107 naszej witryny internetowej oraz innych witryn internetowych.<\/p>\n<p><strong>Pliki cookie, kt\u00f3rych u\u017cywamy<\/strong><\/p>\n<ol>\n<li><strong>Pliki cookie konfiguracji witryny<\/strong>:U\u017cywamy plik\u00f3w cookie w celu personalizacji Twoich do\u015bwiadcze\u0144 poprzez zapami\u0119tywanie Twoich preferencji na potrzeby przysz\u0142ych wizyt.<\/li>\n<li><strong>Pliki cookie partner\u00f3w<\/strong>:W okre\u015blonych sytuacjach wykorzystujemy pliki cookie partner\u00f3w. Szczeg\u00f3\u0142owe informacje na temat tych plik\u00f3w cookie podano poni\u017cej.<\/li>\n<li><strong>Analiza Google<\/strong>:Aby analizowa\u0107 interakcj\u0119 u\u017cytkownik\u00f3w z nasz\u0105 witryn\u0105, korzystamy z narz\u0119dzia Google Analytics, kt\u00f3re zbiera dane takie jak czas trwania wizyty i odwiedzane strony.<\/li>\n<li><strong>AdSense Google<\/strong>:Do cel\u00f3w reklamowych korzystamy z us\u0142ugi AdSense, kt\u00f3ra wykorzystuje plik cookie DoubleClick w celu wy\u015bwietlania odpowiednich reklam i kontrolowania cz\u0119stotliwo\u015bci wy\u015bwietlania konkretnej reklamy.<\/li>\n<\/ol>\n<p><strong>Informacje dodatkowe<\/strong> Mamy nadziej\u0119, \u017ce te informacje pomog\u0105 Pa\u0144stwu zrozumie\u0107 nasz\u0105 polityk\u0119 plik\u00f3w cookie. Aby zapewni\u0107 najlepsze dzia\u0142anie witryny, zaleca si\u0119 w\u0142\u0105czenie obs\u0142ugi plik\u00f3w cookie. Aby uzyska\u0107 wi\u0119cej informacji, prosimy o kontakt: <a target=\"_new\" rel=\"noopener\">contato@bluerabbitech.com<\/a>.<\/p>","protected":false},"excerpt":{"rendered":"<p>O que s\u00e3o Cookies? No BlueRabbitTech, usamos cookies &#8211; pequenos arquivos que aprimoram sua experi\u00eancia de navega\u00e7\u00e3o em nosso site. Esta se\u00e7\u00e3o esclarece o papel&#8230;<\/p>","protected":false},"author":1,"featured_media":0,"parent":0,"menu_order":0,"comment_status":"closed","ping_status":"closed","template":"","meta":{"footnotes":""},"class_list":["post-1248","page","type-page","status-publish","hentry"],"_links":{"self":[{"href":"https:\/\/bluerabbitech.com\/pl\/wp-json\/wp\/v2\/pages\/1248","targetHints":{"allow":["GET"]}}],"collection":[{"href":"https:\/\/bluerabbitech.com\/pl\/wp-json\/wp\/v2\/pages"}],"about":[{"href":"https:\/\/bluerabbitech.com\/pl\/wp-json\/wp\/v2\/types\/page"}],"author":[{"embeddable":true,"href":"https:\/\/bluerabbitech.com\/pl\/wp-json\/wp\/v2\/users\/1"}],"replies":[{"embeddable":true,"href":"https:\/\/bluerabbitech.com\/pl\/wp-json\/wp\/v2\/comments?post=1248"}],"version-history":[{"count":1,"href":"https:\/\/bluerabbitech.com\/pl\/wp-json\/wp\/v2\/pages\/1248\/revisions"}],"predecessor-version":[{"id":1249,"href":"https:\/\/bluerabbitech.com\/pl\/wp-json\/wp\/v2\/pages\/1248\/revisions\/1249"}],"wp:attachment":[{"href":"https:\/\/bluerabbitech.com\/pl\/wp-json\/wp\/v2\/media?parent=1248"}],"curies":[{"name":"wp","href":"https:\/\/api.w.org\/{rel}","templated":true}]}}