{"id":1250,"date":"2024-01-08T21:21:24","date_gmt":"2024-01-09T00:21:24","guid":{"rendered":"http:\/\/bluerabbitech.com\/?page_id=1250"},"modified":"2024-01-08T21:21:24","modified_gmt":"2024-01-09T00:21:24","slug":"termos-de-uso","status":"publish","type":"page","link":"https:\/\/bluerabbitech.com\/pl\/termos-de-uso\/","title":{"rendered":"Warunki korzystania"},"content":{"rendered":"<p><strong>Witamy w Polityce plik\u00f3w cookie BlueRabbitTech<\/strong><\/p>\n<p><strong>Czym s\u0105 pliki cookie?<\/strong> W BlueRabbitTech, podobnie jak wiele innych witryn internetowych, u\u017cywamy plik\u00f3w cookie \u2013 ma\u0142ych plik\u00f3w, kt\u00f3re poprawiaj\u0105 komfort przegl\u0105dania. S\u0105 one pobierane na Twoje urz\u0105dzenie i pomagaj\u0105 personalizowa\u0107 i optymalizowa\u0107 interakcj\u0119 z nami. Ta sekcja wyja\u015bnia, co zbieraj\u0105 pliki cookie, jak je wykorzystujemy, a w niekt\u00f3rych przypadkach, dlaczego musimy je przechowywa\u0107. Szczeg\u00f3\u0142owo opiszemy r\u00f3wnie\u017c, jak mo\u017cesz odrzuci\u0107 te pliki cookie, chocia\u017c mo\u017ce to mie\u0107 wp\u0142yw na funkcjonalno\u015b\u0107 witryny.<\/p>\n<p><strong>Dlaczego u\u017cywamy plik\u00f3w cookie?<\/strong> Nasze u\u017cycie plik\u00f3w cookie s\u0142u\u017cy kilku istotnym celom. Cz\u0119sto nie ma standardowego sposobu wy\u0142\u0105czania plik\u00f3w cookie bez nara\u017cania funkcjonalno\u015bci witryny. Dlatego sugerujemy pozostawienie plik\u00f3w cookie w\u0142\u0105czonych, chyba \u017ce masz pewno\u015b\u0107, \u017ce ich nie potrzebujesz.<\/p>\n<p><strong>Jak zablokowa\u0107 pliki cookie<\/strong> Aby zablokowa\u0107 pliki cookie, dostosuj ustawienia swojej przegl\u0105darki. Pami\u0119taj jednak, \u017ce wy\u0142\u0105czenie plik\u00f3w cookie mo\u017ce wp\u0142yn\u0105\u0107 na Twoje do\u015bwiadczenia nie tylko na naszej stronie internetowej, ale tak\u017ce na innych, kt\u00f3re odwiedzasz.<\/p>\n<p><strong>Rodzaje plik\u00f3w cookie, kt\u00f3rych u\u017cywamy<\/strong><\/p>\n<ol>\n<li><strong>Pliki cookie konfiguracji witryny<\/strong>: S\u0142u\u017cy do personalizacji Twojego do\u015bwiadczenia poprzez zapami\u0119tywanie Twoich preferencji na potrzeby przysz\u0142ych wizyt.<\/li>\n<li><strong>Pliki cookie partner\u00f3w<\/strong>:U\u017cywamy plik\u00f3w cookie od firm partnerskich w celu realizacji okre\u015blonych funkcji, kt\u00f3rych szczeg\u00f3\u0142y zostan\u0105 podane poni\u017cej.<\/li>\n<\/ol>\n<p><strong>Narz\u0119dzia analityczne i reklamowe<\/strong><\/p>\n<ol>\n<li><strong>Analiza Google<\/strong>: Aby zrozumie\u0107 Twoj\u0105 interakcj\u0119 z nasz\u0105 witryn\u0105 i j\u0105 ulepszy\u0107, u\u017cywamy Google Analytics. Te pliki cookie monitoruj\u0105 takie rzeczy, jak d\u0142ugo\u015b\u0107 Twojej wizyty i strony, do kt\u00f3rych uzyskujesz dost\u0119p.<\/li>\n<li><strong>AdSense Google<\/strong>Aby wy\u015bwietla\u0107 trafne reklamy, korzystamy z us\u0142ugi AdSense, kt\u00f3ra wykorzystuje plik cookie DoubleClick.<\/li>\n<\/ol>\n<p><strong>Informacje dodatkowe<\/strong> Mamy nadziej\u0119, \u017ce ta polityka wyja\u015bnia znaczenie plik\u00f3w cookie. Zaleca si\u0119 w\u0142\u0105czenie plik\u00f3w cookie w celu zoptymalizowania korzystania ze strony internetowej. Aby uzyska\u0107 wi\u0119cej informacji, skontaktuj si\u0119 z nami pod adresem: <a target=\"_new\" rel=\"noopener\">contato@bluerabbitech.com<\/a>.<\/p>","protected":false},"excerpt":{"rendered":"<p>Bem-vindo \u00e0 Pol\u00edtica de Cookies do BlueRabbitTech O que s\u00e3o Cookies? No BlueRabbitTech, assim como em muitos sites, utilizamos cookies &#8211; pequenos arquivos que melhoram&#8230;<\/p>","protected":false},"author":1,"featured_media":0,"parent":0,"menu_order":0,"comment_status":"closed","ping_status":"closed","template":"","meta":{"footnotes":""},"class_list":["post-1250","page","type-page","status-publish","hentry"],"_links":{"self":[{"href":"https:\/\/bluerabbitech.com\/pl\/wp-json\/wp\/v2\/pages\/1250","targetHints":{"allow":["GET"]}}],"collection":[{"href":"https:\/\/bluerabbitech.com\/pl\/wp-json\/wp\/v2\/pages"}],"about":[{"href":"https:\/\/bluerabbitech.com\/pl\/wp-json\/wp\/v2\/types\/page"}],"author":[{"embeddable":true,"href":"https:\/\/bluerabbitech.com\/pl\/wp-json\/wp\/v2\/users\/1"}],"replies":[{"embeddable":true,"href":"https:\/\/bluerabbitech.com\/pl\/wp-json\/wp\/v2\/comments?post=1250"}],"version-history":[{"count":1,"href":"https:\/\/bluerabbitech.com\/pl\/wp-json\/wp\/v2\/pages\/1250\/revisions"}],"predecessor-version":[{"id":1251,"href":"https:\/\/bluerabbitech.com\/pl\/wp-json\/wp\/v2\/pages\/1250\/revisions\/1251"}],"wp:attachment":[{"href":"https:\/\/bluerabbitech.com\/pl\/wp-json\/wp\/v2\/media?parent=1250"}],"curies":[{"name":"wp","href":"https:\/\/api.w.org\/{rel}","templated":true}]}}