{"id":2675,"date":"2025-03-04T21:11:47","date_gmt":"2025-03-05T00:11:47","guid":{"rendered":"http:\/\/bluerabbitech.com\/?page_id=2675"},"modified":"2025-03-04T21:31:38","modified_gmt":"2025-03-05T00:31:38","slug":"voce-e-fa-de-gran-hermano-descubra-como-acompanhar-cada-momento","status":"publish","type":"page","link":"https:\/\/bluerabbitech.com\/pl\/voce-e-fa-de-gran-hermano-descubra-como-acompanhar-cada-momento\/","title":{"rendered":"Czy jeste\u015b fanem Gran Hermano? Odkryj, jak \u015bledzi\u0107 ka\u017cd\u0105 chwil\u0119!"},"content":{"rendered":"<p data-pm-slice=\"1 1 []\">Je\u015bli pasjonujesz si\u0119 telewizj\u0105 reality, wiesz, \u017ce <strong>Wielki Brat<\/strong> to jeden z najbardziej elektryzuj\u0105cych konkurs\u00f3w w telewizji! Dzi\u0119ki strategiom, nieoczekiwanym eliminacjom i wci\u0105gaj\u0105cej dynamice show trzyma widza przed ekranem, chc\u0105cego dowiedzie\u0107 si\u0119, kto oka\u017ce si\u0119 wielkim zwyci\u0119zc\u0105.<\/p>\n<p data-pm-slice=\"1 1 []\"><a href=\"http:\/\/bluerabbitech.com\/es\/aplicativo-para-assistir-ao-gran-hermano\/\" class=\"epcl-shortcode epcl-button fluid gradient red\" target=\"_self\" >Aplikacja do ogl\u0105dania Gran Hermano NA \u017bYWO <\/a>\n<p data-pm-slice=\"1 1 []\"><a href=\"http:\/\/bluerabbitech.com\/es\/2647-2\/\" class=\"epcl-shortcode epcl-button fluid gradient red\" target=\"_self\" >\u015bled\u017a g\u0142osy w Gran Hermano 2025<\/a>\n<p>Wyobra\u017a sobie, \u017ce mo\u017cesz ogl\u0105da\u0107 wszystko <strong>na \u017cywo, bez pomijania \u017cadnych szczeg\u00f3\u0142\u00f3w<\/strong>, \u015bled\u017a tworzone sojusze, konflikty wewn\u0105trz domu i strategie uczestnik\u00f3w. Teraz pomy\u015bl o <strong>mie\u0107 dost\u0119p do transmisji 24-godzinnej<\/strong>, ekskluzywne g\u0142osy i najlepsze momenty reality show na wyci\u0105gni\u0119cie r\u0119ki!<\/p>\n<p>Nie ma nic gorszego ni\u017c przegapienie historycznego powrotu lub najbardziej oczekiwanej pora\u017cki w sezonie, prawda? Ale dobr\u0105 wiadomo\u015bci\u0105 jest to, \u017ce <strong>Mo\u017cesz ogl\u0105da\u0107 Gran Hermano, a nawet bra\u0107 udzia\u0142 w g\u0142osowaniach decyduj\u0105cych o losie uczestnik\u00f3w<\/strong>. Tak, masz mo\u017cliwo\u015b\u0107 wp\u0142ywania na gr\u0119 i aktywnego kibicowania swojemu faworytowi!<\/p>\n<p>Chcesz wiedzie\u0107? <strong>jak \u015bledzi\u0107 reality show i gdzie ogl\u0105da\u0107 Gran Hermano na \u017cywo<\/strong>? Kliknij poni\u017cszy link i odkryj wszystkie dost\u0119pne opcje, aby nie przegapi\u0107 niczego z tej elektryzuj\u0105cej edycji!<\/p>\n<p>\ud83d\ude80 <strong>Nie przegap! Kliknij teraz i zobacz, jak prze\u017cy\u0107 ka\u017cd\u0105 chwil\u0119 Gran Hermano!<\/strong><\/p>\n<p><a href=\"http:\/\/bluerabbitech.com\"><img loading=\"lazy\" decoding=\"async\" class=\"size-medium wp-image-2676 aligncenter\" src=\"http:\/\/bluerabbitech.com\/wp-content\/uploads\/2025\/03\/gran-hermanooo-300x169.jpg\" alt=\"\" width=\"300\" height=\"169\" srcset=\"https:\/\/bluerabbitech.com\/wp-content\/uploads\/2025\/03\/gran-hermanooo-300x169.jpg 300w, https:\/\/bluerabbitech.com\/wp-content\/uploads\/2025\/03\/gran-hermanooo-1024x576.jpg 1024w, https:\/\/bluerabbitech.com\/wp-content\/uploads\/2025\/03\/gran-hermanooo-768x432.jpg 768w, https:\/\/bluerabbitech.com\/wp-content\/uploads\/2025\/03\/gran-hermanooo-18x10.jpg 18w, https:\/\/bluerabbitech.com\/wp-content\/uploads\/2025\/03\/gran-hermanooo.jpg 1200w\" sizes=\"auto, (max-width: 300px) 100vw, 300px\" \/><\/a><\/p>","protected":false},"excerpt":{"rendered":"<p>Se voc\u00ea \u00e9 apaixonado por reality shows, sabe que Gran Hermano \u00e9 uma das competi\u00e7\u00f5es mais eletrizantes da TV! Com estrat\u00e9gias, elimina\u00e7\u00f5es inesperadas e din\u00e2micas&#8230;<\/p>","protected":false},"author":1,"featured_media":0,"parent":0,"menu_order":0,"comment_status":"closed","ping_status":"closed","template":"","meta":{"footnotes":""},"class_list":["post-2675","page","type-page","status-publish","hentry"],"_links":{"self":[{"href":"https:\/\/bluerabbitech.com\/pl\/wp-json\/wp\/v2\/pages\/2675","targetHints":{"allow":["GET"]}}],"collection":[{"href":"https:\/\/bluerabbitech.com\/pl\/wp-json\/wp\/v2\/pages"}],"about":[{"href":"https:\/\/bluerabbitech.com\/pl\/wp-json\/wp\/v2\/types\/page"}],"author":[{"embeddable":true,"href":"https:\/\/bluerabbitech.com\/pl\/wp-json\/wp\/v2\/users\/1"}],"replies":[{"embeddable":true,"href":"https:\/\/bluerabbitech.com\/pl\/wp-json\/wp\/v2\/comments?post=2675"}],"version-history":[{"count":3,"href":"https:\/\/bluerabbitech.com\/pl\/wp-json\/wp\/v2\/pages\/2675\/revisions"}],"predecessor-version":[{"id":2680,"href":"https:\/\/bluerabbitech.com\/pl\/wp-json\/wp\/v2\/pages\/2675\/revisions\/2680"}],"wp:attachment":[{"href":"https:\/\/bluerabbitech.com\/pl\/wp-json\/wp\/v2\/media?parent=2675"}],"curies":[{"name":"wp","href":"https:\/\/api.w.org\/{rel}","templated":true}]}}