{"id":1244,"date":"2024-01-08T21:18:15","date_gmt":"2024-01-09T00:18:15","guid":{"rendered":"http:\/\/bluerabbitech.com\/?page_id=1244"},"modified":"2024-01-08T21:18:15","modified_gmt":"2024-01-09T00:18:15","slug":"quem-somos","status":"publish","type":"page","link":"https:\/\/bluerabbitech.com\/ro\/quem-somos\/","title":{"rendered":"Cine suntem noi"},"content":{"rendered":"<p>Bun venit la <strong>BlueRabbitTech<\/strong>, lansat \u00een 2023 ca un hub dedicat pasiona\u021bilor de tehnologie \u0219i inova\u021bie. Misiunea noastr\u0103 este s\u0103 simplific\u0103m complexitatea lumii digitale, democratiz\u00e2nd accesul la informa\u021bie \u0219i cuno\u0219tin\u021bele tehnologice.<\/p>\n<p>Credem c\u0103 informa\u021biile clare \u0219i de \u00eenalt\u0103 calitate sunt esen\u021biale pentru a naviga pe peisajul tehnologic \u00een continu\u0103 evolu\u021bie. La <strong>BlueRabbitTech<\/strong>, suntem dedica\u021bi s\u0103 oferim recenzii, ghiduri \u0219i perspective de \u00eencredere care nu doar informeaz\u0103, ci \u0219i inspir\u0103 \u0219i \u00eemputernicesc cititorii no\u0219tri.<\/p>\n<p>Echipa noastr\u0103 este format\u0103 din profesioni\u0219ti pasiona\u021bi de tehnologie, angaja\u021bi s\u0103-\u0219i \u00eemp\u0103rt\u0103\u0219easc\u0103 cuno\u0219tin\u021bele \u0219i experien\u021ba. Ne str\u0103duim s\u0103 ne asigur\u0103m c\u0103 fiecare con\u021binut este accesibil, relevant \u0219i valoros pentru toat\u0103 lumea, de la entuzia\u0219ti la profesioni\u0219ti din industrie.<\/p>\n<p>La <strong>BlueRabbitTech<\/strong>, c\u0103ut\u0103m mereu noi modalit\u0103\u021bi de a face informa\u021biile tehnologice mai u\u0219or de \u00een\u021beles \u0219i mai aplicabile. Al\u0103tura\u021bi-v\u0103 nou\u0103 \u00een aceast\u0103 c\u0103l\u0103torie de descoperire \u0219i inovare \u0219i fi\u021bi la curent cu cele mai bune din lumea digital\u0103!<\/p>","protected":false},"excerpt":{"rendered":"<p>Bem-vindo ao BlueRabbitTech, lan\u00e7ado em 2023 como um hub dedicado para os entusiastas de tecnologia e inova\u00e7\u00e3o. Nossa miss\u00e3o \u00e9 simplificar a complexidade do mundo&#8230;<\/p>","protected":false},"author":1,"featured_media":0,"parent":0,"menu_order":0,"comment_status":"closed","ping_status":"closed","template":"","meta":{"footnotes":""},"class_list":["post-1244","page","type-page","status-publish","hentry"],"_links":{"self":[{"href":"https:\/\/bluerabbitech.com\/ro\/wp-json\/wp\/v2\/pages\/1244","targetHints":{"allow":["GET"]}}],"collection":[{"href":"https:\/\/bluerabbitech.com\/ro\/wp-json\/wp\/v2\/pages"}],"about":[{"href":"https:\/\/bluerabbitech.com\/ro\/wp-json\/wp\/v2\/types\/page"}],"author":[{"embeddable":true,"href":"https:\/\/bluerabbitech.com\/ro\/wp-json\/wp\/v2\/users\/1"}],"replies":[{"embeddable":true,"href":"https:\/\/bluerabbitech.com\/ro\/wp-json\/wp\/v2\/comments?post=1244"}],"version-history":[{"count":1,"href":"https:\/\/bluerabbitech.com\/ro\/wp-json\/wp\/v2\/pages\/1244\/revisions"}],"predecessor-version":[{"id":1245,"href":"https:\/\/bluerabbitech.com\/ro\/wp-json\/wp\/v2\/pages\/1244\/revisions\/1245"}],"wp:attachment":[{"href":"https:\/\/bluerabbitech.com\/ro\/wp-json\/wp\/v2\/media?parent=1244"}],"curies":[{"name":"wp","href":"https:\/\/api.w.org\/{rel}","templated":true}]}}