{"id":1248,"date":"2024-01-08T21:20:55","date_gmt":"2024-01-09T00:20:55","guid":{"rendered":"http:\/\/bluerabbitech.com\/?page_id=1248"},"modified":"2024-01-08T21:20:55","modified_gmt":"2024-01-09T00:20:55","slug":"politica-de-privacidade","status":"publish","type":"page","link":"https:\/\/bluerabbitech.com\/ro\/politica-de-privacidade\/","title":{"rendered":"Politica de confiden\u021bialitate"},"content":{"rendered":"<p><strong>Ce sunt cookie-urile?<\/strong> La BlueRabbitTech, folosim cookie-uri \u2013 fi\u0219iere mici care \u00eembun\u0103t\u0103\u021besc experien\u021ba dvs. de navigare pe site-ul nostru web. Aceast\u0103 sec\u021biune explic\u0103 rolul cookie-urilor, cum le folosim \u0219i de ce sunt uneori necesare. De asemenea, vom detalia cum pute\u021bi \u00eempiedica stocarea acestor cookie-uri, care pot afecta func\u021bionalitatea site-ului.<\/p>\n<p><strong>Utilizarea cookie-urilor<\/strong> Folosim cookie-uri din diferite motive, pe care le vom explica mai jos. De obicei, dezactivarea cookie-urilor poate afecta func\u021bionalitatea site-ului web, a\u0219a c\u0103 v\u0103 recomand\u0103m s\u0103 le men\u021bine\u021bi activate.<\/p>\n<p><strong>Cum s\u0103 dezactiva\u021bi cookie-urile<\/strong> Pute\u021bi \u00eempiedica setarea cookie-urilor prin ajustarea set\u0103rilor browserului dumneavoastr\u0103. Totu\u0219i, re\u021bine\u021bi c\u0103 dezactivarea cookie-urilor poate limita func\u021bionalitatea site-urilor noastre web \u0219i a altor site-uri web.<\/p>\n<p><strong>Cookie-uri pe care le folosim<\/strong><\/p>\n<ol>\n<li><strong>Cookie-uri de configurare a site-ului<\/strong>Folosim cookie-uri pentru a v\u0103 personaliza experien\u021ba, memor\u00e2nd preferin\u021bele dvs. pentru vizitele viitoare.<\/li>\n<li><strong>Cookie-uri partenere<\/strong>Folosim cookie-uri partenere \u00een anumite situa\u021bii. Detalii despre aceste cookie-uri sunt furnizate mai jos.<\/li>\n<li><strong>Google Analytics<\/strong>Pentru a analiza interac\u021biunea utilizatorilor cu site-ul nostru web, folosim Google Analytics, care colecteaz\u0103 date precum durata vizitei \u0219i paginile vizitate.<\/li>\n<li><strong>Google AdSense<\/strong>Pentru publicitate, folosim AdSense, care folose\u0219te un cookie DoubleClick pentru a afi\u0219a reclame relevante \u0219i a controla frecven\u021ba cu care este afi\u0219at\u0103 o anumit\u0103 reclam\u0103.<\/li>\n<\/ol>\n<p><strong>Informa\u021bii suplimentare<\/strong> Sper\u0103m c\u0103 aceste informa\u021bii v\u0103 ajut\u0103 s\u0103 \u00een\u021belege\u021bi politica noastr\u0103 privind cookie-urile. Se recomand\u0103 men\u021binerea cookie-urilor activate pentru o experien\u021b\u0103 optim\u0103 pe site. Pentru informa\u021bii suplimentare, v\u0103 rug\u0103m s\u0103 ne contacta\u021bi la: <a target=\"_new\" rel=\"noopener\">contato@bluerabbitech.com<\/a>.<\/p>","protected":false},"excerpt":{"rendered":"<p>O que s\u00e3o Cookies? No BlueRabbitTech, usamos cookies &#8211; pequenos arquivos que aprimoram sua experi\u00eancia de navega\u00e7\u00e3o em nosso site. Esta se\u00e7\u00e3o esclarece o papel&#8230;<\/p>","protected":false},"author":1,"featured_media":0,"parent":0,"menu_order":0,"comment_status":"closed","ping_status":"closed","template":"","meta":{"footnotes":""},"class_list":["post-1248","page","type-page","status-publish","hentry"],"_links":{"self":[{"href":"https:\/\/bluerabbitech.com\/ro\/wp-json\/wp\/v2\/pages\/1248","targetHints":{"allow":["GET"]}}],"collection":[{"href":"https:\/\/bluerabbitech.com\/ro\/wp-json\/wp\/v2\/pages"}],"about":[{"href":"https:\/\/bluerabbitech.com\/ro\/wp-json\/wp\/v2\/types\/page"}],"author":[{"embeddable":true,"href":"https:\/\/bluerabbitech.com\/ro\/wp-json\/wp\/v2\/users\/1"}],"replies":[{"embeddable":true,"href":"https:\/\/bluerabbitech.com\/ro\/wp-json\/wp\/v2\/comments?post=1248"}],"version-history":[{"count":1,"href":"https:\/\/bluerabbitech.com\/ro\/wp-json\/wp\/v2\/pages\/1248\/revisions"}],"predecessor-version":[{"id":1249,"href":"https:\/\/bluerabbitech.com\/ro\/wp-json\/wp\/v2\/pages\/1248\/revisions\/1249"}],"wp:attachment":[{"href":"https:\/\/bluerabbitech.com\/ro\/wp-json\/wp\/v2\/media?parent=1248"}],"curies":[{"name":"wp","href":"https:\/\/api.w.org\/{rel}","templated":true}]}}