{"id":1250,"date":"2024-01-08T21:21:24","date_gmt":"2024-01-09T00:21:24","guid":{"rendered":"http:\/\/bluerabbitech.com\/?page_id=1250"},"modified":"2024-01-08T21:21:24","modified_gmt":"2024-01-09T00:21:24","slug":"termos-de-uso","status":"publish","type":"page","link":"https:\/\/bluerabbitech.com\/ro\/termos-de-uso\/","title":{"rendered":"Termeni de utilizare"},"content":{"rendered":"<p><strong>Bun venit la Politica privind cookie-urile BlueRabbitTech<\/strong><\/p>\n<p><strong>Ce sunt cookie-urile?<\/strong> La BlueRabbitTech, la fel ca multe alte site-uri web, folosim cookie-uri \u2013 fi\u0219iere mici care \u00eembun\u0103t\u0103\u021besc experien\u021ba dvs. de navigare. Acestea sunt desc\u0103rcate pe dispozitivul dvs. \u0219i ajut\u0103 la personalizarea \u0219i optimizarea interac\u021biunii dvs. cu noi. Aceast\u0103 sec\u021biune explic\u0103 ce colecteaz\u0103 cookie-urile, cum le folosim \u0219i, \u00een unele cazuri, de ce trebuie s\u0103 le stoc\u0103m. De asemenea, vom detalia cum pute\u021bi respinge aceste cookie-uri, de\u0219i acest lucru poate afecta func\u021bionalitatea site-ului.<\/p>\n<p><strong>De ce folosim cookie-uri?<\/strong> Utilizarea cookie-urilor de c\u0103tre noi serve\u0219te mai multor scopuri esen\u021biale. Adesea, nu exist\u0103 o modalitate standard \u00een industrie de a dezactiva cookie-urile f\u0103r\u0103 a compromite func\u021bionalitatea site-ului. Prin urmare, v\u0103 suger\u0103m s\u0103 p\u0103stra\u021bi cookie-urile activate, cu excep\u021bia cazului \u00een care sunte\u021bi sigur c\u0103 nu ave\u021bi nevoie de ele.<\/p>\n<p><strong>Cum s\u0103 blochezi cookie-urile<\/strong> Pentru a bloca cookie-urile, ajusta\u021bi set\u0103rile browserului. Re\u021bine\u021bi, totu\u0219i, c\u0103 dezactivarea cookie-urilor v\u0103 poate afecta experien\u021ba nu doar pe site-ul nostru, ci \u0219i pe alte site-uri pe care le vizita\u021bi.<\/p>\n<p><strong>Tipuri de cookie-uri pe care le folosim<\/strong><\/p>\n<ol>\n<li><strong>Cookie-uri de configurare a site-ului<\/strong>Folosit pentru a v\u0103 personaliza experien\u021ba prin memorarea preferin\u021belor dvs. pentru vizitele viitoare.<\/li>\n<li><strong>Cookie-uri partenere<\/strong>Folosim cookie-uri de la companii partenere pentru func\u021bii specifice, detalii despre care vom oferi mai jos.<\/li>\n<\/ol>\n<p><strong>Instrumente de analiz\u0103 \u0219i publicitate<\/strong><\/p>\n<ol>\n<li><strong>Google Analytics<\/strong>Pentru a \u00een\u021belege interac\u021biunea dvs. cu site-ul nostru web \u0219i pentru a-l \u00eembun\u0103t\u0103\u021bi, folosim Google Analytics. Aceste cookie-uri monitorizeaz\u0103 lucruri precum durata vizitei dvs. \u0219i paginile pe care le accesa\u021bi.<\/li>\n<li><strong>Google AdSense<\/strong>Pentru a afi\u0219a reclame relevante, folosim AdSense, care utilizeaz\u0103 un cookie DoubleClick.<\/li>\n<\/ol>\n<p><strong>Informa\u021bii suplimentare<\/strong> Sper\u0103m c\u0103 aceast\u0103 politic\u0103 clarific\u0103 importan\u021ba cookie-urilor. Men\u021binerea cookie-urilor activate este recomandat\u0103 pentru o experien\u021b\u0103 optimizat\u0103 pe site. Pentru mai multe informa\u021bii, v\u0103 rug\u0103m s\u0103 ne contacta\u021bi la: <a target=\"_new\" rel=\"noopener\">contato@bluerabbitech.com<\/a>.<\/p>","protected":false},"excerpt":{"rendered":"<p>Bem-vindo \u00e0 Pol\u00edtica de Cookies do BlueRabbitTech O que s\u00e3o Cookies? No BlueRabbitTech, assim como em muitos sites, utilizamos cookies &#8211; pequenos arquivos que melhoram&#8230;<\/p>","protected":false},"author":1,"featured_media":0,"parent":0,"menu_order":0,"comment_status":"closed","ping_status":"closed","template":"","meta":{"footnotes":""},"class_list":["post-1250","page","type-page","status-publish","hentry"],"_links":{"self":[{"href":"https:\/\/bluerabbitech.com\/ro\/wp-json\/wp\/v2\/pages\/1250","targetHints":{"allow":["GET"]}}],"collection":[{"href":"https:\/\/bluerabbitech.com\/ro\/wp-json\/wp\/v2\/pages"}],"about":[{"href":"https:\/\/bluerabbitech.com\/ro\/wp-json\/wp\/v2\/types\/page"}],"author":[{"embeddable":true,"href":"https:\/\/bluerabbitech.com\/ro\/wp-json\/wp\/v2\/users\/1"}],"replies":[{"embeddable":true,"href":"https:\/\/bluerabbitech.com\/ro\/wp-json\/wp\/v2\/comments?post=1250"}],"version-history":[{"count":1,"href":"https:\/\/bluerabbitech.com\/ro\/wp-json\/wp\/v2\/pages\/1250\/revisions"}],"predecessor-version":[{"id":1251,"href":"https:\/\/bluerabbitech.com\/ro\/wp-json\/wp\/v2\/pages\/1250\/revisions\/1251"}],"wp:attachment":[{"href":"https:\/\/bluerabbitech.com\/ro\/wp-json\/wp\/v2\/media?parent=1250"}],"curies":[{"name":"wp","href":"https:\/\/api.w.org\/{rel}","templated":true}]}}