{"id":2675,"date":"2025-03-04T21:11:47","date_gmt":"2025-03-05T00:11:47","guid":{"rendered":"http:\/\/bluerabbitech.com\/?page_id=2675"},"modified":"2025-03-04T21:31:38","modified_gmt":"2025-03-05T00:31:38","slug":"voce-e-fa-de-gran-hermano-descubra-como-acompanhar-cada-momento","status":"publish","type":"page","link":"https:\/\/bluerabbitech.com\/ru\/voce-e-fa-de-gran-hermano-descubra-como-acompanhar-cada-momento\/","title":{"rendered":"\u0412\u044b \u043f\u043e\u043a\u043b\u043e\u043d\u043d\u0438\u043a \u0413\u0440\u0430\u043d \u0425\u0435\u0440\u043c\u0430\u043d\u043e? \u0423\u0437\u043d\u0430\u0439\u0442\u0435, \u043a\u0430\u043a \u043e\u0442\u0441\u043b\u0435\u0436\u0438\u0432\u0430\u0442\u044c \u043a\u0430\u0436\u0434\u044b\u0439 \u043c\u043e\u043c\u0435\u043d\u0442!"},"content":{"rendered":"<p data-pm-slice=\"1 1 []\">\u0415\u0441\u043b\u0438 \u0432\u044b \u0443\u0432\u043b\u0435\u0447\u0435\u043d\u044b \u0440\u0435\u0430\u043b\u0438\u0442\u0438-\u0448\u043e\u0443, \u0432\u044b \u0437\u043d\u0430\u0435\u0442\u0435, \u0447\u0442\u043e <strong>\u0411\u043e\u043b\u044c\u0448\u043e\u0439 \u0411\u0440\u0430\u0442<\/strong> \u043e\u0434\u043d\u043e \u0438\u0437 \u0441\u0430\u043c\u044b\u0445 \u0437\u0430\u0445\u0432\u0430\u0442\u044b\u0432\u0430\u044e\u0449\u0438\u0445 \u0441\u043e\u0440\u0435\u0432\u043d\u043e\u0432\u0430\u043d\u0438\u0439 \u043d\u0430 \u0442\u0435\u043b\u0435\u0432\u0438\u0434\u0435\u043d\u0438\u0438! \u0411\u043b\u0430\u0433\u043e\u0434\u0430\u0440\u044f \u0441\u0442\u0440\u0430\u0442\u0435\u0433\u0438\u044f\u043c, \u043d\u0435\u043e\u0436\u0438\u0434\u0430\u043d\u043d\u044b\u043c \u0438\u0441\u043a\u043b\u044e\u0447\u0435\u043d\u0438\u044f\u043c \u0438 \u0437\u0430\u0445\u0432\u0430\u0442\u044b\u0432\u0430\u044e\u0449\u0435\u0439 \u0434\u0438\u043d\u0430\u043c\u0438\u043a\u0435 \u0448\u043e\u0443 \u0434\u0435\u0440\u0436\u0438\u0442 \u0444\u0430\u043d\u0430\u0442\u043e\u0432 \u043f\u0440\u0438\u043a\u043e\u0432\u0430\u043d\u043d\u044b\u043c\u0438 \u043a \u044d\u043a\u0440\u0430\u043d\u0443, \u0441 \u043d\u0435\u0442\u0435\u0440\u043f\u0435\u043d\u0438\u0435\u043c \u043e\u0436\u0438\u0434\u0430\u044f \u0443\u0437\u043d\u0430\u0442\u044c, \u043a\u0442\u043e \u0436\u0435 \u0441\u0442\u0430\u043d\u0435\u0442 \u0433\u043b\u0430\u0432\u043d\u044b\u043c \u043f\u043e\u0431\u0435\u0434\u0438\u0442\u0435\u043b\u0435\u043c.<\/p>\n<p data-pm-slice=\"1 1 []\"><a href=\"http:\/\/bluerabbitech.com\/es\/aplicativo-para-assistir-ao-gran-hermano\/\" class=\"epcl-shortcode epcl-button fluid gradient red\" target=\"_self\" >\u041f\u0440\u0438\u043b\u043e\u0436\u0435\u043d\u0438\u0435 \u0434\u043b\u044f \u043f\u0440\u043e\u0441\u043c\u043e\u0442\u0440\u0430 Gran Hermano LIVE <\/a>\n<p data-pm-slice=\"1 1 []\"><a href=\"http:\/\/bluerabbitech.com\/es\/2647-2\/\" class=\"epcl-shortcode epcl-button fluid gradient red\" target=\"_self\" >\u0441\u043b\u0435\u0434\u0438\u0442\u0435 \u0437\u0430 \u0433\u043e\u043b\u043e\u0441\u0430\u043c\u0438 \u0432 Gran Hermano 2025<\/a>\n<p>\u041f\u0440\u0435\u0434\u0441\u0442\u0430\u0432\u044c\u0442\u0435 \u0441\u0435\u0431\u0435, \u0447\u0442\u043e \u0432\u044b \u043c\u043e\u0436\u0435\u0442\u0435 \u0441\u043c\u043e\u0442\u0440\u0435\u0442\u044c \u0432\u0441\u0435 <strong>\u0432 \u043f\u0440\u044f\u043c\u043e\u043c \u044d\u0444\u0438\u0440\u0435, \u043d\u0435 \u0443\u043f\u0443\u0441\u043a\u0430\u044f \u043d\u0438 \u043e\u0434\u043d\u043e\u0439 \u0434\u0435\u0442\u0430\u043b\u0438<\/strong>, \u0441\u043b\u0435\u0434\u0438\u0442\u0435 \u0437\u0430 \u0444\u043e\u0440\u043c\u0438\u0440\u0443\u044e\u0449\u0438\u043c\u0438\u0441\u044f \u0430\u043b\u044c\u044f\u043d\u0441\u0430\u043c\u0438, \u043a\u043e\u043d\u0444\u043b\u0438\u043a\u0442\u0430\u043c\u0438 \u0432\u043d\u0443\u0442\u0440\u0438 \u0434\u043e\u043c\u0430 \u0438 \u0441\u0442\u0440\u0430\u0442\u0435\u0433\u0438\u044f\u043c\u0438 \u0443\u0447\u0430\u0441\u0442\u043d\u0438\u043a\u043e\u0432. \u0422\u0435\u043f\u0435\u0440\u044c \u043f\u043e\u0434\u0443\u043c\u0430\u0439\u0442\u0435 \u043e <strong>\u0438\u043c\u0435\u0442\u044c \u0434\u043e\u0441\u0442\u0443\u043f \u043a \u043a\u0440\u0443\u0433\u043b\u043e\u0441\u0443\u0442\u043e\u0447\u043d\u043e\u0439 \u0442\u0440\u0430\u043d\u0441\u043b\u044f\u0446\u0438\u0438<\/strong>, \u044d\u043a\u0441\u043a\u043b\u044e\u0437\u0438\u0432\u043d\u044b\u0435 \u0433\u043e\u043b\u043e\u0441\u0430 \u0438 \u043b\u0443\u0447\u0448\u0438\u0435 \u043c\u043e\u043c\u0435\u043d\u0442\u044b \u0440\u0435\u0430\u043b\u0438\u0442\u0438-\u0448\u043e\u0443 \u0443 \u0432\u0430\u0441 \u043d\u0430 \u043b\u0430\u0434\u043e\u043d\u0438!<\/p>\n<p>\u041d\u0435\u0442 \u043d\u0438\u0447\u0435\u0433\u043e \u0445\u0443\u0436\u0435, \u0447\u0435\u043c \u043f\u0440\u043e\u043f\u0443\u0441\u0442\u0438\u0442\u044c \u0438\u0441\u0442\u043e\u0440\u0438\u0447\u0435\u0441\u043a\u043e\u0435 \u0432\u043e\u0437\u0432\u0440\u0430\u0449\u0435\u043d\u0438\u0435 \u0438\u043b\u0438 \u0441\u0430\u043c\u043e\u0435 \u043e\u0436\u0438\u0434\u0430\u0435\u043c\u043e\u0435 \u0432\u044b\u0431\u044b\u0432\u0430\u043d\u0438\u0435 \u0441\u0435\u0437\u043e\u043d\u0430, \u043d\u0435 \u0442\u0430\u043a \u043b\u0438? \u041d\u043e \u0445\u043e\u0440\u043e\u0448\u0430\u044f \u043d\u043e\u0432\u043e\u0441\u0442\u044c \u0432 \u0442\u043e\u043c, \u0447\u0442\u043e <strong>\u0412\u044b \u043c\u043e\u0436\u0435\u0442\u0435 \u043f\u043e\u0441\u043c\u043e\u0442\u0440\u0435\u0442\u044c Gran Hermano \u0438 \u0434\u0430\u0436\u0435 \u043f\u043e\u0443\u0447\u0430\u0441\u0442\u0432\u043e\u0432\u0430\u0442\u044c \u0432 \u0433\u043e\u043b\u043e\u0441\u043e\u0432\u0430\u043d\u0438\u0438, \u043a\u043e\u0442\u043e\u0440\u043e\u0435 \u043e\u043f\u0440\u0435\u0434\u0435\u043b\u0438\u0442 \u0441\u0443\u0434\u044c\u0431\u0443 \u0443\u0447\u0430\u0441\u0442\u043d\u0438\u043a\u043e\u0432.<\/strong>. \u0414\u0430, \u0443 \u0432\u0430\u0441 \u0435\u0441\u0442\u044c \u0432\u043e\u0437\u043c\u043e\u0436\u043d\u043e\u0441\u0442\u044c \u043f\u043e\u0432\u043b\u0438\u044f\u0442\u044c \u043d\u0430 \u0438\u0433\u0440\u0443 \u0438 \u0430\u043a\u0442\u0438\u0432\u043d\u043e \u0431\u043e\u043b\u0435\u0442\u044c \u0437\u0430 \u0441\u0432\u043e\u0435\u0433\u043e \u0444\u0430\u0432\u043e\u0440\u0438\u0442\u0430!<\/p>\n<p>\u0425\u043e\u0442\u0438\u0442\u0435 \u0437\u043d\u0430\u0442\u044c? <strong>\u043a\u0430\u043a \u0441\u043b\u0435\u0434\u0438\u0442\u044c \u0437\u0430 \u0440\u0435\u0430\u043b\u0438\u0442\u0438-\u0448\u043e\u0443 \u0438 \u0433\u0434\u0435 \u0441\u043c\u043e\u0442\u0440\u0435\u0442\u044c Gran Hermano \u0432 \u043f\u0440\u044f\u043c\u043e\u043c \u044d\u0444\u0438\u0440\u0435<\/strong>? \u0422\u0430\u043a \u0447\u0442\u043e \u043d\u0430\u0436\u043c\u0438\u0442\u0435 \u043d\u0430 \u0441\u0441\u044b\u043b\u043a\u0443 \u043d\u0438\u0436\u0435 \u0438 \u043e\u0442\u043a\u0440\u043e\u0439\u0442\u0435 \u0434\u043b\u044f \u0441\u0435\u0431\u044f \u0432\u0441\u0435 \u0434\u043e\u0441\u0442\u0443\u043f\u043d\u044b\u0435 \u0432\u0430\u0440\u0438\u0430\u043d\u0442\u044b, \u0447\u0442\u043e\u0431\u044b \u043d\u0435 \u043f\u0440\u043e\u043f\u0443\u0441\u0442\u0438\u0442\u044c \u043d\u0438\u0447\u0435\u0433\u043e \u0438\u0437 \u044d\u0442\u043e\u0433\u043e \u0437\u0430\u0445\u0432\u0430\u0442\u044b\u0432\u0430\u044e\u0449\u0435\u0433\u043e \u0432\u044b\u043f\u0443\u0441\u043a\u0430!<\/p>\n<p>\ud83d\ude80 <strong>\u041d\u0435 \u043f\u0440\u043e\u043f\u0443\u0441\u0442\u0438\u0442\u0435! \u041d\u0430\u0436\u043c\u0438\u0442\u0435 \u0441\u0435\u0439\u0447\u0430\u0441 \u0438 \u0443\u0437\u043d\u0430\u0439\u0442\u0435, \u043a\u0430\u043a \u0441\u043b\u0435\u0434\u0438\u0442\u044c \u0437\u0430 \u043a\u0430\u0436\u0434\u044b\u043c \u043c\u043e\u043c\u0435\u043d\u0442\u043e\u043c Gran Hermano!<\/strong><\/p>\n<p><a href=\"http:\/\/bluerabbitech.com\"><img loading=\"lazy\" decoding=\"async\" class=\"size-medium wp-image-2676 aligncenter\" src=\"http:\/\/bluerabbitech.com\/wp-content\/uploads\/2025\/03\/gran-hermanooo-300x169.jpg\" alt=\"\" width=\"300\" height=\"169\" srcset=\"https:\/\/bluerabbitech.com\/wp-content\/uploads\/2025\/03\/gran-hermanooo-300x169.jpg 300w, https:\/\/bluerabbitech.com\/wp-content\/uploads\/2025\/03\/gran-hermanooo-1024x576.jpg 1024w, https:\/\/bluerabbitech.com\/wp-content\/uploads\/2025\/03\/gran-hermanooo-768x432.jpg 768w, https:\/\/bluerabbitech.com\/wp-content\/uploads\/2025\/03\/gran-hermanooo-18x10.jpg 18w, https:\/\/bluerabbitech.com\/wp-content\/uploads\/2025\/03\/gran-hermanooo.jpg 1200w\" sizes=\"auto, (max-width: 300px) 100vw, 300px\" \/><\/a><\/p>","protected":false},"excerpt":{"rendered":"<p>Se voc\u00ea \u00e9 apaixonado por reality shows, sabe que Gran Hermano \u00e9 uma das competi\u00e7\u00f5es mais eletrizantes da TV! Com estrat\u00e9gias, elimina\u00e7\u00f5es inesperadas e din\u00e2micas&#8230;<\/p>","protected":false},"author":1,"featured_media":0,"parent":0,"menu_order":0,"comment_status":"closed","ping_status":"closed","template":"","meta":{"footnotes":""},"class_list":["post-2675","page","type-page","status-publish","hentry"],"_links":{"self":[{"href":"https:\/\/bluerabbitech.com\/ru\/wp-json\/wp\/v2\/pages\/2675","targetHints":{"allow":["GET"]}}],"collection":[{"href":"https:\/\/bluerabbitech.com\/ru\/wp-json\/wp\/v2\/pages"}],"about":[{"href":"https:\/\/bluerabbitech.com\/ru\/wp-json\/wp\/v2\/types\/page"}],"author":[{"embeddable":true,"href":"https:\/\/bluerabbitech.com\/ru\/wp-json\/wp\/v2\/users\/1"}],"replies":[{"embeddable":true,"href":"https:\/\/bluerabbitech.com\/ru\/wp-json\/wp\/v2\/comments?post=2675"}],"version-history":[{"count":3,"href":"https:\/\/bluerabbitech.com\/ru\/wp-json\/wp\/v2\/pages\/2675\/revisions"}],"predecessor-version":[{"id":2680,"href":"https:\/\/bluerabbitech.com\/ru\/wp-json\/wp\/v2\/pages\/2675\/revisions\/2680"}],"wp:attachment":[{"href":"https:\/\/bluerabbitech.com\/ru\/wp-json\/wp\/v2\/media?parent=2675"}],"curies":[{"name":"wp","href":"https:\/\/api.w.org\/{rel}","templated":true}]}}