{"id":1244,"date":"2024-01-08T21:18:15","date_gmt":"2024-01-09T00:18:15","guid":{"rendered":"http:\/\/bluerabbitech.com\/?page_id=1244"},"modified":"2024-01-08T21:18:15","modified_gmt":"2024-01-09T00:18:15","slug":"quem-somos","status":"publish","type":"page","link":"https:\/\/bluerabbitech.com\/sl\/quem-somos\/","title":{"rendered":"Kdo smo"},"content":{"rendered":"<p>Dobrodo\u0161li v <strong>BlueRabbitTech<\/strong>, Na\u0161e poslanstvo, ustanovljeno leta 2023 kot sredi\u0161\u010de, namenjeno navdu\u0161encem nad tehnologijo in inovacijami, je poenostaviti kompleksnost digitalnega sveta z demokratizacijo dostopa do informacij in tehnolo\u0161kega znanja.<\/p>\n<p>Verjamemo, da so jasne in kakovostne informacije klju\u010dne za krmarjenje po nenehno razvijajo\u010di se tehnolo\u0161ki krajini. <strong>BlueRabbitTech<\/strong>, Predani smo zagotavljanju zanesljivih analiz, vodnikov in vpogledov, ki ne le obve\u0161\u010dajo, ampak tudi navdihujejo in opolnomo\u010dajo na\u0161e bralce.<\/p>\n<p>Na\u0161o ekipo sestavljajo strokovnjaki, ki so navdu\u0161eni nad tehnologijo in so predani deljenju svojega znanja in izku\u0161enj. Prizadevamo si zagotoviti, da je vsa vsebina dostopna, relevantna in dragocena za vse, od navdu\u0161encev do strokovnjakov v panogi.<\/p>\n<p>Vozli\u0161\u010de <strong>BlueRabbitTech<\/strong>, Vedno i\u0161\u010demo nove na\u010dine, kako narediti tehnolo\u0161ke informacije bolj razumljive in uporabne. Pridru\u017eite se nam na tej poti odkrivanja in inovacij ter bodite na teko\u010dem z najbolj\u0161im iz digitalnega sveta!<\/p>","protected":false},"excerpt":{"rendered":"<p>Bem-vindo ao BlueRabbitTech, lan\u00e7ado em 2023 como um hub dedicado para os entusiastas de tecnologia e inova\u00e7\u00e3o. Nossa miss\u00e3o \u00e9 simplificar a complexidade do mundo&#8230;<\/p>","protected":false},"author":1,"featured_media":0,"parent":0,"menu_order":0,"comment_status":"closed","ping_status":"closed","template":"","meta":{"footnotes":""},"class_list":["post-1244","page","type-page","status-publish","hentry"],"_links":{"self":[{"href":"https:\/\/bluerabbitech.com\/sl\/wp-json\/wp\/v2\/pages\/1244","targetHints":{"allow":["GET"]}}],"collection":[{"href":"https:\/\/bluerabbitech.com\/sl\/wp-json\/wp\/v2\/pages"}],"about":[{"href":"https:\/\/bluerabbitech.com\/sl\/wp-json\/wp\/v2\/types\/page"}],"author":[{"embeddable":true,"href":"https:\/\/bluerabbitech.com\/sl\/wp-json\/wp\/v2\/users\/1"}],"replies":[{"embeddable":true,"href":"https:\/\/bluerabbitech.com\/sl\/wp-json\/wp\/v2\/comments?post=1244"}],"version-history":[{"count":1,"href":"https:\/\/bluerabbitech.com\/sl\/wp-json\/wp\/v2\/pages\/1244\/revisions"}],"predecessor-version":[{"id":1245,"href":"https:\/\/bluerabbitech.com\/sl\/wp-json\/wp\/v2\/pages\/1244\/revisions\/1245"}],"wp:attachment":[{"href":"https:\/\/bluerabbitech.com\/sl\/wp-json\/wp\/v2\/media?parent=1244"}],"curies":[{"name":"wp","href":"https:\/\/api.w.org\/{rel}","templated":true}]}}