{"id":1248,"date":"2024-01-08T21:20:55","date_gmt":"2024-01-09T00:20:55","guid":{"rendered":"http:\/\/bluerabbitech.com\/?page_id=1248"},"modified":"2024-01-08T21:20:55","modified_gmt":"2024-01-09T00:20:55","slug":"politica-de-privacidade","status":"publish","type":"page","link":"https:\/\/bluerabbitech.com\/sl\/politica-de-privacidade\/","title":{"rendered":"Pravilnik o zasebnosti"},"content":{"rendered":"<p><strong>Kaj so pi\u0161kotki?<\/strong> Na BlueRabbitTech uporabljamo pi\u0161kotke \u2013 majhne datoteke, ki izbolj\u0161ajo va\u0161o izku\u0161njo brskanja po na\u0161i spletni strani. V tem razdelku je pojasnjena vloga pi\u0161kotkov, kako jih uporabljamo in zakaj so v\u010dasih potrebni. Podrobno bomo opisali tudi, kako lahko prepre\u010dite shranjevanje teh pi\u0161kotkov, kar lahko vpliva na delovanje spletnega mesta.<\/p>\n<p><strong>Uporaba pi\u0161kotkov<\/strong> Pi\u0161kotke uporabljamo iz razli\u010dnih razlogov, ki jih bomo pojasnili v nadaljevanju. Onemogo\u010danje pi\u0161kotkov lahko obi\u010dajno vpliva na delovanje spletnega mesta, zato priporo\u010damo, da jih pustite omogo\u010dene.<\/p>\n<p><strong>Kako onemogo\u010diti pi\u0161kotke<\/strong> Nastavitev pi\u0161kotkov lahko prepre\u010dite tako, da prilagodite nastavitve v svojem brskalniku. Vendar ne pozabite, da lahko onemogo\u010danje pi\u0161kotkov omeji delovanje na\u0161ega spletnega mesta in drugih spletnih mest.<\/p>\n<p><strong>Pi\u0161kotki, ki jih uporabljamo<\/strong><\/p>\n<ol>\n<li><strong>Pi\u0161kotki za konfiguracijo spletnega mesta<\/strong>Pi\u0161kotke uporabljamo za prilagoditev va\u0161e izku\u0161nje in si zapomnimo va\u0161e nastavitve za prihodnje obiske.<\/li>\n<li><strong>Pi\u0161kotki partnerjev<\/strong>V dolo\u010denih situacijah uporabljamo partnerske pi\u0161kotke. Podrobnosti o teh pi\u0161kotkih bodo navedene spodaj.<\/li>\n<li><strong>Google Analytics<\/strong>Za analizo interakcije uporabnikov z na\u0161im spletnim mestom uporabljamo Google Analytics, ki zbira podatke, kot so trajanje obiska in obiskane strani.<\/li>\n<li><strong>Google AdSense<\/strong>Za ogla\u0161evanje uporabljamo AdSense, ki uporablja pi\u0161kotek DoubleClick za prikazovanje ustreznih oglasov in nadzor nad pogostostjo prikazovanja dolo\u010denega oglasa.<\/li>\n<\/ol>\n<p><strong>Dodatne informacije<\/strong> Upamo, da vam bodo te informacije v pomo\u010d pri razumevanju na\u0161e politike pi\u0161kotkov. Za najbolj\u0161o uporabni\u0161ko izku\u0161njo na spletnem mestu je priporo\u010dljivo, da pi\u0161kotke pustite omogo\u010dene. Za dodatna pojasnila nas kontaktirajte na: <a target=\"_new\" rel=\"noopener\">contato@bluerabbitech.com<\/a>.<\/p>","protected":false},"excerpt":{"rendered":"<p>O que s\u00e3o Cookies? No BlueRabbitTech, usamos cookies &#8211; pequenos arquivos que aprimoram sua experi\u00eancia de navega\u00e7\u00e3o em nosso site. Esta se\u00e7\u00e3o esclarece o papel&#8230;<\/p>","protected":false},"author":1,"featured_media":0,"parent":0,"menu_order":0,"comment_status":"closed","ping_status":"closed","template":"","meta":{"footnotes":""},"class_list":["post-1248","page","type-page","status-publish","hentry"],"_links":{"self":[{"href":"https:\/\/bluerabbitech.com\/sl\/wp-json\/wp\/v2\/pages\/1248","targetHints":{"allow":["GET"]}}],"collection":[{"href":"https:\/\/bluerabbitech.com\/sl\/wp-json\/wp\/v2\/pages"}],"about":[{"href":"https:\/\/bluerabbitech.com\/sl\/wp-json\/wp\/v2\/types\/page"}],"author":[{"embeddable":true,"href":"https:\/\/bluerabbitech.com\/sl\/wp-json\/wp\/v2\/users\/1"}],"replies":[{"embeddable":true,"href":"https:\/\/bluerabbitech.com\/sl\/wp-json\/wp\/v2\/comments?post=1248"}],"version-history":[{"count":1,"href":"https:\/\/bluerabbitech.com\/sl\/wp-json\/wp\/v2\/pages\/1248\/revisions"}],"predecessor-version":[{"id":1249,"href":"https:\/\/bluerabbitech.com\/sl\/wp-json\/wp\/v2\/pages\/1248\/revisions\/1249"}],"wp:attachment":[{"href":"https:\/\/bluerabbitech.com\/sl\/wp-json\/wp\/v2\/media?parent=1248"}],"curies":[{"name":"wp","href":"https:\/\/api.w.org\/{rel}","templated":true}]}}