{"id":1250,"date":"2024-01-08T21:21:24","date_gmt":"2024-01-09T00:21:24","guid":{"rendered":"http:\/\/bluerabbitech.com\/?page_id=1250"},"modified":"2024-01-08T21:21:24","modified_gmt":"2024-01-09T00:21:24","slug":"termos-de-uso","status":"publish","type":"page","link":"https:\/\/bluerabbitech.com\/sl\/termos-de-uso\/","title":{"rendered":"Pogoji uporabe"},"content":{"rendered":"<p><strong>Dobrodo\u0161li v pravilniku o pi\u0161kotkih BlueRabbitTech.<\/strong><\/p>\n<p><strong>Kaj so pi\u0161kotki?<\/strong> Na BlueRabbitTech, tako kot na mnogih drugih spletnih mestih, uporabljamo pi\u0161kotke \u2013 majhne datoteke, ki izbolj\u0161ajo va\u0161o izku\u0161njo brskanja. Prenesejo se v va\u0161o napravo in pomagajo prilagoditi in optimizirati va\u0161o interakcijo z nami. V tem razdelku je pojasnjeno, katere pi\u0161kotke zbiramo, kako jih uporabljamo in v nekaterih primerih tudi potrebo po njihovem shranjevanju. Podrobno bomo opisali tudi, kako lahko te pi\u0161kotke zavrnete, \u010deprav lahko to vpliva na delovanje spletnega mesta.<\/p>\n<p><strong>Zakaj uporabljamo pi\u0161kotke?<\/strong> Na\u0161a uporaba pi\u0161kotkov slu\u017ei ve\u010d bistvenim namenom. Pogosto ni standardne alternative v industriji za onemogo\u010danje pi\u0161kotkov, ne da bi pri tem ogrozili delovanje spletnega mesta. Zato priporo\u010damo, da pi\u0161kotke pustite omogo\u010dene, razen \u010de ste prepri\u010dani, da jih ne potrebujete.<\/p>\n<p><strong>Kako blokirati pi\u0161kotke<\/strong> \u010ce \u017eelite blokirati pi\u0161kotke, prilagodite nastavitve brskalnika. Ne pozabite pa, da lahko onemogo\u010danje pi\u0161kotkov vpliva na va\u0161o izku\u0161njo ne le na na\u0161em spletnem mestu, temve\u010d tudi na drugih spletnih mestih, ki jih obi\u0161\u010dete.<\/p>\n<p><strong>Vrste pi\u0161kotkov, ki jih uporabljamo<\/strong><\/p>\n<ol>\n<li><strong>Pi\u0161kotki za konfiguracijo spletnega mesta<\/strong>Uporablja se za prilagoditev va\u0161e izku\u0161nje z zapomnitvijo va\u0161ih nastavitev za prihodnje obiske.<\/li>\n<li><strong>Pi\u0161kotki partnerjev<\/strong>Za dolo\u010dene funkcije uporabljamo pi\u0161kotke partnerskih podjetij, o katerih bomo podrobnosti navedli spodaj.<\/li>\n<\/ol>\n<p><strong>Orodja za analitiko in ogla\u0161evanje<\/strong><\/p>\n<ol>\n<li><strong>Google Analytics<\/strong>Za razumevanje in izbolj\u0161anje va\u0161e interakcije z na\u0161im spletnim mestom uporabljamo Google Analytics. Ti pi\u0161kotki spremljajo vidike, kot so trajanje va\u0161ega obiska in strani, do katerih dostopate.<\/li>\n<li><strong>Google AdSense<\/strong>Za prikazovanje ustreznih oglasov uporabljamo AdSense, ki uporablja pi\u0161kotek DoubleClick.<\/li>\n<\/ol>\n<p><strong>Dodatne informacije<\/strong> Upamo, da ta politika pojasnjuje pomen pi\u0161kotkov. Za optimizirano izku\u0161njo spletnega mesta je priporo\u010dljivo, da pi\u0161kotke pustite omogo\u010dene. Za ve\u010d informacij nas kontaktirajte na: <a target=\"_new\" rel=\"noopener\">contato@bluerabbitech.com<\/a>.<\/p>","protected":false},"excerpt":{"rendered":"<p>Bem-vindo \u00e0 Pol\u00edtica de Cookies do BlueRabbitTech O que s\u00e3o Cookies? No BlueRabbitTech, assim como em muitos sites, utilizamos cookies &#8211; pequenos arquivos que melhoram&#8230;<\/p>","protected":false},"author":1,"featured_media":0,"parent":0,"menu_order":0,"comment_status":"closed","ping_status":"closed","template":"","meta":{"footnotes":""},"class_list":["post-1250","page","type-page","status-publish","hentry"],"_links":{"self":[{"href":"https:\/\/bluerabbitech.com\/sl\/wp-json\/wp\/v2\/pages\/1250","targetHints":{"allow":["GET"]}}],"collection":[{"href":"https:\/\/bluerabbitech.com\/sl\/wp-json\/wp\/v2\/pages"}],"about":[{"href":"https:\/\/bluerabbitech.com\/sl\/wp-json\/wp\/v2\/types\/page"}],"author":[{"embeddable":true,"href":"https:\/\/bluerabbitech.com\/sl\/wp-json\/wp\/v2\/users\/1"}],"replies":[{"embeddable":true,"href":"https:\/\/bluerabbitech.com\/sl\/wp-json\/wp\/v2\/comments?post=1250"}],"version-history":[{"count":1,"href":"https:\/\/bluerabbitech.com\/sl\/wp-json\/wp\/v2\/pages\/1250\/revisions"}],"predecessor-version":[{"id":1251,"href":"https:\/\/bluerabbitech.com\/sl\/wp-json\/wp\/v2\/pages\/1250\/revisions\/1251"}],"wp:attachment":[{"href":"https:\/\/bluerabbitech.com\/sl\/wp-json\/wp\/v2\/media?parent=1250"}],"curies":[{"name":"wp","href":"https:\/\/api.w.org\/{rel}","templated":true}]}}