{"id":1244,"date":"2024-01-08T21:18:15","date_gmt":"2024-01-09T00:18:15","guid":{"rendered":"http:\/\/bluerabbitech.com\/?page_id=1244"},"modified":"2024-01-08T21:18:15","modified_gmt":"2024-01-09T00:18:15","slug":"quem-somos","status":"publish","type":"page","link":"https:\/\/bluerabbitech.com\/sq\/quem-somos\/","title":{"rendered":"Kush Jemi Ne"},"content":{"rendered":"<p>Mir\u00eb se vini n\u00eb <strong>BlueRabbitTech<\/strong>, e lan\u00e7uar n\u00eb vitin 2023 si nj\u00eb qend\u00ebr e dedikuar p\u00ebr entuziast\u00ebt e teknologjis\u00eb dhe inovacionit. Misioni yn\u00eb \u00ebsht\u00eb t\u00eb thjeshtojm\u00eb kompleksitetin e bot\u00ebs dixhitale duke demokratizuar aksesin n\u00eb informacion dhe njohuri teknologjike.<\/p>\n<p>Ne besojm\u00eb se informacioni i qart\u00eb dhe me cil\u00ebsi t\u00eb lart\u00eb \u00ebsht\u00eb thelb\u00ebsor p\u00ebr t\u00eb lundruar n\u00eb peizazhin teknologjik n\u00eb zhvillim e sip\u00ebr. <strong>BlueRabbitTech<\/strong>, ne jemi t\u00eb p\u00ebrkushtuar p\u00ebr t\u00eb ofruar analiza, udh\u00ebzues dhe njohuri t\u00eb besueshme q\u00eb jo vet\u00ebm informojn\u00eb, por edhe frym\u00ebzojn\u00eb dhe fuqizojn\u00eb lexuesit tan\u00eb.<\/p>\n<p>Ekipi yn\u00eb p\u00ebrb\u00ebhet nga profesionist\u00eb t\u00eb apasionuar t\u00eb teknologjis\u00eb, t\u00eb cil\u00ebt jan\u00eb t\u00eb p\u00ebrkushtuar p\u00ebr t\u00eb ndar\u00eb njohurit\u00eb dhe p\u00ebrvoj\u00ebn e tyre. Ne p\u00ebrpiqemi t\u00eb sigurohemi q\u00eb \u00e7do p\u00ebrmbajtje t\u00eb jet\u00eb e arritshme, relevante dhe e vlefshme p\u00ebr t\u00eb gjith\u00eb, nga entuziast\u00ebt deri te profesionist\u00ebt e industris\u00eb.<\/p>\n<p>Nyja <strong>BlueRabbitTech<\/strong>, ne jemi gjithmon\u00eb n\u00eb k\u00ebrkim t\u00eb m\u00ebnyrave t\u00eb reja p\u00ebr ta b\u00ebr\u00eb informacionin teknologjik m\u00eb t\u00eb kuptuesh\u00ebm dhe t\u00eb zbatuesh\u00ebm. Bashkohuni me ne n\u00eb k\u00ebt\u00eb udh\u00ebtim zbulimi dhe inovacioni dhe q\u00ebndroni t\u00eb p\u00ebrdit\u00ebsuar me m\u00eb t\u00eb mir\u00ebn e bot\u00ebs dixhitale!<\/p>","protected":false},"excerpt":{"rendered":"<p>Mir\u00eb se vini n\u00eb BlueRabbitTech, e lan\u00e7uar n\u00eb vitin 2023 si nj\u00eb qend\u00ebr e dedikuar p\u00ebr entuziast\u00ebt e teknologjis\u00eb dhe inovacionit. Misioni yn\u00eb \u00ebsht\u00eb t\u00eb thjeshtojm\u00eb kompleksitetin e bot\u00ebs\u2026<\/p>","protected":false},"author":1,"featured_media":0,"parent":0,"menu_order":0,"comment_status":"closed","ping_status":"closed","template":"","meta":{"footnotes":""},"class_list":["post-1244","page","type-page","status-publish","hentry"],"_links":{"self":[{"href":"https:\/\/bluerabbitech.com\/sq\/wp-json\/wp\/v2\/pages\/1244","targetHints":{"allow":["GET"]}}],"collection":[{"href":"https:\/\/bluerabbitech.com\/sq\/wp-json\/wp\/v2\/pages"}],"about":[{"href":"https:\/\/bluerabbitech.com\/sq\/wp-json\/wp\/v2\/types\/page"}],"author":[{"embeddable":true,"href":"https:\/\/bluerabbitech.com\/sq\/wp-json\/wp\/v2\/users\/1"}],"replies":[{"embeddable":true,"href":"https:\/\/bluerabbitech.com\/sq\/wp-json\/wp\/v2\/comments?post=1244"}],"version-history":[{"count":1,"href":"https:\/\/bluerabbitech.com\/sq\/wp-json\/wp\/v2\/pages\/1244\/revisions"}],"predecessor-version":[{"id":1245,"href":"https:\/\/bluerabbitech.com\/sq\/wp-json\/wp\/v2\/pages\/1244\/revisions\/1245"}],"wp:attachment":[{"href":"https:\/\/bluerabbitech.com\/sq\/wp-json\/wp\/v2\/media?parent=1244"}],"curies":[{"name":"wp","href":"https:\/\/api.w.org\/{rel}","templated":true}]}}