{"id":2675,"date":"2025-03-04T21:11:47","date_gmt":"2025-03-05T00:11:47","guid":{"rendered":"http:\/\/bluerabbitech.com\/?page_id=2675"},"modified":"2025-03-04T21:31:38","modified_gmt":"2025-03-05T00:31:38","slug":"voce-e-fa-de-gran-hermano-descubra-como-acompanhar-cada-momento","status":"publish","type":"page","link":"https:\/\/bluerabbitech.com\/sq\/voce-e-fa-de-gran-hermano-descubra-como-acompanhar-cada-momento\/","title":{"rendered":"Jeni adhurues i Gran Hermano? Zbuloni Si t\u00eb gjurmoni \u00e7do moment!"},"content":{"rendered":"<p data-pm-slice=\"1 1 []\">N\u00ebse jeni t\u00eb apasionuar pas realitetit televiziv, ju e dini k\u00ebt\u00eb <strong>Big Brother<\/strong> \u00ebsht\u00eb nj\u00eb nga garat m\u00eb elektrizuese n\u00eb TV! Me strategji, eleminime t\u00eb papritura dhe dinamik\u00eb t\u00ebrheq\u00ebse, shfaqja i mban fansat t\u00eb mb\u00ebrthyer pas ekranit, n\u00eb ankth p\u00ebr t\u00eb ditur se kush do t\u00eb jet\u00eb fituesi i madh.<\/p>\n<p data-pm-slice=\"1 1 []\"><a href=\"http:\/\/bluerabbitech.com\/es\/aplicativo-para-assistir-ao-gran-hermano\/\" class=\"epcl-shortcode epcl-button fluid gradient red\" target=\"_self\" >Aplikim p\u00ebr t\u00eb par\u00eb Gran Hermano LIVE <\/a>\n<p data-pm-slice=\"1 1 []\"><a href=\"http:\/\/bluerabbitech.com\/es\/2647-2\/\" class=\"epcl-shortcode epcl-button fluid gradient red\" target=\"_self\" >ndiqni votat n\u00eb Gran Hermano 2025<\/a>\n<p>Imagjinoni t\u00eb jeni n\u00eb gjendje t\u00eb shikoni gjith\u00e7ka <strong>live, pa humbur asnj\u00eb detaj<\/strong>, ndjekin aleancat q\u00eb krijohen, konfliktet brenda sht\u00ebpis\u00eb dhe strategjit\u00eb e pjes\u00ebmarr\u00ebsve. Tani mendoni <strong>t\u00eb ken\u00eb akses n\u00eb nj\u00eb transmetim 24-or\u00ebsh<\/strong>, votat ekskluzive dhe momentet m\u00eb t\u00eb mira t\u00eb reality show-t n\u00eb p\u00ebll\u00ebmb\u00eb t\u00eb dor\u00ebs!<\/p>\n<p>Nuk ka asgj\u00eb m\u00eb t\u00eb keqe se t\u00eb humbas\u00ebsh at\u00eb rikthim historik apo eliminimin m\u00eb t\u00eb pritur t\u00eb sezonit, apo jo? Por lajmi i mir\u00eb \u00ebsht\u00eb se <strong>Ju mund t\u00eb shikoni Gran Hermano dhe madje t\u00eb merrni pjes\u00eb n\u00eb votat q\u00eb p\u00ebrcaktojn\u00eb fatin e pjes\u00ebmarr\u00ebsve<\/strong>. Po, ju keni fuqin\u00eb p\u00ebr t\u00eb ndikuar n\u00eb loj\u00eb dhe p\u00ebr t\u00eb rr\u00ebnjosur n\u00eb m\u00ebnyr\u00eb aktive t\u00eb preferuar\u00ebn tuaj!<\/p>\n<p>D\u00ebshironi t\u00eb dini? <strong>si ta ndiqni reality show-n dhe ku ta shikoni Gran Hermano live<\/strong>? Pra, klikoni n\u00eb linkun e m\u00ebposht\u00ebm dhe zbuloni t\u00eb gjitha opsionet e disponueshme n\u00eb m\u00ebnyr\u00eb q\u00eb t\u00eb mos humbisni asgj\u00eb nga ky edicion elektrizues!<\/p>\n<p>\ud83d\ude80 <strong>Mos e humbisni! Kliko tani dhe shiko si t\u00eb ndjek\u00ebsh \u00e7do moment t\u00eb Gran Hermano!<\/strong><\/p>\n<p><a href=\"http:\/\/bluerabbitech.com\"><img loading=\"lazy\" decoding=\"async\" class=\"size-medium wp-image-2676 aligncenter\" src=\"http:\/\/bluerabbitech.com\/wp-content\/uploads\/2025\/03\/gran-hermanooo-300x169.jpg\" alt=\"\" width=\"300\" height=\"169\" srcset=\"https:\/\/bluerabbitech.com\/wp-content\/uploads\/2025\/03\/gran-hermanooo-300x169.jpg 300w, https:\/\/bluerabbitech.com\/wp-content\/uploads\/2025\/03\/gran-hermanooo-1024x576.jpg 1024w, https:\/\/bluerabbitech.com\/wp-content\/uploads\/2025\/03\/gran-hermanooo-768x432.jpg 768w, https:\/\/bluerabbitech.com\/wp-content\/uploads\/2025\/03\/gran-hermanooo-18x10.jpg 18w, https:\/\/bluerabbitech.com\/wp-content\/uploads\/2025\/03\/gran-hermanooo.jpg 1200w\" sizes=\"auto, (max-width: 300px) 100vw, 300px\" \/><\/a><\/p>","protected":false},"excerpt":{"rendered":"<p>Se voc\u00ea \u00e9 apaixonado por reality shows, sabe que Gran Hermano \u00e9 uma das competi\u00e7\u00f5es mais eletrizantes da TV! Com estrat\u00e9gias, elimina\u00e7\u00f5es inesperadas e din\u00e2micas&#8230;<\/p>","protected":false},"author":1,"featured_media":0,"parent":0,"menu_order":0,"comment_status":"closed","ping_status":"closed","template":"","meta":{"footnotes":""},"class_list":["post-2675","page","type-page","status-publish","hentry"],"_links":{"self":[{"href":"https:\/\/bluerabbitech.com\/sq\/wp-json\/wp\/v2\/pages\/2675","targetHints":{"allow":["GET"]}}],"collection":[{"href":"https:\/\/bluerabbitech.com\/sq\/wp-json\/wp\/v2\/pages"}],"about":[{"href":"https:\/\/bluerabbitech.com\/sq\/wp-json\/wp\/v2\/types\/page"}],"author":[{"embeddable":true,"href":"https:\/\/bluerabbitech.com\/sq\/wp-json\/wp\/v2\/users\/1"}],"replies":[{"embeddable":true,"href":"https:\/\/bluerabbitech.com\/sq\/wp-json\/wp\/v2\/comments?post=2675"}],"version-history":[{"count":3,"href":"https:\/\/bluerabbitech.com\/sq\/wp-json\/wp\/v2\/pages\/2675\/revisions"}],"predecessor-version":[{"id":2680,"href":"https:\/\/bluerabbitech.com\/sq\/wp-json\/wp\/v2\/pages\/2675\/revisions\/2680"}],"wp:attachment":[{"href":"https:\/\/bluerabbitech.com\/sq\/wp-json\/wp\/v2\/media?parent=2675"}],"curies":[{"name":"wp","href":"https:\/\/api.w.org\/{rel}","templated":true}]}}