{"id":1244,"date":"2024-01-08T21:18:15","date_gmt":"2024-01-09T00:18:15","guid":{"rendered":"http:\/\/bluerabbitech.com\/?page_id=1244"},"modified":"2024-01-08T21:18:15","modified_gmt":"2024-01-09T00:18:15","slug":"quem-somos","status":"publish","type":"page","link":"https:\/\/bluerabbitech.com\/tr\/quem-somos\/","title":{"rendered":"Biz Kimiz"},"content":{"rendered":"<p>Ho\u015f geldiniz <strong>BlueRabbitTech<\/strong>, 2023 y\u0131l\u0131nda teknoloji ve inovasyon merakl\u0131lar\u0131 i\u00e7in \u00f6zel bir merkez olarak ba\u015flat\u0131ld\u0131. Misyonumuz, bilgiye ve teknolojik bilgiye eri\u015fimi demokratikle\u015ftirerek dijital d\u00fcnyan\u0131n karma\u015f\u0131kl\u0131\u011f\u0131n\u0131 basitle\u015ftirmektir.<\/p>\n<p>S\u00fcrekli geli\u015fen teknoloji ortam\u0131nda gezinmek i\u00e7in net, y\u00fcksek kaliteli bilgilerin hayati \u00f6nem ta\u015f\u0131d\u0131\u011f\u0131na inan\u0131yoruz. <strong>BlueRabbitTech<\/strong>Okuyucular\u0131m\u0131za yaln\u0131zca bilgi vermekle kalmay\u0131p, ayn\u0131 zamanda ilham verip g\u00fc\u00e7 katan g\u00fcvenilir analizler, k\u0131lavuzlar ve i\u00e7g\u00f6r\u00fcler sunmaya kendimizi adad\u0131k.<\/p>\n<p>Ekibimiz, bilgi ve deneyimlerini payla\u015fmaya kendini adam\u0131\u015f tutkulu teknoloji profesyonellerinden olu\u015fuyor. Her bir i\u00e7erik par\u00e7as\u0131n\u0131n merakl\u0131lardan sekt\u00f6r profesyonellerine kadar herkes i\u00e7in eri\u015filebilir, alakal\u0131 ve de\u011ferli olmas\u0131n\u0131 sa\u011flamak i\u00e7in \u00e7abal\u0131yoruz.<\/p>\n<p>D\u00fc\u011f\u00fcm <strong>BlueRabbitTech<\/strong>, teknolojik bilgileri daha anla\u015f\u0131l\u0131r ve uygulanabilir hale getirmenin yeni yollar\u0131n\u0131 her zaman ar\u0131yoruz. Bu ke\u015fif ve yenilik yolculu\u011funa kat\u0131l\u0131n ve dijital d\u00fcnyan\u0131n en iyileriyle g\u00fcncel kal\u0131n!<\/p>","protected":false},"excerpt":{"rendered":"<p>Bem-vindo ao BlueRabbitTech, lan\u00e7ado em 2023 como um hub dedicado para os entusiastas de tecnologia e inova\u00e7\u00e3o. Nossa miss\u00e3o \u00e9 simplificar a complexidade do mundo&#8230;<\/p>","protected":false},"author":1,"featured_media":0,"parent":0,"menu_order":0,"comment_status":"closed","ping_status":"closed","template":"","meta":{"footnotes":""},"class_list":["post-1244","page","type-page","status-publish","hentry"],"_links":{"self":[{"href":"https:\/\/bluerabbitech.com\/tr\/wp-json\/wp\/v2\/pages\/1244","targetHints":{"allow":["GET"]}}],"collection":[{"href":"https:\/\/bluerabbitech.com\/tr\/wp-json\/wp\/v2\/pages"}],"about":[{"href":"https:\/\/bluerabbitech.com\/tr\/wp-json\/wp\/v2\/types\/page"}],"author":[{"embeddable":true,"href":"https:\/\/bluerabbitech.com\/tr\/wp-json\/wp\/v2\/users\/1"}],"replies":[{"embeddable":true,"href":"https:\/\/bluerabbitech.com\/tr\/wp-json\/wp\/v2\/comments?post=1244"}],"version-history":[{"count":1,"href":"https:\/\/bluerabbitech.com\/tr\/wp-json\/wp\/v2\/pages\/1244\/revisions"}],"predecessor-version":[{"id":1245,"href":"https:\/\/bluerabbitech.com\/tr\/wp-json\/wp\/v2\/pages\/1244\/revisions\/1245"}],"wp:attachment":[{"href":"https:\/\/bluerabbitech.com\/tr\/wp-json\/wp\/v2\/media?parent=1244"}],"curies":[{"name":"wp","href":"https:\/\/api.w.org\/{rel}","templated":true}]}}