{"id":1248,"date":"2024-01-08T21:20:55","date_gmt":"2024-01-09T00:20:55","guid":{"rendered":"http:\/\/bluerabbitech.com\/?page_id=1248"},"modified":"2024-01-08T21:20:55","modified_gmt":"2024-01-09T00:20:55","slug":"politica-de-privacidade","status":"publish","type":"page","link":"https:\/\/bluerabbitech.com\/tr\/politica-de-privacidade\/","title":{"rendered":"Gizlilik Politikas\u0131"},"content":{"rendered":"<p><strong>\u00c7erezler Nelerdir?<\/strong> BlueRabbitTech&#039;te, web sitemizde gezinme deneyiminizi geli\u015ftiren k\u00fc\u00e7\u00fck dosyalar olan \u00e7erezleri kullan\u0131yoruz. Bu b\u00f6l\u00fcmde \u00e7erezlerin rol\u00fc, bunlar\u0131 nas\u0131l kulland\u0131\u011f\u0131m\u0131z ve bazen neden gerekli olduklar\u0131 a\u00e7\u0131klanmaktad\u0131r. Ayr\u0131ca sitenin i\u015flevselli\u011fini etkileyebilecek bu \u00e7erezlerin depolanmas\u0131n\u0131 nas\u0131l \u00f6nleyebilece\u011finizi de ayr\u0131nt\u0131l\u0131 olarak a\u00e7\u0131klayaca\u011f\u0131z.<\/p>\n<p><strong>\u00c7erezlerin Kullan\u0131m\u0131<\/strong> \u00c7erezleri farkl\u0131 ama\u00e7larla kullan\u0131yoruz, bunlar\u0131 a\u015fa\u011f\u0131da a\u00e7\u0131klayaca\u011f\u0131z. \u00c7erezleri devre d\u0131\u015f\u0131 b\u0131rakmak genellikle web sitesinin i\u015flevselli\u011fini etkileyebilece\u011finden, etkin tutman\u0131z\u0131 \u00f6neririz.<\/p>\n<p><strong>\u00c7erezler Nas\u0131l Devre D\u0131\u015f\u0131 B\u0131rak\u0131l\u0131r<\/strong> Taray\u0131c\u0131n\u0131z\u0131n ayarlar\u0131n\u0131 d\u00fczenleyerek \u00e7erezlerin ayarlanmas\u0131n\u0131 engelleyebilirsiniz. Ancak \u00e7erezleri devre d\u0131\u015f\u0131 b\u0131rakman\u0131n web sitemizin ve di\u011fer web sitelerinin i\u015flevselli\u011fini s\u0131n\u0131rlayabilece\u011fini l\u00fctfen unutmay\u0131n.<\/p>\n<p><strong>Kulland\u0131\u011f\u0131m\u0131z \u00c7erezler<\/strong><\/p>\n<ol>\n<li><strong>Site Yap\u0131land\u0131rma \u00c7erezleri<\/strong>:Gelecekteki ziyaretlerinizde tercihlerinizi hat\u0131rlayarak deneyiminizi ki\u015fiselle\u015ftirmek i\u00e7in \u00e7erezleri kullan\u0131yoruz.<\/li>\n<li><strong>Ortak \u00c7erezler<\/strong>:Baz\u0131 durumlarda ortak \u00e7erezleri kullan\u0131r\u0131z. Bu \u00e7erezlere ili\u015fkin ayr\u0131nt\u0131l\u0131 bilgi a\u015fa\u011f\u0131da verilmi\u015ftir.<\/li>\n<li><strong>Google Analitik<\/strong>:Kullan\u0131c\u0131lar\u0131n web sitemizle etkile\u015fimini analiz etmek i\u00e7in ziyaret s\u00fcresi ve ziyaret edilen sayfalar gibi verileri toplayan Google Analytics kullan\u0131yoruz.<\/li>\n<li><strong>Google AdSense<\/strong>: Reklamc\u0131l\u0131k i\u00e7in, ilgili reklamlar\u0131 g\u00f6stermek ve belirli bir reklam\u0131n ne s\u0131kl\u0131kla g\u00f6sterilece\u011fini kontrol etmek i\u00e7in DoubleClick \u00e7erezini kullanan AdSense&#039;i kullan\u0131yoruz.<\/li>\n<\/ol>\n<p><strong>Ek Bilgiler<\/strong> Bu bilgilerin \u00e7erez politikam\u0131z\u0131 anlaman\u0131za yard\u0131mc\u0131 olmas\u0131n\u0131 umuyoruz. En iyi web sitesi deneyimi i\u00e7in \u00e7erezlerin etkin tutulmas\u0131 \u00f6nerilir. Daha fazla bilgi i\u00e7in l\u00fctfen bizimle ileti\u015fime ge\u00e7in: <a target=\"_new\" rel=\"noopener\">contato@bluerabbitech.com<\/a>.<\/p>","protected":false},"excerpt":{"rendered":"<p>O que s\u00e3o Cookies? No BlueRabbitTech, usamos cookies &#8211; pequenos arquivos que aprimoram sua experi\u00eancia de navega\u00e7\u00e3o em nosso site. Esta se\u00e7\u00e3o esclarece o papel&#8230;<\/p>","protected":false},"author":1,"featured_media":0,"parent":0,"menu_order":0,"comment_status":"closed","ping_status":"closed","template":"","meta":{"footnotes":""},"class_list":["post-1248","page","type-page","status-publish","hentry"],"_links":{"self":[{"href":"https:\/\/bluerabbitech.com\/tr\/wp-json\/wp\/v2\/pages\/1248","targetHints":{"allow":["GET"]}}],"collection":[{"href":"https:\/\/bluerabbitech.com\/tr\/wp-json\/wp\/v2\/pages"}],"about":[{"href":"https:\/\/bluerabbitech.com\/tr\/wp-json\/wp\/v2\/types\/page"}],"author":[{"embeddable":true,"href":"https:\/\/bluerabbitech.com\/tr\/wp-json\/wp\/v2\/users\/1"}],"replies":[{"embeddable":true,"href":"https:\/\/bluerabbitech.com\/tr\/wp-json\/wp\/v2\/comments?post=1248"}],"version-history":[{"count":1,"href":"https:\/\/bluerabbitech.com\/tr\/wp-json\/wp\/v2\/pages\/1248\/revisions"}],"predecessor-version":[{"id":1249,"href":"https:\/\/bluerabbitech.com\/tr\/wp-json\/wp\/v2\/pages\/1248\/revisions\/1249"}],"wp:attachment":[{"href":"https:\/\/bluerabbitech.com\/tr\/wp-json\/wp\/v2\/media?parent=1248"}],"curies":[{"name":"wp","href":"https:\/\/api.w.org\/{rel}","templated":true}]}}