{"id":1250,"date":"2024-01-08T21:21:24","date_gmt":"2024-01-09T00:21:24","guid":{"rendered":"http:\/\/bluerabbitech.com\/?page_id=1250"},"modified":"2024-01-08T21:21:24","modified_gmt":"2024-01-09T00:21:24","slug":"termos-de-uso","status":"publish","type":"page","link":"https:\/\/bluerabbitech.com\/tr\/termos-de-uso\/","title":{"rendered":"Kullan\u0131m \u015eartlar\u0131"},"content":{"rendered":"<p><strong>BlueRabbitTech&#039;in \u00c7erez Politikas\u0131na Ho\u015f Geldiniz<\/strong><\/p>\n<p><strong>\u00c7erezler Nelerdir?<\/strong> BlueRabbitTech&#039;te, bir\u00e7ok web sitesi gibi, tarama deneyiminizi iyile\u015ftiren k\u00fc\u00e7\u00fck dosyalar olan \u00e7erezleri kullan\u0131yoruz. Bunlar cihaz\u0131n\u0131za aktar\u0131l\u0131r ve bizimle etkile\u015fiminizin ki\u015fiselle\u015ftirilmesine ve optimize edilmesine yard\u0131mc\u0131 olur. Bu b\u00f6l\u00fcmde \u00e7erezlerin neleri toplad\u0131\u011f\u0131, bunlar\u0131 nas\u0131l kulland\u0131\u011f\u0131m\u0131z ve belirli durumlarda bunlar\u0131 saklaman\u0131n gereklili\u011fi a\u00e7\u0131klanmaktad\u0131r. Ayr\u0131ca, bu \u00e7erezleri nas\u0131l reddedebilece\u011finizi de ayr\u0131nt\u0131l\u0131 olarak a\u00e7\u0131klayaca\u011f\u0131z; ancak bu, sitenin i\u015flevselli\u011fini etkileyebilir.<\/p>\n<p><strong>Neden \u00c7erez Kullan\u0131yoruz?<\/strong> \u00c7erez kullan\u0131m\u0131m\u0131z birka\u00e7 temel amaca hizmet eder. Web sitesinin i\u015flevselli\u011fini tehlikeye atmadan \u00e7erezleri devre d\u0131\u015f\u0131 b\u0131rakman\u0131n end\u00fcstri standard\u0131 bir alternatifi genellikle bulunmamaktad\u0131r. Bu nedenle, bunlara ihtiyac\u0131n\u0131z olmad\u0131\u011f\u0131ndan emin olmad\u0131\u011f\u0131n\u0131z s\u00fcrece \u00e7erezleri etkin tutman\u0131z\u0131 \u00f6neririz.<\/p>\n<p><strong>\u00c7erezler Nas\u0131l Engellenir<\/strong> \u00c7erezleri engellemek i\u00e7in taray\u0131c\u0131n\u0131z\u0131n ayarlar\u0131n\u0131 d\u00fczenleyin. Ancak bunlar\u0131 devre d\u0131\u015f\u0131 b\u0131rakman\u0131n yaln\u0131zca web sitemizdeki deneyiminizi de\u011fil, ziyaret etti\u011finiz di\u011fer web sitelerindeki deneyiminizi de etkileyebilece\u011fini l\u00fctfen unutmay\u0131n.<\/p>\n<p><strong>Kulland\u0131\u011f\u0131m\u0131z \u00c7erez T\u00fcrleri<\/strong><\/p>\n<ol>\n<li><strong>Site Yap\u0131land\u0131rma \u00c7erezleri<\/strong>: Gelecekteki ziyaretlerinizde tercihlerinizi hat\u0131rlayarak deneyiminizi ki\u015fiselle\u015ftirmek i\u00e7in kullan\u0131l\u0131r.<\/li>\n<li><strong>Ortak \u00c7erezler<\/strong>: A\u015fa\u011f\u0131da ayr\u0131nt\u0131lar\u0131 verilecek olan belirli i\u015flevler i\u00e7in ortak \u015firketlerden \u00e7erezler kullan\u0131yoruz.<\/li>\n<\/ol>\n<p><strong>Analitik ve Reklam Ara\u00e7lar\u0131<\/strong><\/p>\n<ol>\n<li><strong>Google Analitik<\/strong>:Web sitemizle etkile\u015fiminizi anlamak ve geli\u015ftirmek amac\u0131yla Google Analytics kullan\u0131yoruz. Bu \u00e7erezler ziyaretinizin uzunlu\u011fu ve eri\u015fti\u011finiz sayfalar gibi \u015feyleri izler.<\/li>\n<li><strong>Google AdSense<\/strong>:\u0130lgili reklamlar\u0131 g\u00f6r\u00fcnt\u00fcleyebilmek i\u00e7in DoubleClick \u00e7erezi kullanan AdSense&#039;i kullan\u0131yoruz.<\/li>\n<\/ol>\n<p><strong>Ek Bilgiler<\/strong> Bu politikan\u0131n \u00e7erezlerin \u00f6nemini a\u00e7\u0131kl\u0131\u011fa kavu\u015fturmas\u0131n\u0131 umuyoruz. Optimize edilmi\u015f bir web sitesi deneyimi i\u00e7in \u00e7erezlerin etkin tutulmas\u0131 \u00f6nerilir. Daha fazla bilgi i\u00e7in l\u00fctfen bizimle ileti\u015fime ge\u00e7in: <a target=\"_new\" rel=\"noopener\">contato@bluerabbitech.com<\/a>.<\/p>","protected":false},"excerpt":{"rendered":"<p>Bem-vindo \u00e0 Pol\u00edtica de Cookies do BlueRabbitTech O que s\u00e3o Cookies? No BlueRabbitTech, assim como em muitos sites, utilizamos cookies &#8211; pequenos arquivos que melhoram&#8230;<\/p>","protected":false},"author":1,"featured_media":0,"parent":0,"menu_order":0,"comment_status":"closed","ping_status":"closed","template":"","meta":{"footnotes":""},"class_list":["post-1250","page","type-page","status-publish","hentry"],"_links":{"self":[{"href":"https:\/\/bluerabbitech.com\/tr\/wp-json\/wp\/v2\/pages\/1250","targetHints":{"allow":["GET"]}}],"collection":[{"href":"https:\/\/bluerabbitech.com\/tr\/wp-json\/wp\/v2\/pages"}],"about":[{"href":"https:\/\/bluerabbitech.com\/tr\/wp-json\/wp\/v2\/types\/page"}],"author":[{"embeddable":true,"href":"https:\/\/bluerabbitech.com\/tr\/wp-json\/wp\/v2\/users\/1"}],"replies":[{"embeddable":true,"href":"https:\/\/bluerabbitech.com\/tr\/wp-json\/wp\/v2\/comments?post=1250"}],"version-history":[{"count":1,"href":"https:\/\/bluerabbitech.com\/tr\/wp-json\/wp\/v2\/pages\/1250\/revisions"}],"predecessor-version":[{"id":1251,"href":"https:\/\/bluerabbitech.com\/tr\/wp-json\/wp\/v2\/pages\/1250\/revisions\/1251"}],"wp:attachment":[{"href":"https:\/\/bluerabbitech.com\/tr\/wp-json\/wp\/v2\/media?parent=1250"}],"curies":[{"name":"wp","href":"https:\/\/api.w.org\/{rel}","templated":true}]}}